{"id":1050,"date":"2025-01-07T14:19:59","date_gmt":"2025-01-07T13:19:59","guid":{"rendered":"https:\/\/www.phira.es\/contacto\/"},"modified":"2025-05-28T13:29:58","modified_gmt":"2025-05-28T11:29:58","slug":"kontakt","status":"publish","type":"page","link":"https:\/\/www.phira.es\/de\/kontakt\/","title":{"rendered":"Kontakt"},"content":{"rendered":"\n<div class=\"wp-block-phira-cabecera mod-cabecera fina\"><div class=\"slider\">\n<div class=\"wp-block-phira-cabecera-interior slide\"><div class=\"maq-contenidor\" style=\"backdrop-filter: blur(0px)\"><div class=\"text\">\n<p class=\"is-style-com_titular_3 has-blanc-color has-text-color has-link-color wp-elements-2c092cfb948781ba960edce4c2931785\" style=\"font-size:45px\">Kontakt<\/p>\n<\/div><\/div><div class=\"image\" style=\"background-image:url(https:\/\/www.phira.es\/wp-content\/uploads\/img-CTA-compra-online-1920x700px-1.jpg)\"><\/div><div style=\"background: #000; opacity: calc(50\/100);\" class=\"capa-color\"><\/div><\/div>\n<\/div><\/div>\n\n\n\n<div class=\"wp-block-columns is-layout-flex wp-container-core-columns-is-layout-9d6595d7 wp-block-columns-is-layout-flex\">\n<div class=\"wp-block-column is-layout-flow wp-block-column-is-layout-flow\" style=\"flex-basis:100%\">\n<div class=\"wp-block-phira-franja mod-franja sense_background marge-superior- marge-inferior- padding_fondo _alineacio_\" data-aos=\"off\" data-aos-delay=\"aos_delay\"><div class=\"maq-contenidor estreta\"><div class=\"maq-inner\">\n<div style=\"height:49px\" aria-hidden=\"true\" class=\"wp-block-spacer\"><\/div>\n\n\n\n<div class=\"wp-block-columns is-layout-flex wp-container-core-columns-is-layout-9d6595d7 wp-block-columns-is-layout-flex\">\n<div class=\"wp-block-column is-layout-flow wp-block-column-is-layout-flow\" style=\"flex-basis:45%\">\n<p class=\"is-style-com_titular_3\">Kontaktieren Sie uns<\/p>\n\n\n\n<div style=\"height:20px\" aria-hidden=\"true\" class=\"wp-block-spacer\"><\/div>\n\n\n\n<p class=\"is-style-com_titular_4\" style=\"font-size:18px;line-height:1.5\">Wenn Sie mit uns in Kontakt treten m\u00f6chten, helfen wir Ihnen gerne weiter. Im Folgenden finden Sie unsere Kontaktdaten, damit Sie den f\u00fcr Sie passenden Weg w\u00e4hlen k\u00f6nnen.<\/p>\n\n\n\n<p class=\"is-style-com_titular_4\" style=\"font-size:18px;line-height:1.5\"><strong>PHIRA COMPONENTES DE AUTOMOCI\u00d3N,S.A.<\/strong><\/p>\n\n\n\n<p class=\"is-style-com_titular_4\" style=\"font-size:18px\">+34 934 808 314<\/p>\n\n\n\n<p class=\"is-style-com_titular_4\" style=\"font-size:18px\">URGENCIAS +34 934 808 473<\/p>\n\n\n\n<p class=\"is-style-com_titular_4\" style=\"font-size:18px\"><\/p>\n\n\n\n<p class=\"is-style-com_titular_4\" style=\"font-size:24px\"> <a href=\"mailto:phira@phira.es\" target=\"_blank\" rel=\"noreferrer noopener\">phira@phira.es<\/a><\/p>\n\n\n\n<p class=\"is-style-com_titular_4 has-negro-color has-text-color has-link-color wp-elements-32bc175a93db80c2153204b74604f7b0\" style=\"font-size:18px\">C\/ Narc\u00eds Monturiol, 48 P.I. Fontsanta<br>08970 Sant Joan Despi &#8211; Barcelona<\/p>\n\n\n\n<p class=\"is-style-com_titular_4 has-negro-color has-text-color has-link-color wp-elements-de4eb3195d1b31198cf0a3b566500d04\" style=\"font-size:18px\">Ronda de l&#8217;Albornar, 28-32 P.I. Albornar<br>43710 Santa Oliva &#8211; Tarragona<\/p>\n\n\n\n<p class=\"is-style-com_titular_4 has-negro-color has-text-color has-link-color wp-elements-19722d88a0352085beaba27f308ea0c2\" style=\"font-size:18px\">C\/ Grabadores 3, Nave 7\u00a0<br>28830 San Fernando de Henares \u2013 Madrid<\/p>\n<\/div>\n\n\n\n<div class=\"wp-block-column is-layout-flow wp-block-column-is-layout-flow\" style=\"flex-basis:55%\"><div class=\"frm_forms  with_frm_style frm_style_estilo-de-formidable\" id=\"frm_form_4_container\" >\n<form enctype=\"multipart\/form-data\" method=\"post\" class=\"frm-show-form \" id=\"form_contact-form222\" >\n<div class=\"frm_form_fields \">\n<fieldset>\n<legend class=\"frm_screen_reader\">Contact Us<\/legend>\r\n\r\n<div class=\"frm_fields_container\">\n<input type=\"hidden\" name=\"frm_action\" value=\"create\" \/>\n<input type=\"hidden\" name=\"form_id\" value=\"4\" \/>\n<input type=\"hidden\" name=\"frm_hide_fields_4\" id=\"frm_hide_fields_4\" value=\"\" \/>\n<input type=\"hidden\" name=\"form_key\" value=\"contact-form222\" \/>\n<input type=\"hidden\" name=\"item_meta[0]\" value=\"\" \/>\n<input type=\"hidden\" id=\"frm_submit_entry_4\" name=\"frm_submit_entry_4\" value=\"04542ac305\" \/><input type=\"hidden\" name=\"_wp_http_referer\" value=\"\/de\/wp-json\/wp\/v2\/pages\/1050\" \/><div id=\"frm_field_28_container\" class=\"frm_form_field form-field  frm_required_field frm_top_container frm_first frm_half\">\r\n\t<label for=\"field_qh4icy32\" id=\"field_qh4icy32_label\" class=\"frm_primary_label\">Vorname\r\n\t\t<span class=\"frm_required\" aria-hidden=\"true\">*<\/span>\r\n\t<\/label>\r\n\t<input type=\"text\" id=\"field_qh4icy32\" name=\"item_meta[28]\" value=\"\"  data-reqmsg=\"Vorname no puede estar en blanco.\" aria-required=\"true\" data-invmsg=\"Vorname no es v\u00e1lido\" aria-invalid=\"false\"  \/>\r\n\t\r\n\t\r\n<\/div>\n<div id=\"frm_field_29_container\" class=\"frm_form_field form-field  frm_required_field frm_hidden_container frm_half\">\r\n\t<label for=\"field_ocfup132\" id=\"field_ocfup132_label\" class=\"frm_primary_label\">Nachname\r\n\t\t<span class=\"frm_required\" aria-hidden=\"true\">*<\/span>\r\n\t<\/label>\r\n\t<input type=\"text\" id=\"field_ocfup132\" name=\"item_meta[29]\" value=\"\"  data-reqmsg=\"Nachname no puede estar en blanco.\" aria-required=\"true\" data-invmsg=\"Nachname no es v\u00e1lido\" aria-invalid=\"false\"  \/>\r\n\t\r\n\t\r\n<\/div>\n<div id=\"frm_field_30_container\" class=\"frm_form_field form-field  frm_required_field frm_top_container frm_full\">\r\n\t<label for=\"field_29yf4d32\" id=\"field_29yf4d32_label\" class=\"frm_primary_label\">Email\r\n\t\t<span class=\"frm_required\" aria-hidden=\"true\">*<\/span>\r\n\t<\/label>\r\n\t<input type=\"email\" id=\"field_29yf4d32\" name=\"item_meta[30]\" value=\"\"  data-reqmsg=\"Email no puede estar en blanco.\" aria-required=\"true\" data-invmsg=\"Please enter a valid email address\" aria-invalid=\"false\"  \/>\r\n\t\r\n\t\r\n<\/div>\n<div id=\"frm_field_31_container\" class=\"frm_form_field form-field  frm_required_field frm_top_container frm_full\">\r\n\t<label for=\"field_e6lis632\" id=\"field_e6lis632_label\" class=\"frm_primary_label\">Betreff\r\n\t\t<span class=\"frm_required\" aria-hidden=\"true\">*<\/span>\r\n\t<\/label>\r\n\t<input type=\"text\" id=\"field_e6lis632\" name=\"item_meta[31]\" value=\"\"  data-reqmsg=\"Betreff no puede estar en blanco.\" aria-required=\"true\" data-invmsg=\"Betreff no es v\u00e1lido\" aria-invalid=\"false\"  \/>\r\n\t\r\n\t\r\n<\/div>\n<div id=\"frm_field_32_container\" class=\"frm_form_field form-field  frm_required_field frm_top_container frm_full\">\r\n\t<label for=\"field_9jv0r132\" id=\"field_9jv0r132_label\" class=\"frm_primary_label\">Nachricht\r\n\t\t<span class=\"frm_required\" aria-hidden=\"true\">*<\/span>\r\n\t<\/label>\r\n\t<textarea name=\"item_meta[32]\" id=\"field_9jv0r132\" rows=\"5\"  data-reqmsg=\"Nachricht no puede estar en blanco.\" aria-required=\"true\" data-invmsg=\"Nachricht is invalid\" aria-invalid=\"false\"  ><\/textarea>\r\n\t\r\n\t\r\n<\/div>\n<div id=\"frm_field_33_container\" class=\"frm_form_field form-field  frm_required_field frm_top_container vertical_radio\">\r\n\t<div  id=\"field_5uwux32_label\" class=\"frm_primary_label\">Pflichtfeld\r\n\t\t<span class=\"frm_required\" aria-hidden=\"true\">*<\/span>\r\n\t<\/div>\r\n\t<div class=\"frm_opt_container\" aria-labelledby=\"field_5uwux32_label\" role=\"group\">\t\t<div class=\"frm_checkbox\" id=\"frm_checkbox_33-0\">\t\t\t<label  for=\"field_5uwux32-0\">\n\t\t\t<input type=\"checkbox\" name=\"item_meta[33][]\" id=\"field_5uwux32-0\" value=\"Ich best\u00e4tige, die Datenschutzrichtlinie gelesen und akzeptiert zu haben.\"  data-reqmsg=\"Pflichtfeld no puede estar en blanco.\" data-invmsg=\"Pflichtfeld is invalid\"   aria-required=\"true\"  \/> Ich best\u00e4tige, die Datenschutzrichtlinie gelesen und akzeptiert zu haben.<\/label><\/div>\n<\/div>\r\n\t\r\n\t\r\n<\/div>\n<div id=\"frm_field_34_container\" class=\"frm_form_field form-field  frm_none_container frm_half\">\r\n\t<label for=\"g-recaptcha-response\" id=\"field_gnqw732_label\" class=\"frm_primary_label\">Captcha\r\n\t\t<span class=\"frm_required\" aria-hidden=\"true\"><\/span>\r\n\t<\/label>\r\n\t\r\n\t\r\n\t\r\n<\/div>\n<div id=\"frm_field_35_container\" class=\"frm_form_field form-field \">\r\n\t<div class=\"frm_submit frm_flex\">\r\n<button class=\"frm_button_submit\" type=\"submit\"  >SENDEN<\/button>\r\n\r\n\r\n\r\n<\/div>\r\n<\/div>\n\t<input type=\"hidden\" name=\"item_key\" value=\"\" \/>\n\t\t\t<div id=\"frm_field_36_container\">\n\t\t\t<label for=\"field_d1b0k\" >\n\t\t\t\tIf you are human, leave this field blank.\t\t\t<\/label>\n\t\t\t<input  id=\"field_d1b0k\" type=\"text\" class=\"frm_form_field form-field frm_verify\" name=\"item_meta[36]\" value=\"\"  \/>\n\t\t<\/div>\n\t\t<input name=\"frm_state\" type=\"hidden\" value=\"RoFWl4VJ4vY28nIAZ4++ltc7RwyRyCJoTn2O0iiWWCk=\" \/><\/div>\n<\/fieldset>\n<\/div>\n\n<\/form>\n<\/div>\n\n<\/div>\n<\/div>\n<\/div><\/div><div class=\"background\"><\/div><\/div>\n<\/div>\n<\/div>\n\n\n\t\t<div\n            id=\"wpmapblock_07031aff\"\n            data-settings='{&quot;map_marker&quot;:[{&quot;id&quot;:&quot;0&quot;,&quot;lat&quot;:&quot;41.366646&quot;,&quot;lng&quot;:&quot;2.053733&quot;,&quot;title&quot;:&quot;Phira Componentes Automoci\\u00f3n, S.A.&quot;,&quot;content&quot;:&quot;Carrer de Narc\\u00eds Monturiol, 48, 08970 Sant Joan Desp\\u00ed, Barcelona&quot;,&quot;iconType&quot;:&quot;custom&quot;,&quot;customIconUrl&quot;:&quot;https:\\\/\\\/www.phira.es\\\/wp-content\\\/uploads\\\/icono-ubicacion-mapa.png&quot;,&quot;customIconWidth&quot;:&quot;25&quot;,&quot;customIconHeight&quot;:&quot;40&quot;}],&quot;map_zoom&quot;:&quot;17&quot;,&quot;scroll_wheel_zoom&quot;:false,&quot;map_type&quot;:&quot;GM&quot;,&quot;center_index&quot;:0}'\n            class=\"wpmapblockrender\"\n            style=\"\n\t\t\twidth: 100%;\n\t\t\theight: 450px;\n\t\t\"\n            >\n        <\/div>\n        ","protected":false},"excerpt":{"rendered":"","protected":false},"author":1,"featured_media":0,"parent":0,"menu_order":0,"comment_status":"closed","ping_status":"closed","template":"","meta":{"_acf_changed":false,"footnotes":""},"class_list":["post-1050","page","type-page","status-publish","hentry"],"acf":[],"_links":{"self":[{"href":"https:\/\/www.phira.es\/de\/wp-json\/wp\/v2\/pages\/1050","targetHints":{"allow":["GET"]}}],"collection":[{"href":"https:\/\/www.phira.es\/de\/wp-json\/wp\/v2\/pages"}],"about":[{"href":"https:\/\/www.phira.es\/de\/wp-json\/wp\/v2\/types\/page"}],"author":[{"embeddable":true,"href":"https:\/\/www.phira.es\/de\/wp-json\/wp\/v2\/users\/1"}],"replies":[{"embeddable":true,"href":"https:\/\/www.phira.es\/de\/wp-json\/wp\/v2\/comments?post=1050"}],"version-history":[{"count":3,"href":"https:\/\/www.phira.es\/de\/wp-json\/wp\/v2\/pages\/1050\/revisions"}],"predecessor-version":[{"id":1419,"href":"https:\/\/www.phira.es\/de\/wp-json\/wp\/v2\/pages\/1050\/revisions\/1419"}],"wp:attachment":[{"href":"https:\/\/www.phira.es\/de\/wp-json\/wp\/v2\/media?parent=1050"}],"curies":[{"name":"wp","href":"https:\/\/api.w.org\/{rel}","templated":true}]}}