{"id":1056,"date":"2025-01-07T12:33:22","date_gmt":"2025-01-07T11:33:22","guid":{"rendered":"https:\/\/www.phira.es\/servicios\/"},"modified":"2025-05-20T11:56:40","modified_gmt":"2025-05-20T09:56:40","slug":"dienstleistungen","status":"publish","type":"page","link":"https:\/\/www.phira.es\/de\/dienstleistungen\/","title":{"rendered":"Dienstleistungen"},"content":{"rendered":"\n<div class=\"wp-block-phira-cabecera mod-cabecera\"><div class=\"slider\">\n<div class=\"wp-block-phira-cabecera-interior slide\"><div class=\"maq-contenidor\" style=\"backdrop-filter: blur(0px)\"><div class=\"text\">\n<p class=\"is-style-com_titular_3 has-blanc-color has-text-color has-link-color wp-elements-4bd6ffd9e373a32fadb1ffb47c6a8a04\" style=\"font-size:45px\">Dienstleistungen<\/p>\n\n\n\n<p class=\"is-style-com_titular_3 has-blanc-color has-text-color has-link-color wp-elements-dff22a2e78e8b68d33f1cfcfe9b0fb31\">Flexible Struktur mit hoher Reaktionsf\u00e4higkeit<\/p>\n<\/div><\/div><div class=\"image\" style=\"background-image:url(https:\/\/www.phira.es\/wp-content\/uploads\/02-img-slider-Servicios-phira.jpg)\"><\/div><div style=\"background: #000; opacity: calc(50\/100);\" class=\"capa-color\"><\/div><\/div>\n<\/div><\/div>\n\n\n\n<div class=\"wp-block-phira-franja mod-franja sense_background marge-superior- marge-inferior- padding_fondo _alineacio_\" data-aos=\"off\" data-aos-delay=\"aos_delay\"><div class=\"maq-contenidor estreta\"><div class=\"maq-inner\">\n<p class=\"has-text-align-center is-style-com_titular_4\" style=\"font-size:24px;line-height:1.7\">Wir bieten einen umfassenden Service, der auf die spezifischen Bed\u00fcrfnisse jedes Kunden zugeschnitten ist, mit Flexibilit\u00e4t, Schnelligkeit und pers\u00f6nlicher Betreuung. Dank logistischer Exzellenz, einem spezialisierten technischen Team und einem der gr\u00f6\u00dften Lagerbest\u00e4nde der Branche sind wir bereit, jede Anforderung effizient zu erf\u00fcllen &#8211; mit garantierter Qualit\u00e4t und Sorgfalt bei jeder Lieferung.<\/p>\n\n\n\n<p class=\"has-text-align-center is-style-com_titular_4\" style=\"font-size:24px;line-height:1.7\">Unser Engagement umfasst globale Logistikl\u00f6sungen, schnelle Lieferzeiten und einen umfassenden Katalog an Sto\u00dff\u00e4ngern und Bauteilen, angepasst an die Anforderungen des Marktes.<\/p>\n\n\n\n<p class=\"has-text-align-center is-style-com_titular_4\" style=\"font-size:24px;line-height:1.7\"><\/p>\n\n\n\n<p class=\"has-text-align-center is-style-com_titular_4\" style=\"font-size:24px\"><\/p>\n<\/div><\/div><div class=\"background\"><\/div><div class=\"capa-blur\" style=\"backdrop-filter: blur(0px)\"><\/div><div style=\"background: #000; opacity: calc(5\/100);\" class=\"capa-color\"><\/div><\/div>\n\n\n\n<div class=\"wp-block-phira-franja mod-franja sense_background marge-superior- marge-inferior- padding_fondo _alineacio_\" data-aos=\"off\" data-aos-delay=\"aos_delay\"><div class=\"maq-contenidor normal\"><div class=\"maq-inner\">\n<div class=\"wp-block-phira-landing mod-landing cols_3\"><div class=\"wrapper\"><div class=\"inner\">\n<div class=\"wp-block-phira-landing-interior col\"><div class=\"image_wrapper amb_filet\"><div class=\"img_wrapper\"><div class=\"image\" style=\"background-image:url(https:\/\/www.phira.es\/wp-content\/uploads\/img2.jpg)\"><\/div><\/div><div class=\"text\">\n<p class=\"is-style-com_titular_4_fil\">Logistik<\/p>\n\n\n\n<p class=\"is-style-com_titular_4\" style=\"font-size:20px;line-height:1.6\">Schnelle und zuverl\u00e4ssige Lieferung innerhalb von 24-48 Stunden in Spanien, mit 24-Stunden-Expressservice. Unsere Verpackungen gew\u00e4hrleisten maximalen Schutz w\u00e4hrend des Transports.<\/p>\n<\/div><\/div><\/div>\n\n\n\n<div class=\"wp-block-phira-landing-interior col\"><div class=\"image_wrapper amb_filet\"><div class=\"img_wrapper\"><div class=\"image\" style=\"background-image:url(https:\/\/www.phira.es\/wp-content\/uploads\/foto3.jpg)\"><\/div><\/div><div class=\"text\">\n<p class=\"is-style-com_titular_4_fil\">Lieferung<\/p>\n\n\n\n<p class=\"has-text-align-left is-style-com_titular_4\" style=\"font-size:20px;line-height:1.6\">Einer der gr\u00f6\u00dften Lagerbest\u00e4nde der Branche mit \u00fcber 15.000 m\u00b2 Fl\u00e4che und mehr als 1.000 verf\u00fcgbaren Referenzen. Angepasste Verpackungen, personalisierte Etiketten und vollst\u00e4ndige Verf\u00fcgbarkeit garantiert.<\/p>\n<\/div><\/div><\/div>\n\n\n\n<div class=\"wp-block-phira-landing-interior col\"><div class=\"image_wrapper amb_filet\"><div class=\"img_wrapper\"><div class=\"image\" style=\"background-image:url(https:\/\/www.phira.es\/wp-content\/uploads\/01-img-Servicios-phira.jpg)\"><\/div><\/div><div class=\"text\">\n<p class=\"is-style-com_titular_4_fil\">Kundendienst<\/p>\n\n\n\n<p class=\"is-style-com_titular_4\" style=\"font-size:20px;line-height:1.6\">Unser Team steht Ihnen jederzeit zur Verf\u00fcgung. Unsere Technik- und Qualit\u00e4tsabteilungen beantworten alle Fragen zu Produkten, Katalogen oder Werkstattanfragen.<\/p>\n<\/div><\/div><\/div>\n<\/div><\/div><\/div>\n<\/div><\/div><div class=\"background\"><\/div><\/div>\n\n\n\n<div class=\"wp-block-columns is-layout-flex wp-container-core-columns-is-layout-9d6595d7 wp-block-columns-is-layout-flex\">\n<div class=\"wp-block-column is-layout-flow wp-block-column-is-layout-flow\" style=\"flex-basis:33.33%\"><\/div>\n<\/div>\n\n\n\n<div class=\"wp-block-phira-cabecera mod-cabecera fina\"><div class=\"slider\">\n<div class=\"wp-block-phira-cabecera-interior slide\"><div class=\"maq-contenidor\" style=\"backdrop-filter: blur(0px)\"><div class=\"text\">\n<p class=\"has-text-align-center is-style-com_titular_3 has-gris-texto-color has-text-color has-link-color wp-elements-c829e79079d9978055513754c5a06ebb\">M\u00f6chten Sie mehr \u00fcber uns erfahren?<\/p>\n\n\n\n<div class=\"wp-block-buttons is-content-justification-center is-layout-flex wp-container-core-buttons-is-layout-16018d1d wp-block-buttons-is-layout-flex\">\n<div class=\"wp-block-button\"><a class=\"wp-block-button__link wp-element-button\" href=\"https:\/\/www.phira.es\/de\/contacto\/\">KONTAKT<\/a><\/div>\n<\/div>\n<\/div><\/div><div class=\"image\" style=\"background-image:url(https:\/\/www.phira.es\/wp-content\/uploads\/img-CTA-contacto-1920x700px-1.jpg)\"><\/div><\/div>\n<\/div><\/div>\n\n\n\n<p><\/p>\n","protected":false},"excerpt":{"rendered":"","protected":false},"author":1,"featured_media":0,"parent":0,"menu_order":0,"comment_status":"closed","ping_status":"closed","template":"","meta":{"_acf_changed":false,"footnotes":""},"class_list":["post-1056","page","type-page","status-publish","hentry"],"acf":[],"_links":{"self":[{"href":"https:\/\/www.phira.es\/de\/wp-json\/wp\/v2\/pages\/1056","targetHints":{"allow":["GET"]}}],"collection":[{"href":"https:\/\/www.phira.es\/de\/wp-json\/wp\/v2\/pages"}],"about":[{"href":"https:\/\/www.phira.es\/de\/wp-json\/wp\/v2\/types\/page"}],"author":[{"embeddable":true,"href":"https:\/\/www.phira.es\/de\/wp-json\/wp\/v2\/users\/1"}],"replies":[{"embeddable":true,"href":"https:\/\/www.phira.es\/de\/wp-json\/wp\/v2\/comments?post=1056"}],"version-history":[{"count":1,"href":"https:\/\/www.phira.es\/de\/wp-json\/wp\/v2\/pages\/1056\/revisions"}],"predecessor-version":[{"id":1283,"href":"https:\/\/www.phira.es\/de\/wp-json\/wp\/v2\/pages\/1056\/revisions\/1283"}],"wp:attachment":[{"href":"https:\/\/www.phira.es\/de\/wp-json\/wp\/v2\/media?parent=1056"}],"curies":[{"name":"wp","href":"https:\/\/api.w.org\/{rel}","templated":true}]}}