{"id":1068,"date":"2024-11-29T10:38:44","date_gmt":"2024-11-29T09:38:44","guid":{"rendered":"https:\/\/www.phira.es\/devoluciones\/"},"modified":"2025-05-20T11:55:46","modified_gmt":"2025-05-20T09:55:46","slug":"retouren","status":"publish","type":"page","link":"https:\/\/www.phira.es\/de\/retouren\/","title":{"rendered":"Retouren"},"content":{"rendered":"\n<div class=\"wp-block-phira-devoluciones-nacional mod-marcas\"><div class=\"callback-wrapper\"><div style=\"min-height: 80vh\"><div class=\"mod-franja\">\r\n\t<div class=\"maq-contenidor normal mod-capcalera-api\">\r\n\t\t<div class=\"breadcrumb\"><a href=\"https:\/\/www.phira.es\/de\/\">Home<\/a> \/ R\u00fcckerstattung express<\/div>\r\n\t\t<div class=\"titol\"><p class=\"is-style-com_titular_3\">R\u00fcckerstattung express<\/p><\/div>\r\n\t<\/div>\r\n<\/div>\r\n\t<div class=\"padding_fondo_xxl\">\r\n\t\t<div class=\"maq-contenidor moltestreta com_missatge\">\r\n\t\t\t<div class=\"icona ex\"><img decoding=\"async\" src=\"https:\/\/www.phira.es\/wp-content\/themes\/phira\/img-api\/ex.png\" ><\/div>\t\t\t<div class=\"text\">\r\n\t\t\t\t<p class=\"is-style-com_titular_2\">Login erforderlich<\/p><p class=\"is-style-com_titular_4\">Sie m\u00fcssen logarse als Nutzer der online-Kauf zu k\u00f6nnen, werfen Sie eine Erstattung.<\/p>\t\t\t<\/div>\r\n\t\t<\/div>\r\n\t<\/div>\r\n\t\r\n\r\n<script>\r\n(function($) {\r\n\tjQuery(document).ready(function() {\r\n\r\n\t\tjQuery('#Boton').hide();\r\n\t\tjQuery('#buscando').hide();\r\n\t\tjQuery('#mensaje1').hide();\r\n\t\tjQuery('#Frame2').hide();\r\n\t\tjQuery('#FrameZZZ').hide(); \/\/ nom\u00e9s est\u00e0 a internacional\r\n\t\tjQuery('#Frame3').hide();\r\n\t\tjQuery('#Frame4').hide();\r\n\r\n\t\tjQuery('#referencia').on('keyup', function() {\r\n\t\t\tvar key = jQuery(this).val();\r\n\t\t\tjQuery('#mensaje1').hide();\r\n\t\t\tjQuery('#Boton').hide();\r\n\t\t\t\t\tjQuery('#buscando').hide();\r\n\t\t\t\t\tjQuery('#Frame2').hide();\r\n\t\t\t\t\tjQuery('#motivo').val(0);\r\n\t\t\t\t\tjQuery('#Frame3').hide();\r\n\t\t\t\t\tjQuery('#Frame4').hide();\r\n\t\t\tif(key.length>3){\t\t\r\n\t\t\t\t\/\/var dataString = 'articulo='+key;\r\n\t\t\t\tvar dataString = {\r\n\t\t\t\t\taction:   'phiradev_articulos',\r\n\t\t\t\t\tarticulo: key\r\n\t\t\t\t};\r\n\t\t\t\t\t\tjQuery.ajax({\r\n\t\t\t\t\ttype: \"POST\",\r\n\t\t\t\t\t\/\/ url: \"..\/api\/articulos.php\",\r\n\t\t\t\t\turl: phira_ajax_url,\r\n\t\t\t\t\tdata: dataString,\r\n\t\t\t\t\tsuccess: function(data) {\r\n\t\t\t\t\t\t\/\/Escribimos las sugerencias que nos manda la consulta\r\n\t\t\t\t\t\tjQuery('#suggestions').fadeIn(1000).html(data);\r\n\t\t\t\t\t\t\/\/Al hacer click en alguna de las sugerencias\r\n\t\t\t\t\t\tjQuery('.suggest-element').on('click', function(){\r\n\t\t\t\t\t\t\t\t\/\/Obtenemos la id unica de la sugerencia pulsada\r\n\t\t\t\t\t\t\t\tvar id = jQuery(this).attr('id');\r\n\t\t\t\t\t\t\t\t\/\/Editamos el valor del input con data de la sugerencia pulsada\r\n\t\t\t\t\t\t\t\tjQuery('#referencia').val(jQuery('#'+id).attr('data'));\r\n\t\t\t\t\t\t\t\t\/\/Hacemos desaparecer el resto de sugerencias\r\n\t\t\t\t\t\t\t\tjQuery('#suggestions').fadeOut(1000);\r\n\t\t\t\t\t\t\t\t\/\/alert('Has seleccionado el '+id+' '+jQuery('#'+id).attr('data'));\r\n\t\t\t\t\t\t\t\tmostrarAlbaranes();\r\n\t\t\t\t\t\t\t\treturn false;\r\n\t\t\t\t\t\t});\r\n\t\t\t\t\t}\r\n\t\t\t\t});\r\n\t\t\t}    \r\n\t\t});\r\n\t}); \r\n\r\n\r\n\tfunction handleFileSelect(evt) {\r\n\t\tvar files = evt.target.files; \/\/ FileList object\r\n\r\n\t\t\/\/ Loop through the FileList and render image files as thumbnails.\r\n\t\tfor (var i = 0, f; f = files[i]; i++) {\r\n\r\n\t\t  \/\/ Only process image files.\r\n\t\t  if (!f.type.match('image.*')) {\r\n\t\t\tcontinue;\r\n\t\t  }\r\n\r\n\t\t  var reader = new FileReader();\r\n\r\n\t\t  \/\/ Closure to capture the file information.\r\n\t\t  reader.onload = (function(theFile) {\r\n\t\t\treturn function(e) {\r\n\t\t\t\tif(theFile.size<=3145728){\r\n\t\t\t\t  \/\/ Render thumbnail.\r\n\t\t\t\t  var span = document.createElement('span');\r\n\t\t\t\t  span.setAttribute(\"id\",theFile.name);\r\n\r\n\t\t\t\t\t\t  span.ondblclick = function() {\r\n\t\t\t\t\t\t\t\t\t\t\tthis.parentNode.removeChild( this );\r\n\t\t\t\t\t\t\t};\r\n\r\n\t\t\t\t  span.innerHTML = ['<img decoding=\"async\" class=\"thumb\" src=\"', e.target.result,\r\n\t\t\t\t\t\t\t\t\t'\" title=\"', escape(theFile.name), '\"\/>'].join('');\r\n\t\t\t\t  document.getElementById('list').insertBefore(span, null);\r\n\t\t\t\t  jQuery('#mensa2').css(\"visibility\", \"visible\");\r\n\r\n\t\t\t\t}else{\r\n\t\t\t\t\talert(\"Bild \"+theFile.name+\" nicht hochgeladen durch \u00fcberschreiten der 3-Mb-Kapazit\u00e4t\");\r\n\t\t\t\t}\r\n\t\t\t};\r\n\t\t  })(f);\r\n\r\n\t\t  \/\/ Read in the image file as a data URL.\r\n\t\t  reader.readAsDataURL(f);\r\n\r\n\t\t  Frame3Done();\r\n\r\n\t\t}\r\n\t}\r\n\r\n\tdocument.getElementById('files').addEventListener('change', handleFileSelect, false);\r\n\r\n})(jQuery);\r\n\r\n\r\n\r\n\r\n\t\r\n\r\nfunction Frame1Done(){\r\n\tjQuery('#Frame1').addClass(\"devolucion2\");\r\n\tjQuery('#Frame2').show(500);\r\n}\r\n\r\n\tfunction Frame2Done(){\r\n\t\tjQuery('#Frame2').addClass(\"devolucion2\");\r\n\t\tjQuery('#Frame3').show(500);\r\n\t}\r\n\tfunction Frame3Done(){\r\n\r\n\tjQuery('#Frame3').addClass(\"devolucion2\");\r\n\tjQuery('#Frame4').show(500);\r\n\r\n\t  MostrarBotonValidar();\r\n\r\n}\r\n\r\n\r\n\r\nfunction albaranes(e) {\r\n\ttecla = (document.all) ? e.keyCode : e.which;\r\n\tif (tecla==13) {\r\n\t\te.preventDefault();\r\n\t\tmostrarAlbaranes();\r\n\t}\r\n}\r\n\r\n\/\/ Variables necess\u00e0ries x internacional:\r\nvar QTY=[];\r\nvar EMB=[];\r\n\r\nfunction mostrarAlbaranes()\r\n{\r\n\tjQuery('#albaran').empty();\r\n\t\r\n\t\/\/ Carlesrever: canvio el #buscando per la rodeta dins del select\r\n\t\/\/ jQuery('#buscando').show(500);\r\n\tjQuery('#albaran').prop('disabled', true).prepend('<option value=\"0\"><\/option>');\r\n\tjQuery('#albaran option:first').attr('selected','selected');\r\n\tjQuery('#albaran').parent().prepend('<div class=\"absolute_spinner roda\"><span class=\"icon-spinner\"><\/span><\/div>');\r\n\r\n\t\/\/jQuery('#albaran').focus();\r\n\r\n\r\n\tjQuery('#suggestions').fadeOut(0);\r\n\r\n\tvar formData = new FormData();\r\n\tformData.append(\"articulo\",jQuery(\"#referencia\").val());\r\n\t\t\tformData.append(\"action\",'phiradev_ObtieneAlbaranes'); \/\/ Afegit x Carlesrever\r\n\t\t\r\n\tjQuery.ajax({\r\n\t\ttype: \"POST\", \r\n\t\t\/\/url: \"..\/api\/ObtieneAlbaranes.php\",     \r\n\t\turl: phira_ajax_url,\r\n\t\tdata: formData,\r\n\t\tprocessData: false,\r\n\t\tcontentType: false,\r\n\t\tsuccess: function(response){         \t\r\n\t\t\t\/\/alert(response);\r\n\t\t\t\/\/ jQuery('#buscando').hide();\r\n\r\n\t\t\t\/\/ Carlesrever: \r\n\t\t\tjQuery('.absolute_spinner').remove();\r\n\t\t\tjQuery('#albaran').prop('disabled', false).html('');\r\n\r\n\t\t\tif(response!=\"\")\r\n\t\t\t{\r\n\t\t\t\tif(response=='NOHAY')\r\n\t\t\t\t{\r\n\t\t\t\t\t\t\t\tvar ht=\"<h2>Artikel-code existiert nicht oder ist vergriffen<\/h2><br>Kontakt mit der Verkaufsabteilung\"\r\n\t\t\t\t\t\t\t\t\/\/ht=ht+'<br><br><a href=\"mailto:sergi@phira.es\">sergi@phira.es<\/a>';\r\n\t\t\t\t\t\t\t\tht=ht+'<br><br><a href=\"mailto:ventas@phira.es\">ventas@phira.es<\/a>';\r\n\t\t\t\t\t\t\t\tjQuery('#mensaje1 .inner').html(ht);\r\n\t\t\t\t\t\t\t\tjQuery('#mensaje1').show(500);\r\n\r\n\t\t\t\t}\r\n\t\t\t\telse\r\n\t\t\t\t{\r\n\t\t\t\t\t\t\t\tvar claves = response.split('|');\t\r\n\r\n\t\t\t\t\t\t\t\tjQuery('#albaran').append(jQuery('<option>', {\r\n\t\t\t\t\t\t\t\t\tvalue: k,\r\n\t\t\t\t\t\t\t\t\t\t\t\t\t\t\t\t\t\t\ttext: \"W\u00e4hlen Sie einen Lieferschein\"\r\n\t\t\t\t\t\t\t\t\t\t\t\t\t\t\t\t\t\t}));\r\n\r\n\t\t\t\t\t\t\t\tfor (var k = 0; k < claves.length-1; ++k) {\r\n\t\t\t\t\t\t\t\t\t\t\t\t\t\t\t\t\t\t\tjQuery('#albaran').append(jQuery('<option>', {\r\n\t\t\t\t\t\t\t\t\t\t\tvalue: k+1,\r\n\t\t\t\t\t\t\t\t\t\t\ttext: claves[k]\r\n\t\t\t\t\t\t\t\t\t\t}));\r\n\t\t\t\t\t\t\t\t\t\t\t\t\t\t\t\t\t\t}\r\n\t\t\t\t}\r\n\t\t\t}\r\n\t\t\telse\r\n\t\t\t{\r\n\t\t\t\tvar ht=\"<h2>Return order.<\/h2><br>Kontakt mit der Verkaufsabteilung\"\r\n\t\t\t\t\/\/ht=ht+'<br><br><a href=\"mailto:sergi@phira.es\">sergi@phira.es<\/a>';\r\n\t\t\t\tht=ht+'<br><br><a href=\"mailto:ventas@phira.es\">ventas@phira.es<\/a>';\r\n\t\t\t\tjQuery('#mensaje1 .inner').html(ht);\r\n\t\t\t\tjQuery('#mensaje1').show(500);\r\n\t\t\t}\r\n\t}});\t\r\n\tjQuery('#suggestions').fadeOut(0);\r\n\r\n}\r\n\r\nfunction MostrarBotonValidar(){\r\n\tjQuery('#Boton').show();\r\n}\r\n\r\n\r\nfunction AlbaranSeleccionado(){\r\n\r\n\t\r\n\tFrame1Done();\r\n}\r\n\r\n\r\nfunction MotivoSeleccionado(){\r\n\r\n\tif(jQuery('#motivo').val()==1){\r\n\t\tjQuery('#Frame2').addClass(\"devolucion2\");\r\n\t\tjQuery('#Frame3').hide();\r\n\t\tjQuery('#Frame4').show(500);\r\n\t\tMostrarBotonValidar();\r\n\t}else{\r\n\t\tFrame2Done();\r\n\t\tjQuery('#Boton').hide();\r\n\r\n\t}\r\n}\r\n\r\n\/\/ Aquesta funci\u00f3 nom\u00e9s es crida a internacional ( frame ZZZ)\r\nfunction CantidadSeleccionada(){\r\n\t\/\/ verificar cantidad\r\n\tvar OK=1;\r\n\tvar k=jQuery('#albaran').val();\r\n\r\nconsole.log(jQuery('#albaran').val());\r\nconsole.log(QTY[k-1]);\r\n\r\nif (jQuery('#cantidad').val() > QTY[k-1]){\r\n\talert('Der Betrag der Einheiten f\u00e4llig');\r\n\tOK=0;\r\n}\r\nif (jQuery('#cantidad').val() < 1){\r\n\talert('Der Betrag muss gr\u00f6\u00dfer als 0 sein');\r\n\tOK=0;\r\n}\r\n\r\n\t\/\/ si todo OK\r\n\tif (OK==1) FrameZZZDone();\r\n}\r\n\r\n\r\nfunction TodoOK(){\r\n\r\n\tvar orden=0;\r\n\tjQuery(\"#Frame3\").find('.thumb').each(function() {\r\n\t\torden=orden+1;\t\t\t\r\n\t});\r\n\r\n\r\n\tif(jQuery('#motivo').val()>1){\r\n\t\tif(orden<1){\r\n\t\t\t\talert('Sie m\u00fcssen zumindest ein Foto zu dokumentieren, die H\u00e4ufigkeit!');\r\n\t\t\t\treturn 0;\r\n\t\t}\r\n\t}\r\n\r\n\r\n\r\n\tif(jQuery('#motivo').val()>1){\r\n\t\tif(jQuery('#comentarios').val().trim()==\"\"){\r\n\t\t\talert('Sie m\u00fcssen Ihre Kommentare!');\r\n\t\t\treturn 0;\r\n\t\t}else{\r\n\t\t\treturn 1;\r\n\t\t} \r\n\t}else{\r\n\t\t\treturn 1;\r\n\t}\r\n\r\n}\r\n\r\n\r\nfunction Procesar(){\r\n\r\n\tif(TodoOK()==1){\r\n\r\n\t\tjQuery('#Frame1').hide();\r\n\t\tjQuery('#Frame2').hide();\r\n\t\tjQuery('#FrameZZZ').hide(); \/\/ nom\u00e9s el t\u00e9 intrnacional\r\n\t\tjQuery('#Frame3').hide();\r\n\t\tjQuery('#Frame4').hide();\r\n\t\tjQuery('#Boton').hide();\r\n\r\n\t\tvar ht='<div id=\"procesando\"><img decoding=\"async\" src=\"https:\/\/www.phira.es\/wp-content\/themes\/phira\/img\/loader.gif\"\/><br><br><br\/>Verarbeitung eine R\u00fcckkehr...<\/div>';\r\n\t\tjQuery('#Mensajes').html(ht);\r\n\t\tjQuery('#Mensajes').show();\r\n\r\n\t\t\r\n\t\t\/\/\/ obtener token\r\n\t\tjQuery.ajax({\r\n\t\t\ttype: \"POST\", \r\n\t\t\t\/\/ url: \"..\/api\/ObtieneToken.php\", \r\n\t\t\t\/\/ data: \"\",    \r\n\t\t\turl: phira_ajax_url,\r\n\t\t\tdata: { action : 'phiradev_ObtieneToken' },    \r\n\t\t   \/\/ processData: false,\r\n\t\t   \/\/ contentType: false,\r\n\t\t   success: function(response) {\r\nconsole.log('obtiene token ok, token: ' + response);\r\n\t\t\tvar TOKEN=response;\r\n\t\t\tif (TOKEN!=\"\"){\r\n\t\t\t\t\/\/\/ leer tabla parametros\r\n\t\t\t\tvar formData = new FormData();\r\n\t\t\t\tformData.append(\"token\", TOKEN);\r\n\t\t\t\tformData.append(\"action\", 'phiradev_ObtieneNumDevol'); \/\/ Afexit x Carlesrever\r\n\t\t\t\tjQuery.ajax({\r\n\t\t\t\t   type: \"POST\", \r\n\t\t\t\t   \/\/url: \"..\/api\/ObtieneNumDevol.php\",     \r\n\t\t\t\t\turl: phira_ajax_url,\r\n\t\t\t\t   data: formData,\r\n\t\t\t\t   processData: false,\r\n\t\t\t\t   contentType: false,\r\n\t\t\t\t   success: function(response) {\r\nconsole.log('obtiene num devolucion ok: ' + response);\r\n\/\/ MensajeFinal('24\/00000W');\r\n\/\/ return;\r\n\t\t\t\t\t\tvar NumDevol=response; \r\n\t\t\t\t\t\t\/\/\/ configurar ID Devoluci\u00f3n\r\n\t\t\t\t\t\t\t\tvar anyo = new Date().getFullYear().toString().substr(-2);\r\n\t\t\t\t\t\t\/\/\/ subir las im\u00e1genes\r\n\t\t\t\t\t\tSubirImagenes(anyo+\"_\"+NumDevol+\"W\");\r\n\t\t\t\t\t\t\/\/\/ obtener Id devolucion\r\n\t\t\t\t\t\tvar IdDevolucion=anyo+\"\/\"+NumDevol+\"W\";\r\n\t\t\t\t\t\t\/\/\/ grabar devolucion\r\n\r\n\r\n\t\t\t\t\t\tvar fullDate = new Date();\r\n\t\t\t\t\t\tvar twoDigitMonth = ((fullDate.getMonth()) < 9)? '0'+(fullDate.getMonth()+1) : (fullDate.getMonth()+1);\r\n\t\t\t\t\t\tvar twoDigitDate = ((fullDate.getDate().toString().length) == 1)? '0'+(fullDate.getDate()) : (fullDate.getDate());\r\n\t\t\t\t\t\tvar currentDate = twoDigitDate + \"\/\" + twoDigitMonth + \"\/\" + fullDate.getFullYear();\r\n\r\n\t\t\t\t\t\tvar ts=new Date();\r\n\t\t\t\t\t\tvar valor = jQuery(\"[name='albaran'] option:selected\").text();\r\n\t\t\t\t\t\tvar claves = valor.split(' ... ');\r\n\t\t\t\t\t\tvar fecha=claves[1];\t\t\t\t\t\r\n\t\t\t\t\t\tvar valores= claves[0].split('\/');\r\n\t\t\t\t\t\tvar serie=valores[0];\r\n\t\t\t\t\t\tvar alba=valores[1];\t\t\t\t\r\n\t\t\t\t\t\tvar datos='{\"Devoluciones\":[{\"CodDevolucion\":\"'+IdDevolucion+'\",\"Origen\":\"W\"';\r\n\t\t\t\t\t\t\r\n\t\t\t\t\t\tdatos=datos+',\"CodCliente\":\"'+jQuery('#ClienteOculto').val()+'\"';\r\n\r\n\t\t\t\t\t\tdatos=datos+',\"FechaRegistro\":\"'+currentDate+'\"';\r\n\t\t\t\t\t\t\/\/datos=datos+',\"FechaRegistro\":\"'+ts.toLocaleDateString()+'\"';\r\n\r\n\t\t\t\t\t\tdatos=datos+',\"CodArticulo\":\"'+jQuery('#referencia').val()+'\"';\r\n\t\t\t\t\t\t\/\/ datos=datos+',\"Cantidad\":\"1\"';\r\n\t\t\t\t\t\t\t\t\t\t\t\tdatos=datos+',\"CodMotivo\":\"'+jQuery('#motivo').val()+'\"';\r\n\t\t\t\t\t\tdatos=datos+',\"CodAutorizacion\":\"\"';\r\n\t\t\t\t\t\tdatos=datos+',\"EmailRegistro\":\"'+jQuery('#emailcliente').val()+'\"';\r\n\t\t\t\t\t\tdatos=datos+',\"CodAceptacion\":\"\"';\r\n\t\t\t\t\t\tdatos=datos+',\"EnProceso\":\"0\"';\r\n\t\t\t\t\t\tdatos=datos+',\"EnColaAlmacen\":\"0\"';\r\n\t\t\t\t\t\tdatos=datos+',\"SerieAlbaran\":\"'+serie+'\"';\r\n\t\t\t\t\t\tdatos=datos+',\"AnyoAlbaran\":\"'+fecha.substr(-4)+'\"';\r\n\t\t\t\t\t\tdatos=datos+',\"NumeroAlbaran\":\"'+alba+'\"';\r\n\t\t\t\t\t\tdatos=datos+',\"FechaAlbaran\":\"'+fecha+'\"';\r\n\t\t\t\t\t\tdatos=datos+',\"PortesAlbaran\":\"0\"';\r\n\t\t\t\t\t\tdatos=datos+',\"ADevolver\":\"0\"';\r\n\t\t\t\t\t\tdatos=datos+',\"Estado\":\"0\"';\r\n\t\t\t\t\t\tdatos=datos+'}]}';\r\n\/\/ alert(datos);\r\n\t\t\t\t\t\tvar formData2 = new FormData();\r\n\t\t\t\t\t\tformData2.append(\"token\", TOKEN);\r\n\t\t\t\t\t\tformData2.append(\"json\", datos);\r\n\t\t\t\t\t\tformData2.append(\"clave\", IdDevolucion);\r\n\t\t\t\t\t\tformData2.append(\"action\", 'phiradev_GrabaDevolucion');\r\n\t\t\t\t\t\tjQuery.ajax({\r\n\t\t\t\t\t\ttype: \"POST\", \r\n\t\t\t\t\t\t\/\/url: \"..\/api\/GrabaDevolucion.php\",     \r\n\t\t\t\t\t\turl: phira_ajax_url,\r\n\t\t\t\t\t\tdata: formData2,\r\n\t\t\t\t\t   processData: false,\r\n\t\t\t\t\t   contentType: false,\r\n\t\t\t\t\t   success: function(response) {\r\nconsole.log('graba devolucion ok: ' + response);\r\n\t\t\t\t\t\t\t\tif(jQuery('#comentarios').val().trim()!=\"\"){\r\n\t\t\t\t\t\t\t\t\t\tvar datos='{\"DevolucionesSeguimiento\":[{\"CodDevolucion\":\"'+IdDevolucion+'\"';\r\n\t\t\t\t\t\t\t\t\t\tdatos=datos+',\"Orden\":\"1\"';\r\ndatos=datos+',\"Fecha\":\"'+currentDate+'\"';\r\n\/\/datos=datos+',\"Fecha\":\"'+ts.toLocaleDateString()+'\"';\r\n\t\t\t\t\t\t\t\t\t  var hora = ts.getHours() \r\n\t\t\t\t\t\t\t\t\t  var minuto = ts.getMinutes() \r\n\t\t\t\t\t\t\t\t\t  var segundo = ts.getSeconds() \r\n\t\t\t\t\t\t\t\t\t  hora = (hora < 10) ? \"0\" + hora : hora;\r\n\t\t\t\t\t\t\t\t\t  minuto = (minuto < 10) ? \"0\" + minuto : minuto;\r\n\t\t\t\t\t\t\t\t\t  segundo = (segundo < 10) ? \"0\" + segundo : segundo;\r\n\t\t\t\t\t\t\t\t\t\tdatos=datos+',\"Hora\":\"'+ hora + \":\" + minuto + \":\" + segundo +'\"';\r\n\t\t\t\t\t\t\t\t\t\tdatos=datos+',\"Comentario\":\"'+jQuery('#comentarios').val()+'\"';\r\n\t\t\t\t\t\t\t\t\t\tdatos=datos+'}]}';\r\n\t\t\t\t\t\t\t\t\t\tvar formData2 = new FormData();\r\n\t\t\t\t\t\t\t\t\t\tformData2.append(\"token\", TOKEN);\r\n\t\t\t\t\t\t\t\t\t\tformData2.append(\"json\", datos);\r\n\t\t\t\t\t\t\t\t\t\tformData2.append(\"action\", 'phiradev_GrabaComentarios'); \/\/ Afegit x Carlesrever\r\n\t\t\t\t\t\t\t\t\t\tjQuery.ajax({\r\n\t\t\t\t\t\t\t\t\t\ttype: \"POST\", \r\n\t\t\t\t\t\t\t\t\t\t\/\/url: \"..\/api\/GrabaComentarios.php\",     \r\n\t\t\t\t\t\t\t\t\t\turl: phira_ajax_url,\r\n\t\t\t\t\t\t\t\t\t\tdata: formData2,\r\n\t\t\t\t\t\t\t\t\t   processData: false,\r\n\t\t\t\t\t\t\t\t\t   contentType: false,\r\n\t\t\t\t\t\t\t\t\t\tsuccess: function(response){   \r\nconsole.log('graba comentarios ok: ' + response);\r\n\r\n\t\t\t\t\t\t\t\t\t\t\t\t\t\t\/\/\/\tDar mensaje de todo ok\r\n\t\t\t\t\t\t\t\t\t\t\t\tMensajeFinal(IdDevolucion);\t\r\n\t\t\t\t\t\t\t\t\t\t}});\r\n\t\t\t\t\t\t\t\t}else{\r\n\t\t\t\t\t\t\t\t\t\t\/\/\/\tDar mensaje de todo ok\r\n\t\t\t\t\t\t\t\tMensajeFinal(IdDevolucion);\r\n\r\n\t\t\t\t\t\t\t\t}\r\n\t\t\t\t\t\t}});\r\n\t\t\t\t\t}});\r\n\t\t\t}else{\r\n\t\t\t\talert(\"Es gibt Probleme mit der Konnektivit\u00e4t, um Daten zu \u00fcbertragen. Bitte versuchen Sie es sp\u00e4ter erneut\");\r\n\t\t\t}\r\n\t\t}})\r\n\t}\r\n\r\n}\r\n\r\n\r\nfunction MensajeFinal(IdDevolucion){\r\n\r\nconsole.log('MensajeFinal(): ' + IdDevolucion);\r\n\r\n\t\/\/\/\tDar mensaje de todo ok\r\n\r\n\tvar valor = jQuery(\"[name='albaran'] option:selected\").text();\r\n\tvar claves = valor.split(' ... ');\r\n\tvar alba=claves[0];\r\n\tvar fecha=claves[1];\r\n\t\r\n\t\/\/ Nota: internacional no t\u00e9 motivo = 1\r\n\tif(jQuery('#motivo').val()==1){\r\n\t\tht=\"<br>Referencia: \"+jQuery('#referencia').val()+\"<br>\";\r\n\t\tht=ht+\"Albar\u00e1n N\u00ba : \"+alba+\" de fecha \"+fecha+\"<br><br>\";\r\n\t\tht=ht+'<h2><span style=\"color:green;\"><b>AUTORISIERTE R\u00dcCKSENDUNGEN<\/b>&nbsp&nbsp;Keine.:&nbsp;'+IdDevolucion+'<\/span><\/h2><br>';\r\n\t\tht=ht+\"<b>FRACHT ZU LASTEN DES AUFTRAGGEBERS<\/b><br><br>\";\r\n\t\tht=ht+'<span style=\"font-size:1em;\">Kurz darauf erhalten Sie eine E-Mail an die Adresse <span style=\"color:#DE271D;\">'+jQuery('#emailcliente').val()+'<\/span> con la &lt;b&gt;etiqueta de env\u00edo que debe colocar bien visible en la mercanc\u00eda&lt;\/b&gt;<\/span>';\r\n\r\n\t\tht=ht+'<div class=\"col-xs-12 col-sm-12 col-md-12 col-lg-12\" style=\"font-size:1em; margin-top:30px; height: 40px;\">';\r\n\t\t\tht=ht+'<div class=\"col-xs-2 col-sm-2 col-md-5 col-lg-5\"><\/div>';\r\n\t\t\tht=ht+'<div class=\"col-xs-8 col-sm-8 col-md-2 col-lg-2 BotonProcesar\"><div class=\"wp-block-button is-style-rojo-negro-opaco\">';\r\n\t\t\tht=ht+'<a class=\"wp-block-button__link wp-element-button\" href=\"javascript:Acabar();\">FINISH<\/a><\/div><\/div>';\r\n\t\t\tht=ht+'<div class=\"col-xs-2 col-sm-2 col-md-5 col-lg-5\"><\/div>';\r\n\t\tht=ht+'<\/div>';\r\n\t}else{\r\n\t\tht=\"<br>Referencia: \"+jQuery('#referencia').val()+\"<br>\";\r\n\t\tht=ht+\"Albar\u00e1n N\u00ba : \"+alba+\" de fecha \"+fecha+\"<br><br>\";\r\n\t\tht=ht+'<h2><span style=\"color:#DE271D;\"><b>RETURN AUTHORIZATION PENDING<\/b>&nbsp&nbsp;Keine.:&nbsp;'+IdDevolucion+'<\/span><\/h2><br>';\r\n\t\tht=ht+\"<b>DIE PORTOKOSTEN DER PHIRA<\/b><br><br>\";\r\n\t\tht=ht+'Kurz darauf erhalten Sie eine E-Mail an die Adresse <span style=\"color:#DE271D;\">'+jQuery('#emailcliente').val()+'<\/span> mit der Antwort auf Ihre Anfrage';\r\n\r\n\t\tht=ht+'<div class=\"col-xs-12 col-sm-12 col-md-12 col-lg-12\" style=\"font-size:1em; margin-top:30px; height: 40px;\">';\r\n\t\t\tht=ht+'<div class=\"col-xs-2 col-sm-2 col-md-5 col-lg-5\"><\/div>';\r\n\t\t\tht=ht+'<div class=\"col-xs-8 col-sm-8 col-md-2 col-lg-2 BotonProcesar\"><div class=\"wp-block-button is-style-rojo-negro-opaco\">';\r\n\t\t\tht=ht+'<a class=\"wp-block-button__link wp-element-button\" href=\"javascript:Acabar();\">FINISH<\/a><\/div><\/div>';\r\n\t\t\tht=ht+'<div class=\"col-xs-2 col-sm-2 col-md-5 col-lg-5\"><\/div>';\r\n\t\tht=ht+'<\/div>';\r\n\t}\r\n\t\r\n\tht = '<div class=\"mod-franja marges_petits resultat\"><div class=\"maq-contenidor moltestreta\">' + ht + '<\/div><\/div>';\r\n\r\n\t\r\n\tjQuery('#Mensajes').html(ht);\r\n\r\n\tjQuery('#Mensajes').show(500);\r\n\tjQuery('html, body').animate({ scrollTop: 0 }, 500); \/\/ Carles: scroll up\r\n}\r\n\r\n\r\nfunction SubirImagenes(NumDevol){\r\n\r\n\t\/\/\/ subir las im\u00e1genes\r\n\tvar orden=0;\r\n\tjQuery(\"#Frame3\").find('.thumb').each(function() {\r\n\t\t\/\/ obtengo el base64 y elimino la parte de descripci\u00f3n dejando solo el c\u00f3digo de la imagen\r\n\t\tvar imb64=this.src;\r\n\t\tvar fields = imb64.split('base64,');\r\n\t\tvar imb64 = fields[1];\r\n\r\n\t\torden=orden+1;\r\n\r\n\t\t\/\/ ahora tengo que sustituir el nombre por el numero de devoluci\u00f3n + ordinal (orden) manteniendo la extensi\u00f3n\r\n\t\tvar nombre=this.title;\r\n\t\tvar i=nombre.lastIndexOf(\".\");\r\n\t\tvar extension=nombre.substring(i);\r\n\t\tnombre=NumDevol+\"_\"+orden+extension;\t\r\n\r\n\t\tvar datos=nombre+\"|||\"+imb64;\r\n\t\tvar formData = new FormData();\r\n\t\tformData.append(\"datos\", datos);\r\n\t\tformData.append(\"action\", 'phiradev_SubeImagen');\r\n\t\tjQuery.ajax({\r\n\t\t\ttype: \"POST\", \r\n\t\t\t\/\/url: \"..\/api\/SubeImagen.php\",     \r\n\t\t\turl: phira_ajax_url,\r\n\t\t\tdata: formData,\r\n\t\t   processData: false,\r\n\t\t   contentType: false,\r\n\t\t\tsuccess: function(response){         \t\r\n\t\t\t\t\/\/alert(response);\t        \t    \t\r\n\t\t}});\t\t\t\t\r\n\t});\r\n\r\n}\r\n\r\n\r\nfunction Acabar(){\r\n\r\n\tlocation.reload();\r\n\r\n}\r\n\r\n\r\n<\/script>\r\n\r\n<style>\r\n\t#suggestions {\r\n\t\tdisplay: none;\r\n\t\tbox-shadow: #00000033 1px 4px 5px;\r\n\t\tposition: absolute;\r\n\t\tbackground: #fff;\r\n\t\tpadding: 15px 20px 10px;\r\n\t\tmin-width: 170px;\r\n\t\tmargin-top: -10px;\r\n\t\tborder-bottom-right-radius: 10px;\r\n\t\tborder-bottom-left-radius: 10px;\r\n\t}\r\n\t#list .thumb {\r\n\t\theight: 80px;\r\n\t\tmax-width: 100px;\r\n\t\tborder: 1px solid #000;\r\n\t\tmargin: 10px 5px 0 0;\r\n\t}\r\n\t#emailcliente {\r\n\t\twidth: 300px;\r\n\t}\r\n\t#comentarios,\r\n\t#emailcliente {\r\n\t\tborder: #999 1px solid;\r\n\t\tpadding: 5px 10px;\r\n\t}\r\n\t#comentarios {\r\n\t\tborder: #999 1px solid;\r\n\t\tborder-radius: 4px;\r\n\t\tpadding: 5px 10px;\r\n\t\twidth: 100%;\r\n\t}\r\n\t.marges_petits {\r\n\t\tmargin-top: 35px;\r\n\t\tmargin-bottom: 35px;\r\n\t}\r\n\t#list {\r\n\t\tdisplay: block;\r\n\t}\r\n\t#procesando,\r\n\t#Mensajes * {\r\n\t\ttext-align: center;\r\n\t}\r\n<\/style>\r\n<\/div><\/div><\/div>\n","protected":false},"excerpt":{"rendered":"","protected":false},"author":1,"featured_media":0,"parent":0,"menu_order":0,"comment_status":"closed","ping_status":"closed","template":"","meta":{"_acf_changed":false,"footnotes":""},"class_list":["post-1068","page","type-page","status-publish","hentry"],"acf":[],"_links":{"self":[{"href":"https:\/\/www.phira.es\/de\/wp-json\/wp\/v2\/pages\/1068","targetHints":{"allow":["GET"]}}],"collection":[{"href":"https:\/\/www.phira.es\/de\/wp-json\/wp\/v2\/pages"}],"about":[{"href":"https:\/\/www.phira.es\/de\/wp-json\/wp\/v2\/types\/page"}],"author":[{"embeddable":true,"href":"https:\/\/www.phira.es\/de\/wp-json\/wp\/v2\/users\/1"}],"replies":[{"embeddable":true,"href":"https:\/\/www.phira.es\/de\/wp-json\/wp\/v2\/comments?post=1068"}],"version-history":[{"count":1,"href":"https:\/\/www.phira.es\/de\/wp-json\/wp\/v2\/pages\/1068\/revisions"}],"predecessor-version":[{"id":1377,"href":"https:\/\/www.phira.es\/de\/wp-json\/wp\/v2\/pages\/1068\/revisions\/1377"}],"wp:attachment":[{"href":"https:\/\/www.phira.es\/de\/wp-json\/wp\/v2\/media?parent=1068"}],"curies":[{"name":"wp","href":"https:\/\/api.w.org\/{rel}","templated":true}]}}