{"id":1098,"date":"2024-10-09T08:33:25","date_gmt":"2024-10-09T06:33:25","guid":{"rendered":"https:\/\/www.phira.es\/nosotros\/"},"modified":"2025-05-20T12:30:04","modified_gmt":"2025-05-20T10:30:04","slug":"ueber-uns","status":"publish","type":"page","link":"https:\/\/www.phira.es\/de\/ueber-uns\/","title":{"rendered":"\u00dcber uns"},"content":{"rendered":"\n<div class=\"wp-block-phira-cabecera mod-cabecera\"><div class=\"slider\">\n<div class=\"wp-block-phira-cabecera-interior slide\"><div class=\"maq-contenidor\" style=\"backdrop-filter: blur(0px)\"><div class=\"text\">\n<p class=\"is-style-com_titular_2 has-blanc-color has-text-color has-link-color wp-elements-00dae87c5161b29511f496da7280154a\">Phira<\/p>\n\n\n\n<p class=\"is-style-com_titular_3 has-blanc-color has-text-color has-link-color wp-elements-fd3057b3f4ee9b9ee67594d15f59b7b8\">Making the difference<\/p>\n<\/div><\/div><div class=\"image\" style=\"background-image:url(https:\/\/www.phira.es\/wp-content\/uploads\/02-img-slider-home-1920x750px.jpg)\"><\/div><div style=\"background: #000; opacity: calc(55\/100);\" class=\"capa-color\"><\/div><\/div>\n<\/div><\/div>\n\n\n\n<div class=\"wp-block-phira-franja mod-franja sense_background marge-superior- marge-inferior- padding_fondo _alineacio_\" data-aos=\"off\" data-aos-delay=\"aos_delay\"><div class=\"maq-contenidor estreta\"><div class=\"maq-inner\">\n<h1 class=\"wp-block-heading has-text-align-center is-style-com_titular_3 has-gris-texto-color has-text-color has-link-color wp-elements-6fe8ca49d8d3c9a52a5dc4595f0d061e\" style=\"margin-right:123px;margin-left:123px\">Der einzige unabh\u00e4ngige spanische Sto\u00dff\u00e4ngerhersteller<\/h1>\n\n\n\n<div style=\"height:28px\" aria-hidden=\"true\" class=\"wp-block-spacer\"><\/div>\n\n\n\n<p class=\"has-text-align-center is-style-com_titular_4\" style=\"margin-right:var(--wp--preset--spacing--70);margin-left:var(--wp--preset--spacing--70);font-size:20px;line-height:1.6\">Man k\u00f6nnte uns als ein familiengef\u00fchrtes Unternehmen beschreiben, das Sto\u00dff\u00e4nger und Kunststoffkarosserieteile herstellt, aber wir sagen lieber, dass wir mit jedem Produkt Sicherheit einspritzen und Schutz liefern.<br><br>Gegr\u00fcndet im Jahr 1963 von Enrique Lastra Lastra und heute von der zweiten Generation gef\u00fchrt, sind wir der einzige unabh\u00e4ngige spanische Hersteller von Sto\u00dff\u00e4ngern \u2013 das macht uns zum Marktf\u00fchrer im Bereich Kunststoffkarosserie.<br><br>Unser Hauptsitz in Sant Joan Desp\u00ed besch\u00e4ftigt rund 60 Mitarbeiter und verf\u00fcgt \u00fcber Einrichtungen von mehr als 21.000 m\u00b2, um \u00fcber 1.500 verf\u00fcgbare Referenzen f\u00fcr die wichtigsten europ\u00e4ischen Fahrzeugmodelle zu liefern.<br>Mehr als 50 L\u00e4nder vertrauen auf unsere Produkte mit qualit\u00e4tsgleichem Standard wie beim Originalteil des Herstellers.<\/p>\n<\/div><\/div><div class=\"background\"><\/div><div class=\"capa-blur\" style=\"backdrop-filter: blur(0px)\"><\/div><div style=\"background: #000; opacity: calc(5\/100);\" class=\"capa-color\"><\/div><\/div>\n\n\n\n<div class=\"wp-block-phira-franja mod-franja sense_background marge-superior- marge-inferior-petit padding_fondo _alineacio_ _skin_\" data-aos=\"fade-up\" data-aos-delay=\"aos_delay\"><div class=\"maq-contenidor moltestreta\"><div class=\"maq-inner\">\n<div class=\"wp-block-phira-slider mod-slider n-slides-1 maq-normal slider\" data-n-slides=\"1\" data-autoplay=\"no\">\n<div class=\"wp-block-phira-slide slide\">\n<p class=\"has-text-align-center is-style-com_titular_3 has-gris-texto-color has-text-color has-link-color wp-elements-de05faa1d84f206d4ef218fcf5b547a7\">Phira &#8211; Qualit\u00e4t seit \u00fcber 50 Jahren<\/p>\n\n\n\n<div style=\"height:21px\" aria-hidden=\"true\" class=\"wp-block-spacer\"><\/div>\n\n\n\n<figure class=\"wp-block-embed is-type-video is-provider-youtube wp-block-embed-youtube wp-embed-aspect-16-9 wp-has-aspect-ratio\"><div class=\"wp-block-embed__wrapper\">\n<iframe loading=\"lazy\" title=\"Phira, calidad desde hace m\u00e1s de 50 a\u00f1os\" width=\"500\" height=\"281\" src=\"https:\/\/www.youtube.com\/embed\/-l-27uRPhOc?feature=oembed\" frameborder=\"0\" allow=\"accelerometer; autoplay; clipboard-write; encrypted-media; gyroscope; picture-in-picture; web-share\" referrerpolicy=\"strict-origin-when-cross-origin\" allowfullscreen><\/iframe>\n<\/div><\/figure>\n<\/div>\n<\/div>\n<\/div><\/div><div class=\"background\"><\/div><\/div>\n\n\n\n<div class=\"wp-block-phira-franja mod-franja sense_background marge-superior- marge-inferior-petit padding_fondo _alineacio_\" data-aos=\"fade-up\" data-aos-delay=\"aos_delay\"><div class=\"maq-contenidor normal\"><div class=\"maq-inner\">\n<div class=\"wp-block-phira-landing mod-landing cols_3\"><div class=\"wrapper\"><div class=\"inner\">\n<div class=\"wp-block-phira-landing-interior col\"><a href=\"https:\/\/www.phira.es\/de\/qualitaet\/\" class=\"image_wrapper amb_filet\"><div class=\"img_wrapper\"><div class=\"image\" style=\"background-image:url(https:\/\/www.phira.es\/wp-content\/uploads\/foto1.jpg)\"><\/div><\/div><div class=\"text\">\n<p class=\"has-text-align-center is-style-com_titular_4 has-gris-texto-color has-text-color has-link-color wp-elements-484f34b3df992480926228f6873fb903\">Qualit\u00e4t<\/p>\n<\/div><\/a><\/div>\n\n\n\n<div class=\"wp-block-phira-landing-interior col\"><a href=\"https:\/\/www.phira.es\/de\/zertifizierung\/\" class=\"image_wrapper amb_filet\"><div class=\"img_wrapper\"><div class=\"image\" style=\"background-image:url(https:\/\/www.phira.es\/wp-content\/uploads\/foto5.jpg)\"><\/div><\/div><div class=\"text\">\n<p class=\"has-text-align-center is-style-com_titular_4 has-gris-texto-color has-text-color has-link-color wp-elements-5feb4469c00dd36de14b4f6a13c4b153\">Zertifizierung<\/p>\n<\/div><\/a><\/div>\n\n\n\n<div class=\"wp-block-phira-landing-interior col\"><a href=\"https:\/\/www.phira.es\/de\/fe\/\" class=\"image_wrapper amb_filet\"><div class=\"img_wrapper\"><div class=\"image\" style=\"background-image:url(https:\/\/www.phira.es\/wp-content\/uploads\/foto2.jpg)\"><\/div><\/div><div class=\"text\">\n<p class=\"has-text-align-center is-style-com_titular_4 has-gris-texto-color has-text-color has-link-color wp-elements-5f4c74c91482e65d3aeebe9690b7b9e2\">F&amp;E<\/p>\n<\/div><\/a><\/div>\n\n\n\n<div class=\"wp-block-phira-landing-interior col\"><a href=\"https:\/\/www.phira.es\/de\/produktion\/\" class=\"image_wrapper amb_filet\"><div class=\"img_wrapper\"><div class=\"image\" style=\"background-image:url(https:\/\/www.phira.es\/wp-content\/uploads\/foto4.jpg)\"><\/div><\/div><div class=\"text\">\n<p class=\"has-text-align-center is-style-com_titular_4 has-gris-texto-color has-text-color has-link-color wp-elements-c810a46233a995d86f552e9aa4493388\">Produktion<\/p>\n<\/div><\/a><\/div>\n\n\n\n<div class=\"wp-block-phira-landing-interior col\"><a href=\"https:\/\/www.phira.es\/de\/dienstleistungen\/\" class=\"image_wrapper amb_filet\"><div class=\"img_wrapper\"><div class=\"image\" style=\"background-image:url(https:\/\/www.phira.es\/wp-content\/uploads\/foto3.jpg)\"><\/div><\/div><div class=\"text\">\n<p class=\"has-text-align-center is-style-com_titular_4 has-gris-texto-color has-text-color has-link-color wp-elements-5197a679c6e1b391013b6062514606c3\">Dienstleistungen<\/p>\n<\/div><\/a><\/div>\n<\/div><\/div><\/div>\n<\/div><\/div><div class=\"background\"><\/div><div class=\"capa-blur\" style=\"backdrop-filter: blur(0px)\"><\/div><div style=\"background: #e6e6e6; opacity: calc(100\/100);\" class=\"capa-color\"><\/div><\/div>\n\n\n\n<div class=\"wp-block-phira-franja mod-franja sense_background marge-superior- marge-inferior-  _alineacio_ _skin_\" data-aos=\"fade-up\" data-aos-delay=\"aos_delay\"><div class=\"maq-contenidor estreta\"><div class=\"maq-inner\">\n<p class=\"has-text-align-center is-style-com_titular_3 has-gris-texto-color has-text-color has-link-color wp-elements-3224c25f1b6512cbfd76d0f28ffa57f8\">N\u00fctzliche Links<\/p>\n\n\n\n<div style=\"height:43px\" aria-hidden=\"true\" class=\"wp-block-spacer\"><\/div>\n\n\n\n<div class=\"wp-block-phira-slider mod-slider n-slides-4 maq-logos\" data-n-slides=\"4\" data-autoplay=\"3000\">\n<div class=\"wp-block-phira-slide slide\">\n<figure class=\"wp-block-image size-full\"><a href=\"https:\/\/www.sernauto.es\/\"><img loading=\"lazy\" decoding=\"async\" width=\"189\" height=\"111\" src=\"https:\/\/www.phira.es\/wp-content\/uploads\/sernauto.jpg\" alt=\"\" class=\"wp-image-84\" srcset=\"https:\/\/www.phira.es\/wp-content\/uploads\/sernauto.jpg 189w, https:\/\/www.phira.es\/wp-content\/uploads\/sernauto-140x82.jpg 140w\" sizes=\"auto, (max-width: 189px) 100vw, 189px\" \/><\/a><\/figure>\n<\/div>\n\n\n\n<div class=\"wp-block-phira-slide slide\">\n<figure class=\"wp-block-image size-full\"><a href=\"https:\/\/web.centro-zaragoza.com\/es\"><img loading=\"lazy\" decoding=\"async\" width=\"248\" height=\"111\" src=\"https:\/\/www.phira.es\/wp-content\/uploads\/centro-zaragoza.jpg\" alt=\"\" class=\"wp-image-83\" srcset=\"https:\/\/www.phira.es\/wp-content\/uploads\/centro-zaragoza.jpg 248w, https:\/\/www.phira.es\/wp-content\/uploads\/centro-zaragoza-140x63.jpg 140w\" sizes=\"auto, (max-width: 248px) 100vw, 248px\" \/><\/a><\/figure>\n<\/div>\n\n\n\n<div class=\"wp-block-phira-slide slide\">\n<figure class=\"wp-block-image size-full\"><a href=\"https:\/\/eurecat.org\/home\/\"><img loading=\"lazy\" decoding=\"async\" width=\"136\" height=\"111\" src=\"https:\/\/www.phira.es\/wp-content\/uploads\/eurecar.jpg\" alt=\"\" class=\"wp-image-81\"\/><\/a><\/figure>\n<\/div>\n\n\n\n<div class=\"wp-block-phira-slide slide\">\n<figure class=\"wp-block-image size-full\"><a href=\"http:\/\/aecar.es\/\"><img loading=\"lazy\" decoding=\"async\" width=\"113\" height=\"111\" src=\"https:\/\/www.phira.es\/wp-content\/uploads\/aecar.jpg\" alt=\"\" class=\"wp-image-82\"\/><\/a><\/figure>\n<\/div>\n<\/div>\n<\/div><\/div><div class=\"background\"><\/div><\/div>\n\n\n\n<div class=\"wp-block-phira-franja mod-franja sense_background marge-superior-petit marge-inferior-  _alineacio_ _skin_\" data-aos=\"fade-up\" data-aos-delay=\"aos_delay\"><div class=\"maq-contenidor fullwidth\"><div class=\"maq-inner\">\n<figure class=\"wp-block-gallery has-nested-images columns-default is-cropped wp-block-gallery-1 is-layout-flex wp-block-gallery-is-layout-flex\">\n<figure class=\"wp-block-image size-large\"><a href=\"https:\/\/www.phira.es\/wp-content\/uploads\/2015.07.06_Phyra_BancoImagen_Julio_Barcena_0173_low.jpg\" target=\"_blank\" rel=\"noopener\"><img loading=\"lazy\" decoding=\"async\" width=\"1024\" height=\"768\" data-id=\"288\" src=\"https:\/\/www.phira.es\/wp-content\/uploads\/2015.07.06_Phyra_BancoImagen_Julio_Barcena_0173_low-1024x768.jpg\" alt=\"\" class=\"wp-image-288\" srcset=\"https:\/\/www.phira.es\/wp-content\/uploads\/2015.07.06_Phyra_BancoImagen_Julio_Barcena_0173_low-1024x768.jpg 1024w, https:\/\/www.phira.es\/wp-content\/uploads\/2015.07.06_Phyra_BancoImagen_Julio_Barcena_0173_low-300x225.jpg 300w, https:\/\/www.phira.es\/wp-content\/uploads\/2015.07.06_Phyra_BancoImagen_Julio_Barcena_0173_low-768x576.jpg 768w, https:\/\/www.phira.es\/wp-content\/uploads\/2015.07.06_Phyra_BancoImagen_Julio_Barcena_0173_low-340x255.jpg 340w, https:\/\/www.phira.es\/wp-content\/uploads\/2015.07.06_Phyra_BancoImagen_Julio_Barcena_0173_low-140x105.jpg 140w, https:\/\/www.phira.es\/wp-content\/uploads\/2015.07.06_Phyra_BancoImagen_Julio_Barcena_0173_low.jpg 1181w\" sizes=\"auto, (max-width: 1024px) 100vw, 1024px\" \/><\/a><\/figure>\n\n\n\n<figure class=\"wp-block-image size-medium\"><a href=\"https:\/\/www.phira.es\/wp-content\/uploads\/02-phira-galeria.jpg\" target=\"_blank\" rel=\"noopener\"><img loading=\"lazy\" decoding=\"async\" width=\"300\" height=\"225\" data-id=\"280\" src=\"https:\/\/www.phira.es\/wp-content\/uploads\/02-phira-galeria-300x225.jpg\" alt=\"\" class=\"wp-image-280\" srcset=\"https:\/\/www.phira.es\/wp-content\/uploads\/02-phira-galeria-300x225.jpg 300w, https:\/\/www.phira.es\/wp-content\/uploads\/02-phira-galeria-340x255.jpg 340w, https:\/\/www.phira.es\/wp-content\/uploads\/02-phira-galeria-140x105.jpg 140w, https:\/\/www.phira.es\/wp-content\/uploads\/02-phira-galeria.jpg 650w\" sizes=\"auto, (max-width: 300px) 100vw, 300px\" \/><\/a><\/figure>\n\n\n\n<figure class=\"wp-block-image size-medium\"><a href=\"https:\/\/www.phira.es\/wp-content\/uploads\/06-phira-galeria.jpg\" target=\"_blank\" rel=\"noopener\"><img loading=\"lazy\" decoding=\"async\" width=\"300\" height=\"225\" data-id=\"279\" src=\"https:\/\/www.phira.es\/wp-content\/uploads\/06-phira-galeria-300x225.jpg\" alt=\"\" class=\"wp-image-279\" srcset=\"https:\/\/www.phira.es\/wp-content\/uploads\/06-phira-galeria-300x225.jpg 300w, https:\/\/www.phira.es\/wp-content\/uploads\/06-phira-galeria-768x576.jpg 768w, https:\/\/www.phira.es\/wp-content\/uploads\/06-phira-galeria-340x255.jpg 340w, https:\/\/www.phira.es\/wp-content\/uploads\/06-phira-galeria-140x105.jpg 140w, https:\/\/www.phira.es\/wp-content\/uploads\/06-phira-galeria.jpg 900w\" sizes=\"auto, (max-width: 300px) 100vw, 300px\" \/><\/a><\/figure>\n\n\n\n<figure class=\"wp-block-image size-medium\"><a href=\"https:\/\/www.phira.es\/wp-content\/uploads\/09-phira-galeria.jpg\" target=\"_blank\" rel=\"noopener\"><img loading=\"lazy\" decoding=\"async\" width=\"300\" height=\"225\" data-id=\"281\" src=\"https:\/\/www.phira.es\/wp-content\/uploads\/09-phira-galeria-300x225.jpg\" alt=\"\" class=\"wp-image-281\" srcset=\"https:\/\/www.phira.es\/wp-content\/uploads\/09-phira-galeria-300x225.jpg 300w, https:\/\/www.phira.es\/wp-content\/uploads\/09-phira-galeria-768x576.jpg 768w, https:\/\/www.phira.es\/wp-content\/uploads\/09-phira-galeria-340x255.jpg 340w, https:\/\/www.phira.es\/wp-content\/uploads\/09-phira-galeria-140x105.jpg 140w, https:\/\/www.phira.es\/wp-content\/uploads\/09-phira-galeria.jpg 900w\" sizes=\"auto, (max-width: 300px) 100vw, 300px\" \/><\/a><\/figure>\n\n\n\n<figure class=\"wp-block-image size-medium\"><a href=\"https:\/\/www.phira.es\/wp-content\/uploads\/08-phira-galeria.jpg\" target=\"_blank\" rel=\"noopener\"><img loading=\"lazy\" decoding=\"async\" width=\"300\" height=\"225\" data-id=\"283\" src=\"https:\/\/www.phira.es\/wp-content\/uploads\/08-phira-galeria-300x225.jpg\" alt=\"\" class=\"wp-image-283\" srcset=\"https:\/\/www.phira.es\/wp-content\/uploads\/08-phira-galeria-300x225.jpg 300w, https:\/\/www.phira.es\/wp-content\/uploads\/08-phira-galeria-768x576.jpg 768w, https:\/\/www.phira.es\/wp-content\/uploads\/08-phira-galeria-340x255.jpg 340w, https:\/\/www.phira.es\/wp-content\/uploads\/08-phira-galeria-140x105.jpg 140w, https:\/\/www.phira.es\/wp-content\/uploads\/08-phira-galeria.jpg 900w\" sizes=\"auto, (max-width: 300px) 100vw, 300px\" \/><\/a><\/figure>\n\n\n\n<figure class=\"wp-block-image size-medium\"><a href=\"https:\/\/www.phira.es\/wp-content\/uploads\/2015.07.06_Phyra_BancoImagen_Julio_Barcena_0006_low.jpg\" target=\"_blank\" rel=\"noopener\"><img loading=\"lazy\" decoding=\"async\" width=\"300\" height=\"225\" data-id=\"286\" src=\"https:\/\/www.phira.es\/wp-content\/uploads\/2015.07.06_Phyra_BancoImagen_Julio_Barcena_0006_low-300x225.jpg\" alt=\"\" class=\"wp-image-286\" srcset=\"https:\/\/www.phira.es\/wp-content\/uploads\/2015.07.06_Phyra_BancoImagen_Julio_Barcena_0006_low-300x225.jpg 300w, https:\/\/www.phira.es\/wp-content\/uploads\/2015.07.06_Phyra_BancoImagen_Julio_Barcena_0006_low-1024x768.jpg 1024w, https:\/\/www.phira.es\/wp-content\/uploads\/2015.07.06_Phyra_BancoImagen_Julio_Barcena_0006_low-768x576.jpg 768w, https:\/\/www.phira.es\/wp-content\/uploads\/2015.07.06_Phyra_BancoImagen_Julio_Barcena_0006_low-340x255.jpg 340w, https:\/\/www.phira.es\/wp-content\/uploads\/2015.07.06_Phyra_BancoImagen_Julio_Barcena_0006_low-140x105.jpg 140w, https:\/\/www.phira.es\/wp-content\/uploads\/2015.07.06_Phyra_BancoImagen_Julio_Barcena_0006_low.jpg 1181w\" sizes=\"auto, (max-width: 300px) 100vw, 300px\" \/><\/a><\/figure>\n\n\n\n<figure class=\"wp-block-image size-medium\"><a href=\"https:\/\/www.phira.es\/wp-content\/uploads\/D4BV9431.jpg\" target=\"_blank\" rel=\"noopener\"><img loading=\"lazy\" decoding=\"async\" width=\"300\" height=\"200\" data-id=\"287\" src=\"https:\/\/www.phira.es\/wp-content\/uploads\/D4BV9431-300x200.jpg\" alt=\"\" class=\"wp-image-287\" srcset=\"https:\/\/www.phira.es\/wp-content\/uploads\/D4BV9431-300x200.jpg 300w, https:\/\/www.phira.es\/wp-content\/uploads\/D4BV9431-1024x683.jpg 1024w, https:\/\/www.phira.es\/wp-content\/uploads\/D4BV9431-768x512.jpg 768w, https:\/\/www.phira.es\/wp-content\/uploads\/D4BV9431-1536x1024.jpg 1536w, https:\/\/www.phira.es\/wp-content\/uploads\/D4BV9431-340x227.jpg 340w, https:\/\/www.phira.es\/wp-content\/uploads\/D4BV9431-140x93.jpg 140w, https:\/\/www.phira.es\/wp-content\/uploads\/D4BV9431.jpg 1920w\" sizes=\"auto, (max-width: 300px) 100vw, 300px\" \/><\/a><\/figure>\n\n\n\n<figure class=\"wp-block-image size-medium\"><a href=\"https:\/\/www.phira.es\/wp-content\/uploads\/11-phira-galeria.jpg\" target=\"_blank\" rel=\"noopener\"><img loading=\"lazy\" decoding=\"async\" width=\"225\" height=\"300\" data-id=\"294\" src=\"https:\/\/www.phira.es\/wp-content\/uploads\/11-phira-galeria-225x300.jpg\" alt=\"\" class=\"wp-image-294\" srcset=\"https:\/\/www.phira.es\/wp-content\/uploads\/11-phira-galeria-225x300.jpg 225w, https:\/\/www.phira.es\/wp-content\/uploads\/11-phira-galeria-340x453.jpg 340w, https:\/\/www.phira.es\/wp-content\/uploads\/11-phira-galeria-140x187.jpg 140w, https:\/\/www.phira.es\/wp-content\/uploads\/11-phira-galeria.jpg 675w\" sizes=\"auto, (max-width: 225px) 100vw, 225px\" \/><\/a><\/figure>\n\n\n\n<figure class=\"wp-block-image size-medium\"><a href=\"https:\/\/www.phira.es\/wp-content\/uploads\/10-phira-galeria.jpg\" target=\"_blank\" rel=\"noopener\"><img loading=\"lazy\" decoding=\"async\" width=\"300\" height=\"225\" data-id=\"289\" src=\"https:\/\/www.phira.es\/wp-content\/uploads\/10-phira-galeria-300x225.jpg\" alt=\"\" class=\"wp-image-289\" srcset=\"https:\/\/www.phira.es\/wp-content\/uploads\/10-phira-galeria-300x225.jpg 300w, https:\/\/www.phira.es\/wp-content\/uploads\/10-phira-galeria-768x576.jpg 768w, https:\/\/www.phira.es\/wp-content\/uploads\/10-phira-galeria-340x255.jpg 340w, https:\/\/www.phira.es\/wp-content\/uploads\/10-phira-galeria-140x105.jpg 140w, https:\/\/www.phira.es\/wp-content\/uploads\/10-phira-galeria.jpg 900w\" sizes=\"auto, (max-width: 300px) 100vw, 300px\" \/><\/a><\/figure>\n<\/figure>\n<\/div><\/div><div class=\"background\"><\/div><\/div>\n\n\n\n<div class=\"wp-block-phira-franja mod-franja amb_background marge-superior-gran marge-inferior- padding_fondo _alineacio_\" data-aos=\"off\" data-aos-delay=\"aos_delay\"><div class=\"maq-contenidor estreta\"><div class=\"maq-inner\">\n<p class=\"has-text-align-center is-style-com_titular_3 has-gris-texto-color has-text-color has-link-color wp-elements-c829e79079d9978055513754c5a06ebb\">M\u00f6chten Sie mehr \u00fcber uns erfahren?<\/p>\n\n\n\n<div class=\"wp-block-buttons is-content-justification-center is-layout-flex wp-container-core-buttons-is-layout-16018d1d wp-block-buttons-is-layout-flex\">\n<div class=\"wp-block-button is-style-negro-rojo\"><a class=\"wp-block-button__link wp-element-button\" href=\"https:\/\/www.phira.es\/de\/kontakt\/\">KONTAKT<\/a><\/div>\n<\/div>\n<\/div><\/div><div class=\"background\" style=\"background-image:url(https:\/\/www.phira.es\/wp-content\/uploads\/img-CTA-contacto-1920x700px-1.jpg)\"><\/div><\/div>\n\n\n\n<p><\/p>\n","protected":false},"excerpt":{"rendered":"","protected":false},"author":1,"featured_media":0,"parent":0,"menu_order":0,"comment_status":"closed","ping_status":"closed","template":"","meta":{"_acf_changed":false,"footnotes":""},"class_list":["post-1098","page","type-page","status-publish","hentry"],"acf":[],"_links":{"self":[{"href":"https:\/\/www.phira.es\/de\/wp-json\/wp\/v2\/pages\/1098","targetHints":{"allow":["GET"]}}],"collection":[{"href":"https:\/\/www.phira.es\/de\/wp-json\/wp\/v2\/pages"}],"about":[{"href":"https:\/\/www.phira.es\/de\/wp-json\/wp\/v2\/types\/page"}],"author":[{"embeddable":true,"href":"https:\/\/www.phira.es\/de\/wp-json\/wp\/v2\/users\/1"}],"replies":[{"embeddable":true,"href":"https:\/\/www.phira.es\/de\/wp-json\/wp\/v2\/comments?post=1098"}],"version-history":[{"count":5,"href":"https:\/\/www.phira.es\/de\/wp-json\/wp\/v2\/pages\/1098\/revisions"}],"predecessor-version":[{"id":1401,"href":"https:\/\/www.phira.es\/de\/wp-json\/wp\/v2\/pages\/1098\/revisions\/1401"}],"wp:attachment":[{"href":"https:\/\/www.phira.es\/de\/wp-json\/wp\/v2\/media?parent=1098"}],"curies":[{"name":"wp","href":"https:\/\/api.w.org\/{rel}","templated":true}]}}