{"id":1101,"date":"2024-10-09T08:21:54","date_gmt":"2024-10-09T06:21:54","guid":{"rendered":"https:\/\/www.phira.es\/calidad\/"},"modified":"2026-02-27T10:42:25","modified_gmt":"2026-02-27T09:42:25","slug":"qualitaet","status":"publish","type":"page","link":"https:\/\/www.phira.es\/de\/qualitaet\/","title":{"rendered":"Qualit\u00e4t"},"content":{"rendered":"\n<div class=\"wp-block-phira-cabecera mod-cabecera\"><div class=\"slider\">\n<div class=\"wp-block-phira-cabecera-interior slide\"><div class=\"maq-contenidor\" style=\"backdrop-filter: blur(0px)\"><div class=\"text\">\n<p class=\"is-style-com_titular_3 has-blanc-color has-text-color has-link-color wp-elements-1521e6c773d125b6726f9ceb9adf0375\" style=\"font-size:45px\">Qualit\u00e4t<\/p>\n\n\n\n<p class=\"is-style-com_titular_3 has-blanc-color has-text-color has-link-color wp-elements-149caa4934e16263a4ab9d7ca4d76e3a\">Unser wertvollstes Gut<\/p>\n<\/div><\/div><div class=\"image\" style=\"background-image:url(https:\/\/www.phira.es\/wp-content\/uploads\/slider-phira-calidad.jpg)\"><\/div><div style=\"background: #000; opacity: calc(30\/100);\" class=\"capa-color\"><\/div><\/div>\n<\/div><\/div>\n\n\n\n<div class=\"wp-block-phira-franja mod-franja sense_background marge-superior- marge-inferior- padding_fondo _alineacio_\" data-aos=\"off\" data-aos-delay=\"aos_delay\"><div class=\"maq-contenidor estreta\"><div class=\"maq-inner\">\n<p class=\"has-text-align-center is-style-com_titular_4\" style=\"font-size:24px;line-height:1.6\">Einer der Hauptfaktoren, der uns zu Marktf\u00fchrern macht, ist unsere Qualit\u00e4tspolitik, die auf die Herstellung von Produkten mit h\u00f6chsten internationalen Standards ausgerichtet ist.<\/p>\n\n\n\n<p class=\"has-text-align-center is-style-com_titular_4\" style=\"font-size:24px;line-height:1.7\">Daf\u00fcr ist ein Team von Spitzenfachkr\u00e4ften unerl\u00e4sslich \u2013 ausgebildet an den besten Instituten, mit einer proaktiven Haltung, die sowohl unsere Ziele als auch die unserer Kunden unterst\u00fctzt. <a href=\"https:\/\/www.phira.es\/wp-content\/uploads\/Politica-Calidad-firmada-v02.pdf\" target=\"_blank\" rel=\"noreferrer noopener\">Qualit\u00e4tspolitik anzeigen<\/a>.<\/p>\n\n\n\n<p class=\"has-text-align-center is-style-com_titular_4\" style=\"font-size:24px\">Das Qualit\u00e4tsmanagementsystem von PHIRA basiert auf den Anforderungen der Norm <a href=\"https:\/\/www.phira.es\/wp-content\/uploads\/CERTIFICADO-PHIRA-SIGMA-INGLES.pdf\" target=\"_blank\" rel=\"noreferrer noopener\">ISO 9001\/2015<\/a>.<\/p>\n\n\n\n<div class=\"wp-block-buttons is-content-justification-center is-layout-flex wp-container-core-buttons-is-layout-16018d1d wp-block-buttons-is-layout-flex\"><\/div>\n<\/div><\/div><div class=\"background\"><\/div><\/div>\n\n\n\n<div class=\"wp-block-phira-franja mod-franja sense_background marge-superior- marge-inferior- padding_fondo _alineacio_\" data-aos=\"off\" data-aos-delay=\"aos_delay\"><div class=\"maq-contenidor estreta\"><div class=\"maq-inner\">\n<p><\/p>\n\n\n\n<div class=\"wp-block-columns is-layout-flex wp-container-core-columns-is-layout-9d6595d7 wp-block-columns-is-layout-flex\">\n<div class=\"wp-block-column is-layout-flow wp-block-column-is-layout-flow\" style=\"flex-basis:66.66%\">\n<p class=\"is-style-com_titular_3\" style=\"margin-right:var(--wp--preset--spacing--20);margin-left:var(--wp--preset--spacing--20)\">Werkzeugdesign<\/p>\n\n\n\n<p class=\"is-style-com_titular_3\" style=\"padding-right:var(--wp--preset--spacing--20);padding-left:var(--wp--preset--spacing--20);font-size:20px;line-height:1.6\">Bei Phira entwerfen wir unsere eigenen Formen, um Teile in gleicher oder besserer Qualit\u00e4t als die des Herstellers zu gew\u00e4hrleisten. Unser Ansatz garantiert Pr\u00e4zision, perfekte Integration, makellose Optik und optimierte Montagezeiten.<\/p>\n\n\n\n<p class=\"is-style-com_titular_3\" style=\"padding-right:var(--wp--preset--spacing--20);padding-left:var(--wp--preset--spacing--20);font-size:20px;line-height:1.6\">Unsere hochwertigen Formen erm\u00f6glichen eine genaue Montage ohne \u00e4sthetische M\u00e4ngel und erlauben den Austausch nur notwendiger Teile. Dies senkt Kosten, erh\u00f6ht die Haltbarkeit und garantiert ein perfektes und sicheres Finish.<br><\/p>\n<\/div>\n\n\n\n<div class=\"wp-block-column is-layout-flow wp-block-column-is-layout-flow\" style=\"flex-basis:33.33%\">\n<div class=\"wp-block-phira-slider mod-slider n-slides-1 maq-normal\" data-n-slides=\"1\" data-autoplay=\"3000\">\n<div class=\"wp-block-phira-slide slide\">\n<figure class=\"wp-block-image size-full\"><img loading=\"lazy\" decoding=\"async\" width=\"650\" height=\"488\" src=\"https:\/\/www.phira.es\/wp-content\/uploads\/04-img-diseno-molde-phira.jpg\" alt=\"\" class=\"wp-image-303\" srcset=\"https:\/\/www.phira.es\/wp-content\/uploads\/04-img-diseno-molde-phira.jpg 650w, https:\/\/www.phira.es\/wp-content\/uploads\/04-img-diseno-molde-phira-300x225.jpg 300w, https:\/\/www.phira.es\/wp-content\/uploads\/04-img-diseno-molde-phira-340x255.jpg 340w, https:\/\/www.phira.es\/wp-content\/uploads\/04-img-diseno-molde-phira-140x105.jpg 140w\" sizes=\"auto, (max-width: 650px) 100vw, 650px\" \/><\/figure>\n<\/div>\n\n\n\n<div class=\"wp-block-phira-slide slide\">\n<figure class=\"wp-block-image size-full\"><img loading=\"lazy\" decoding=\"async\" width=\"650\" height=\"488\" src=\"https:\/\/www.phira.es\/wp-content\/uploads\/03-img-diseno-molde-phira.jpg\" alt=\"\" class=\"wp-image-302\" srcset=\"https:\/\/www.phira.es\/wp-content\/uploads\/03-img-diseno-molde-phira.jpg 650w, https:\/\/www.phira.es\/wp-content\/uploads\/03-img-diseno-molde-phira-300x225.jpg 300w, https:\/\/www.phira.es\/wp-content\/uploads\/03-img-diseno-molde-phira-340x255.jpg 340w, https:\/\/www.phira.es\/wp-content\/uploads\/03-img-diseno-molde-phira-140x105.jpg 140w\" sizes=\"auto, (max-width: 650px) 100vw, 650px\" \/><\/figure>\n<\/div>\n\n\n\n<div class=\"wp-block-phira-slide slide\">\n<figure class=\"wp-block-image size-full\"><img loading=\"lazy\" decoding=\"async\" width=\"650\" height=\"488\" src=\"https:\/\/www.phira.es\/wp-content\/uploads\/01-img-diseno-molde-phira.jpg\" alt=\"\" class=\"wp-image-299\" srcset=\"https:\/\/www.phira.es\/wp-content\/uploads\/01-img-diseno-molde-phira.jpg 650w, https:\/\/www.phira.es\/wp-content\/uploads\/01-img-diseno-molde-phira-300x225.jpg 300w, https:\/\/www.phira.es\/wp-content\/uploads\/01-img-diseno-molde-phira-340x255.jpg 340w, https:\/\/www.phira.es\/wp-content\/uploads\/01-img-diseno-molde-phira-140x105.jpg 140w\" sizes=\"auto, (max-width: 650px) 100vw, 650px\" \/><\/figure>\n<\/div>\n<\/div>\n<\/div>\n<\/div>\n<\/div><\/div><div class=\"background\"><\/div><div class=\"capa-blur\" style=\"backdrop-filter: blur(0px)\"><\/div><div style=\"background: #000; opacity: calc(5\/100);\" class=\"capa-color\"><\/div><\/div>\n\n\n\n<div class=\"wp-block-phira-franja mod-franja sense_background marge-superior-gran marge-inferior-petit  _alineacio_\" data-aos=\"fade-up\" data-aos-delay=\"aos_delay\"><div class=\"maq-contenidor normal\"><div class=\"maq-inner\">\n<div class=\"wp-block-phira-landing mod-landing cols_3\"><div class=\"wrapper\"><div class=\"inner\">\n<div class=\"wp-block-phira-landing-interior col\"><div class=\"image_wrapper amb_filet\"><div class=\"img_wrapper\"><div class=\"image\" style=\"background-image:url(https:\/\/www.phira.es\/wp-content\/uploads\/materi-prima-phira-calidad.jpg)\"><\/div><\/div><div class=\"text\">\n<p class=\"has-text-align-center is-style-com_titular_4_fil has-gris-texto-color has-text-color has-link-color wp-elements-8a9e9b761212731cf7f7c346993a9d0f\">Rohmaterial<\/p>\n\n\n\n<p class=\"is-style-com_titular_4\" style=\"font-size:20px;line-height:1.6\">Das richtige Rohmaterial f\u00fcr Sto\u00dff\u00e4nger gew\u00e4hrleistet Sicherheit, Haltbarkeit und ein perfektes Finish &#8211; entscheidend f\u00fcr Kundenzufriedenheit und Effizienz in der Werkstatt<\/p>\n<\/div><\/div><\/div>\n\n\n\n<div class=\"wp-block-phira-landing-interior col\"><div class=\"image_wrapper amb_filet\"><div class=\"img_wrapper\"><div class=\"image\" style=\"background-image:url(https:\/\/www.phira.es\/wp-content\/uploads\/inyeccion-phira-calidad.jpg)\"><\/div><\/div><div class=\"text\">\n<p class=\"has-text-align-center is-style-com_titular_4_fil has-gris-texto-color has-text-color has-link-color wp-elements-a5058077f7a916c723180e4f03a38b99\">Spritzguss<\/p>\n\n\n\n<p class=\"is-style-com_titular_4\" style=\"font-size:20px;line-height:1.6\">Die Qualit\u00e4t des Werkzeugs und des Verfahrens ist entscheidend f\u00fcr einwandfreie Teile mit optimalem Finish und maximaler Haltbarkeit.<\/p>\n<\/div><\/div><\/div>\n\n\n\n<div class=\"wp-block-phira-landing-interior col\"><div class=\"image_wrapper amb_filet\"><div class=\"img_wrapper\"><div class=\"image\" style=\"background-image:url(https:\/\/www.phira.es\/wp-content\/uploads\/imprimacion-phira-calidad.jpg)\"><\/div><\/div><div class=\"text\">\n<p class=\"has-text-align-center is-style-com_titular_4_fil has-gris-texto-color has-text-color has-link-color wp-elements-2534bb6415a5c8b06442d17bb14e1191\">Grundierung<\/p>\n\n\n\n<p class=\"is-style-com_titular_4\" style=\"font-size:20px;line-height:1.6\">Unsere hochwertige Grundierung sorgt f\u00fcr perfekten Halt der Farbe, vereinfacht die Arbeit in der Werkstatt und garantiert ein dauerhaftes, makelloses Finish.<\/p>\n<\/div><\/div><\/div>\n<\/div><\/div><\/div>\n<\/div><\/div><div class=\"background\"><\/div><\/div>\n\n\n\n<div class=\"wp-block-phira-franja mod-franja sense_background marge-superior-petit marge-inferior-petit padding_fondo _alineacio_\" data-aos=\"fade-up\" data-aos-delay=\"aos_delay\"><div class=\"maq-contenidor moltestreta\"><div class=\"maq-inner\">\n<p class=\"has-text-align-center is-style-com_titular_3 has-gris-texto-color has-text-color has-link-color wp-elements-b5b7e7c248946c748e340015313e2949\">Die besten Oberfl\u00e4chen<\/p>\n\n\n\n<div style=\"height:21px\" aria-hidden=\"true\" class=\"wp-block-spacer\"><\/div>\n\n\n\n<figure class=\"wp-block-embed is-type-video is-provider-youtube wp-block-embed-youtube wp-embed-aspect-16-9 wp-has-aspect-ratio\"><div class=\"wp-block-embed__wrapper\">\n<iframe loading=\"lazy\" title=\"PHIRA: Acabados\" width=\"500\" height=\"281\" src=\"https:\/\/www.youtube.com\/embed\/DYgRJcJUiFA?feature=oembed\" frameborder=\"0\" allow=\"accelerometer; autoplay; clipboard-write; encrypted-media; gyroscope; picture-in-picture; web-share\" referrerpolicy=\"strict-origin-when-cross-origin\" allowfullscreen><\/iframe>\n<\/div><\/figure>\n<\/div><\/div><div class=\"background\"><\/div><\/div>\n\n\n\n<div class=\"wp-block-phira-cabecera mod-cabecera fina\"><div class=\"slider\">\n<div class=\"wp-block-phira-cabecera-interior slide\"><div class=\"maq-contenidor\" style=\"backdrop-filter: blur(0px)\"><div class=\"text\">\n<p class=\"has-text-align-center is-style-com_titular_3 has-gris-texto-color has-text-color has-link-color wp-elements-c829e79079d9978055513754c5a06ebb\">M\u00f6chten Sie mehr \u00fcber uns erfahren?<\/p>\n\n\n\n<div class=\"wp-block-buttons is-content-justification-center is-layout-flex wp-container-core-buttons-is-layout-16018d1d wp-block-buttons-is-layout-flex\">\n<div class=\"wp-block-button\"><a class=\"wp-block-button__link wp-element-button\" href=\"https:\/\/www.phira.es\/de\/kontakt\/\">KONTAKT<\/a><\/div>\n<\/div>\n<\/div><\/div><div class=\"image\" style=\"background-image:url(https:\/\/www.phira.es\/wp-content\/uploads\/img-CTA-contacto-1920x700px-1.jpg)\"><\/div><\/div>\n<\/div><\/div>\n\n\n\n<p><\/p>\n","protected":false},"excerpt":{"rendered":"","protected":false},"author":1,"featured_media":0,"parent":0,"menu_order":0,"comment_status":"closed","ping_status":"closed","template":"","meta":{"_acf_changed":false,"footnotes":""},"class_list":["post-1101","page","type-page","status-publish","hentry"],"acf":[],"_links":{"self":[{"href":"https:\/\/www.phira.es\/de\/wp-json\/wp\/v2\/pages\/1101","targetHints":{"allow":["GET"]}}],"collection":[{"href":"https:\/\/www.phira.es\/de\/wp-json\/wp\/v2\/pages"}],"about":[{"href":"https:\/\/www.phira.es\/de\/wp-json\/wp\/v2\/types\/page"}],"author":[{"embeddable":true,"href":"https:\/\/www.phira.es\/de\/wp-json\/wp\/v2\/users\/1"}],"replies":[{"embeddable":true,"href":"https:\/\/www.phira.es\/de\/wp-json\/wp\/v2\/comments?post=1101"}],"version-history":[{"count":6,"href":"https:\/\/www.phira.es\/de\/wp-json\/wp\/v2\/pages\/1101\/revisions"}],"predecessor-version":[{"id":1490,"href":"https:\/\/www.phira.es\/de\/wp-json\/wp\/v2\/pages\/1101\/revisions\/1490"}],"wp:attachment":[{"href":"https:\/\/www.phira.es\/de\/wp-json\/wp\/v2\/media?parent=1101"}],"curies":[{"name":"wp","href":"https:\/\/api.w.org\/{rel}","templated":true}]}}