{"id":1104,"date":"2024-09-25T22:02:54","date_gmt":"2024-09-25T20:02:54","guid":{"rendered":"https:\/\/www.phira.es\/home\/"},"modified":"2025-07-02T11:51:58","modified_gmt":"2025-07-02T09:51:58","slug":"home","status":"publish","type":"page","link":"https:\/\/www.phira.es\/de\/","title":{"rendered":"Home"},"content":{"rendered":"\n<div class=\"wp-block-phira-cabecera mod-cabecera\"><div class=\"slider\">\n<div class=\"wp-block-phira-cabecera-interior-vimeo slide\"><div class=\"maq-contenidor\" style=\"backdrop-filter: blur(0px)\"><div class=\"text\">\n<h2 class=\"wp-block-heading is-style-com_titular_2 has-blanc-color has-text-color has-link-color wp-elements-9a64c9faf73ab5840055559f2f83b97b\"><strong>Making the difference<\/strong><\/h2>\n\n\n\n<p class=\"is-style-com_titular_3 has-blanc-color has-text-color has-link-color wp-elements-966114a935f4dbc1844f6a959fbcba5b\" style=\"font-size:26px\">Wir stellen Sto\u00dff\u00e4nger und Kunststoffkarosserieteile f\u00fcr Autos her.<\/p>\n\n\n\n<div class=\"wp-block-buttons is-content-justification-center is-layout-flex wp-container-core-buttons-is-layout-16018d1d wp-block-buttons-is-layout-flex\">\n<div class=\"wp-block-button is-style-blanco-rojo\"><a class=\"wp-block-button__link wp-element-button\" href=\"https:\/\/www.phira.es\/de\/katalog\/\">KATALOG<\/a><\/div>\n<\/div>\n<\/div><\/div><div class=\"video-wrapper\"><div class=\"video-resizer\"><iframe loading=\"lazy\" width=\"500\" height=\"281\" src=\"https:\/\/player.vimeo.com\/video\/1098130693?autoplay=1&#038;muted=1&#038;background=1&#038;loop=1&#038;quality=1080p\" frameborder=\"0\" allow=\"autoplay; fullscreen; picture-in-picture; clipboard-write\"><\/iframe><\/div><\/div><div style=\"background: #000; opacity: calc(50\/100);\" class=\"capa-color\"><\/div><\/div>\n<\/div><\/div>\n\n\n\n<div class=\"wp-block-phira-franja mod-franja sense_background marge-superior- marge-inferior-petit padding_fondo _alineacio_\" data-aos=\"fade-up\" data-aos-delay=\"aos_delay\"><div class=\"maq-contenidor estreta\"><div class=\"maq-inner\">\n<p class=\"has-text-align-center is-style-com_titular_3 has-gris-texto-color has-text-color has-link-color wp-elements-17d0758ccc784b3478aa08ee93832f5f\"><strong>Der einzige unabh\u00e4ngige Sto\u00dff\u00e4ngerhersteller in Spanien<\/strong><\/p>\n\n\n\n<div style=\"height:27px\" aria-hidden=\"true\" class=\"wp-block-spacer\"><\/div>\n\n\n\n<p class=\"has-text-align-center is-style-com_titular_4 has-gris-texto-color has-text-color has-link-color wp-elements-2c035c78d2aa0fe3b06a955e0e01103c\">Phira ist ein familiengef\u00fchrtes Unternehmen und f\u00fchrend in der Herstellung von Sto\u00dff\u00e4ngern und Kunststoffkarosserieteilen. Gegr\u00fcndet 1963 und heute in der zweiten Generation gef\u00fchrt, ist es der einzige unabh\u00e4ngige spanische Hersteller in seinem Bereich.<\/p>\n\n\n\n<div class=\"wp-block-buttons is-content-justification-center is-layout-flex wp-container-core-buttons-is-layout-16018d1d wp-block-buttons-is-layout-flex\">\n<div class=\"wp-block-button\"><a class=\"wp-block-button__link wp-element-button\" href=\"https:\/\/www.phira.es\/de\/ueber-uns\/\">SABER M\u00c1S<\/a><\/div>\n<\/div>\n<\/div><\/div><div class=\"background\"><\/div><div class=\"capa-blur\" style=\"backdrop-filter: blur(0px)\"><\/div><div style=\"background: #e6e6e6; opacity: calc(100\/100);\" class=\"capa-color\"><\/div><\/div>\n\n\n\n<div class=\"wp-block-phira-franja mod-franja sense_background marge-superior- marge-inferior-  _alineacio_\" data-aos=\"fade-up\" data-aos-delay=\"aos_delay\"><div class=\"maq-contenidor normal\"><div class=\"maq-inner\">\n<h2 class=\"wp-block-heading has-text-align-center has-gris-texto-color has-text-color has-link-color wp-elements-5601a8881cc25d41783b20699bfdb782\">Neueste Produkte<\/h2>\n\n\n\n<div class=\"wp-block-phira-ultimasnovedades mod-ultimas-novedades\"><div class=\"callback-wrapper\"><div class=\"mod-franja marge-superior-petit marge-inferior-petit\"><div class=\"maq-contenidor normal\"><div class=\"wrapper_slider_cataleg\"><div class=\"slider_cataleg\"><div class=\"test_item_cataleg  azul\">\r\n\t<div class=\"contenedor\">\r\n\t\t<div class=\"primera azul 2\">\r\n\t\t<div class=\"codi\">55201316<\/div><div class=\"logo\"><img loading=\"lazy\" decoding=\"async\" src=\"https:\/\/www.phira.es\/wp-content\/themes\/phira\/img-api\/MIC.jpg\" width=\"35\" height=\"22\" alt=\"MIC\" class=\"logo-mic\"><\/div>\t\t<\/div>\r\n\t\t<div class=\"cajaimagen js_iguala_alturas\">\r\n\t\t\t<img decoding=\"async\" id=\"Peugeot308_II_201355201316\" class=\"imagen\" src=\"https:\/\/www.phira.es\/recursos\/articulos\/308-13131_medio.jpg\" alt=\"\" align=\"center\">\t\t\t<div class=\"wp-block-button is-style-rojo-negro-opaco\">\r\n\t\t\t\t<a href=\"https:\/\/www.phira.es\/de\/ficha?ref=\/308_II_2013\/55201316\" class=\"wp-block-button__link wp-element-button\">PRODUKT ANZEIGEN<\/a>\r\n\t\t\t<\/div>\r\n\t\t<\/div>\r\n\t\t\t\t<div class=\"descripcionOEM\">\r\n\t\t\t<p>\u00c4hnliche zu O. E. 1610744380<\/p>\r\n\t\t<\/div> \r\n\t\t\r\n\t\t<div class=\"cajadescripcion\">\r\n\t\t\t<p>Sto\u00dfstange vorne K\u00fchlergitter unten rechts mit verchromtem Rahmen<\/p>\n<p class=\"infomodel\">Peugeot 308 II 2013<\/p>\t\t<\/div>\r\n\t\t\t<\/div>\r\n<\/div><div class=\"test_item_cataleg \">\r\n\t<div class=\"contenedor\">\r\n\t\t<div class=\"primera  -\">\r\n\t\t<div class=\"codi\">MY-<span>21<\/span>200<\/div>\t\t<\/div>\r\n\t\t<div class=\"cajaimagen js_iguala_alturas\">\r\n\t\t\t<img decoding=\"async\" id=\"TeslaMODEL_Y_2021MY21200\" class=\"imagen\" src=\"https:\/\/www.phira.es\/recursos\/articulos\/MY-21200_medio.jpg\" alt=\"\" align=\"center\">\t\t\t<div class=\"wp-block-button is-style-rojo-negro-opaco\">\r\n\t\t\t\t<a href=\"https:\/\/www.phira.es\/de\/ficha?ref=\/MODEL_Y_2021\/MY-21200\" class=\"wp-block-button__link wp-element-button\">PRODUKT ANZEIGEN<\/a>\r\n\t\t\t<\/div>\r\n\t\t<\/div>\r\n\t\t\t\t<div class=\"descripcionOEM\">\r\n\t\t\t<p>\u00c4hnliche zu O. E. 1493736SCC<\/p>\r\n\t\t<\/div> \r\n\t\t\r\n\t\t<div class=\"cajadescripcion\">\r\n\t\t\t<p>Sto\u00dfstange vorne grundiert<\/p>\n<p class=\"infomodel\">Tesla MODEL Y 2021<\/p>\t\t<\/div>\r\n\t\t\t<\/div>\r\n<\/div><div class=\"test_item_cataleg \">\r\n\t<div class=\"contenedor\">\r\n\t\t<div class=\"primera  -\">\r\n\t\t<div class=\"codi\">MY-<span>21<\/span>231<\/div>\t\t<\/div>\r\n\t\t<div class=\"cajaimagen js_iguala_alturas\">\r\n\t\t\t<img decoding=\"async\" id=\"TeslaMODEL_Y_2021MY21231\" class=\"imagen\" src=\"https:\/\/www.phira.es\/recursos\/articulos\/MY-21231_medio.jpg\" alt=\"\" align=\"center\">\t\t\t<div class=\"wp-block-button is-style-rojo-negro-opaco\">\r\n\t\t\t\t<a href=\"https:\/\/www.phira.es\/de\/ficha?ref=\/MODEL_Y_2021\/MY-21231\" class=\"wp-block-button__link wp-element-button\">PRODUKT ANZEIGEN<\/a>\r\n\t\t\t<\/div>\r\n\t\t<\/div>\r\n\t\t\t\t<div class=\"descripcionOEM\">\r\n\t\t\t<p>\u00c4hnliche zu O. E. 1493736SCA<\/p>\r\n\t\t<\/div> \r\n\t\t\r\n\t\t<div class=\"cajadescripcion\">\r\n\t\t\t<p>Sto\u00dfstange vorne grundiert mit 6 L\u00f6chern f\u00fcr Einparkhilfe<\/p>\n<p class=\"infomodel\">Tesla MODEL Y 2021<\/p>\t\t<\/div>\r\n\t\t\t<\/div>\r\n<\/div><div class=\"test_item_cataleg \">\r\n\t<div class=\"contenedor\">\r\n\t\t<div class=\"primera  -\">\r\n\t\t<div class=\"codi\">MY-<span>21<\/span>300<\/div>\t\t<\/div>\r\n\t\t<div class=\"cajaimagen js_iguala_alturas\">\r\n\t\t\t<img decoding=\"async\" id=\"TeslaMODEL_Y_2021MY21300\" class=\"imagen\" src=\"https:\/\/www.phira.es\/recursos\/articulos\/MY-21300_medio.jpg\" alt=\"\" align=\"center\">\t\t\t<div class=\"wp-block-button is-style-rojo-negro-opaco\">\r\n\t\t\t\t<a href=\"https:\/\/www.phira.es\/de\/ficha?ref=\/MODEL_Y_2021\/MY-21300\" class=\"wp-block-button__link wp-element-button\">PRODUKT ANZEIGEN<\/a>\r\n\t\t\t<\/div>\r\n\t\t<\/div>\r\n\t\t\t\t<div class=\"descripcionOEM\">\r\n\t\t\t<p>\u00c4hnliche zu O. E. 1493735SCC<\/p>\r\n\t\t<\/div> \r\n\t\t\r\n\t\t<div class=\"cajadescripcion\">\r\n\t\t\t<p>Sto\u00dfstange hinten grundiert<\/p>\n<p class=\"infomodel\">Tesla MODEL Y 2021<\/p>\t\t<\/div>\r\n\t\t\t<\/div>\r\n<\/div><div class=\"test_item_cataleg \">\r\n\t<div class=\"contenedor\">\r\n\t\t<div class=\"primera  -\">\r\n\t\t<div class=\"codi\">MY-<span>21<\/span>310<\/div>\t\t<\/div>\r\n\t\t<div class=\"cajaimagen js_iguala_alturas\">\r\n\t\t\t<img decoding=\"async\" id=\"TeslaMODEL_Y_2021MY21310\" class=\"imagen\" src=\"https:\/\/www.phira.es\/recursos\/articulos\/MY-21310_medio.jpg\" alt=\"\" align=\"center\">\t\t\t<div class=\"wp-block-button is-style-rojo-negro-opaco\">\r\n\t\t\t\t<a href=\"https:\/\/www.phira.es\/de\/ficha?ref=\/MODEL_Y_2021\/MY-21310\" class=\"wp-block-button__link wp-element-button\">PRODUKT ANZEIGEN<\/a>\r\n\t\t\t<\/div>\r\n\t\t<\/div>\r\n\t\t\t\t<div class=\"descripcionOEM\">\r\n\t\t\t<p>\u00c4hnliche zu O. E. 149400600B<\/p>\r\n\t\t<\/div> \r\n\t\t\r\n\t\t<div class=\"cajadescripcion\">\r\n\t\t\t<p>Sto\u00dfstante hinten unten schwarz<\/p>\n<p class=\"infomodel\">Tesla MODEL Y 2021<\/p>\t\t<\/div>\r\n\t\t\t<\/div>\r\n<\/div><div class=\"test_item_cataleg \">\r\n\t<div class=\"contenedor\">\r\n\t\t<div class=\"primera  -\">\r\n\t\t<div class=\"codi\">MY-<span>21<\/span>331<\/div>\t\t<\/div>\r\n\t\t<div class=\"cajaimagen js_iguala_alturas\">\r\n\t\t\t<img decoding=\"async\" id=\"TeslaMODEL_Y_2021MY21331\" class=\"imagen\" src=\"https:\/\/www.phira.es\/recursos\/articulos\/MY-21331_medio.jpg\" alt=\"\" align=\"center\">\t\t\t<div class=\"wp-block-button is-style-rojo-negro-opaco\">\r\n\t\t\t\t<a href=\"https:\/\/www.phira.es\/de\/ficha?ref=\/MODEL_Y_2021\/MY-21331\" class=\"wp-block-button__link wp-element-button\">PRODUKT ANZEIGEN<\/a>\r\n\t\t\t<\/div>\r\n\t\t<\/div>\r\n\t\t\t\t<div class=\"descripcionOEM\">\r\n\t\t\t<p>\u00c4hnliche zu O. E. 1493735SCA<\/p>\r\n\t\t<\/div> \r\n\t\t\r\n\t\t<div class=\"cajadescripcion\">\r\n\t\t\t<p>Sto\u00dfstange hinten grundiert mit 6 L\u00f6chern f\u00fcr Einparkhilfe<\/p>\n<p class=\"infomodel\">Tesla MODEL Y 2021<\/p>\t\t<\/div>\r\n\t\t\t<\/div>\r\n<\/div><\/div><\/div><\/div><\/div><\/div><\/div>\n\n\n\n<div class=\"wp-block-buttons is-content-justification-center is-layout-flex wp-container-core-buttons-is-layout-16018d1d wp-block-buttons-is-layout-flex\">\n<div class=\"wp-block-button is-style-negro-naranja\"><a class=\"wp-block-button__link wp-element-button\" href=\"https:\/\/www.phira.es\/de\/katalog\/\">ZUM KATALOG<\/a><\/div>\n<\/div>\n<\/div><\/div><div class=\"background\"><\/div><\/div>\n\n\n\n<div class=\"wp-block-phira-franja mod-franja amb_background marge-superior-petit marge-inferior- padding_fondo _alineacio_\" data-aos=\"fade-left\" data-aos-delay=\"aos_delay\"><div class=\"maq-contenidor estreta\"><div class=\"maq-inner\">\n<p class=\"is-style-com_titular_3 has-blanc-color has-text-color has-link-color wp-elements-eb566b4fc69bc25aea85bc96c1c812a8\"><strong>H\u00f6chste Qualit\u00e4t bei all unseren Teilen<\/strong><\/p>\n\n\n\n<p class=\"is-style-com_titular_3 has-blanc-color has-text-color has-link-color wp-elements-5376f6cb53e2c47bdfad957e406adac3\" style=\"margin-top:0;margin-right:0;margin-bottom:0;margin-left:0\">Unsere Qualit\u00e4tspolitik und unser au\u00dfergew\u00f6hnliches Team positionieren uns als Marktf\u00fchrer mit globalen Standards.<\/p>\n\n\n\n<div class=\"wp-block-buttons is-layout-flex wp-block-buttons-is-layout-flex\">\n<div class=\"wp-block-button is-style-blanco-rojo\"><a class=\"wp-block-button__link wp-element-button\" href=\"https:\/\/www.phira.es\/de\/qualitaet\/\">MEHR ERFAHREN<\/a><\/div>\n<\/div>\n<\/div><\/div><div class=\"background\" style=\"background-image:url(https:\/\/www.phira.es\/wp-content\/uploads\/bg-2.jpg)\"><\/div><\/div>\n\n\n\n<div class=\"wp-block-phira-franja mod-franja sense_background marge-superior-petit marge-inferior-petit padding_fondo _alineacio_\" data-aos=\"fade-up\" data-aos-delay=\"aos_delay\"><div class=\"maq-contenidor moltestreta\"><div class=\"maq-inner\">\n<div class=\"wp-block-phira-slider mod-slider n-slides-1 maq-normal slider\" data-n-slides=\"1\" data-autoplay=\"no\">\n<div class=\"wp-block-phira-slide slide\">\n<p class=\"has-text-align-center is-style-com_titular_3 has-gris-texto-color has-text-color has-link-color wp-elements-4d3a65d59e460476a03341b3c9e6d319\">Kotfl\u00fcgel<\/p>\n\n\n\n<div style=\"height:21px\" aria-hidden=\"true\" class=\"wp-block-spacer\"><\/div>\n\n\n\n<figure class=\"wp-block-embed is-type-video is-provider-youtube wp-block-embed-youtube wp-embed-aspect-16-9 wp-has-aspect-ratio\"><div class=\"wp-block-embed__wrapper\">\n<iframe loading=\"lazy\" title=\"Phira: Guardabarros\" width=\"500\" height=\"281\" src=\"https:\/\/www.youtube.com\/embed\/as141VmYsZ8?start=8&#038;feature=oembed\" frameborder=\"0\" allow=\"accelerometer; autoplay; clipboard-write; encrypted-media; gyroscope; picture-in-picture; web-share\" referrerpolicy=\"strict-origin-when-cross-origin\" allowfullscreen><\/iframe>\n<\/div><\/figure>\n<\/div>\n\n\n\n<div class=\"wp-block-phira-slide slide\">\n<p class=\"has-text-align-center is-style-com_titular_3 has-gris-texto-color has-text-color has-link-color wp-elements-957ed18fae9acef1af9c3c7f0db4da7c\">Grundierung<\/p>\n\n\n\n<div style=\"height:21px\" aria-hidden=\"true\" class=\"wp-block-spacer\"><\/div>\n\n\n\n<figure class=\"wp-block-embed is-type-video is-provider-youtube wp-block-embed-youtube wp-embed-aspect-16-9 wp-has-aspect-ratio\"><div class=\"wp-block-embed__wrapper\">\n<iframe loading=\"lazy\" title=\"PHIRA: la mejor imprimaci\u00f3n para los mejores paragolpes\" width=\"500\" height=\"281\" src=\"https:\/\/www.youtube.com\/embed\/E7xOzAYnLkU?feature=oembed\" frameborder=\"0\" allow=\"accelerometer; autoplay; clipboard-write; encrypted-media; gyroscope; picture-in-picture; web-share\" referrerpolicy=\"strict-origin-when-cross-origin\" allowfullscreen><\/iframe>\n<\/div><\/figure>\n<\/div>\n\n\n\n<div class=\"wp-block-phira-slide slide\">\n<p class=\"has-text-align-center is-style-com_titular_3 has-gris-texto-color has-text-color has-link-color wp-elements-33d3869276985bd5cc0e24cd6b40aea7\">Veredelungen<\/p>\n\n\n\n<div style=\"height:21px\" aria-hidden=\"true\" class=\"wp-block-spacer\"><\/div>\n\n\n\n<figure class=\"wp-block-embed is-type-video is-provider-youtube wp-block-embed-youtube wp-embed-aspect-16-9 wp-has-aspect-ratio\"><div class=\"wp-block-embed__wrapper\">\n<iframe loading=\"lazy\" title=\"PHIRA: Acabados\" width=\"500\" height=\"281\" src=\"https:\/\/www.youtube.com\/embed\/DYgRJcJUiFA?feature=oembed\" frameborder=\"0\" allow=\"accelerometer; autoplay; clipboard-write; encrypted-media; gyroscope; picture-in-picture; web-share\" referrerpolicy=\"strict-origin-when-cross-origin\" allowfullscreen><\/iframe>\n<\/div><\/figure>\n<\/div>\n<\/div>\n<\/div><\/div><div class=\"background\"><\/div><\/div>\n\n\n\n<div class=\"wp-block-phira-cabecera mod-cabecera\"><div class=\"slider\">\n<div class=\"wp-block-phira-cabecera-interior slide\"><div class=\"maq-contenidor\" style=\"backdrop-filter: blur(0px)\"><div class=\"text\">\n<p class=\"is-style-com_titular_3 has-negro-color has-text-color has-link-color wp-elements-d1ecb87dd261ce13caad001feec96176\">Kaufen Sie online und sparen Sie Zeit<\/p>\n\n\n\n<div class=\"wp-block-buttons is-content-justification-center is-layout-flex wp-container-core-buttons-is-layout-16018d1d wp-block-buttons-is-layout-flex\">\n<div class=\"wp-block-button is-style-negro-rojo\"><a class=\"wp-block-button__link has-text-align-center wp-element-button\" href=\"https:\/\/www.phira.es\/de\/katalog\/\">JETZT KAUFEN<\/a><\/div>\n<\/div>\n<\/div><\/div><div class=\"image\" style=\"background-image:url(https:\/\/www.phira.es\/wp-content\/uploads\/img-CTA-compra-online-1920x700px-clara.jpg)\"><\/div><\/div>\n<\/div><\/div>\n\n\n\n<p><\/p>\n\n\n\n<div class=\"wp-block-group is-layout-constrained wp-block-group-is-layout-constrained\">\n<div class=\"wp-block-columns is-layout-flex wp-container-core-columns-is-layout-9d6595d7 wp-block-columns-is-layout-flex\">\n<div class=\"wp-block-column is-layout-flow wp-block-column-is-layout-flow\" style=\"flex-basis:100%\"><\/div>\n<\/div>\n<\/div>\n\n\n\n<p><\/p>\n","protected":false},"excerpt":{"rendered":"","protected":false},"author":1,"featured_media":0,"parent":0,"menu_order":0,"comment_status":"closed","ping_status":"closed","template":"","meta":{"_acf_changed":false,"footnotes":""},"class_list":["post-1104","page","type-page","status-publish","hentry"],"acf":[],"_links":{"self":[{"href":"https:\/\/www.phira.es\/de\/wp-json\/wp\/v2\/pages\/1104","targetHints":{"allow":["GET"]}}],"collection":[{"href":"https:\/\/www.phira.es\/de\/wp-json\/wp\/v2\/pages"}],"about":[{"href":"https:\/\/www.phira.es\/de\/wp-json\/wp\/v2\/types\/page"}],"author":[{"embeddable":true,"href":"https:\/\/www.phira.es\/de\/wp-json\/wp\/v2\/users\/1"}],"replies":[{"embeddable":true,"href":"https:\/\/www.phira.es\/de\/wp-json\/wp\/v2\/comments?post=1104"}],"version-history":[{"count":7,"href":"https:\/\/www.phira.es\/de\/wp-json\/wp\/v2\/pages\/1104\/revisions"}],"predecessor-version":[{"id":1430,"href":"https:\/\/www.phira.es\/de\/wp-json\/wp\/v2\/pages\/1104\/revisions\/1430"}],"wp:attachment":[{"href":"https:\/\/www.phira.es\/de\/wp-json\/wp\/v2\/media?parent=1104"}],"curies":[{"name":"wp","href":"https:\/\/api.w.org\/{rel}","templated":true}]}}