{"id":1036,"date":"2025-01-08T11:51:13","date_gmt":"2025-01-08T10:51:13","guid":{"rendered":"https:\/\/www.phira.es\/uso-de-cookies\/"},"modified":"2025-05-20T10:36:09","modified_gmt":"2025-05-20T08:36:09","slug":"use-of-cookies","status":"publish","type":"page","link":"https:\/\/www.phira.es\/en\/use-of-cookies\/","title":{"rendered":"Use of Cookies"},"content":{"rendered":"\n<div class=\"wp-block-phira-cabecera mod-cabecera fina\"><div class=\"slider\">\n<div class=\"wp-block-phira-cabecera-interior slide\"><div class=\"maq-contenidor\" style=\"backdrop-filter: blur(0px)\"><div class=\"text\">\n<p class=\"is-style-com_titular_3 has-blanc-color has-text-color has-link-color wp-elements-88c13112c440602d12270e9471b1a088\"><\/p>\n<\/div><\/div><div class=\"image\" style=\"background-image:url(https:\/\/www.phira.es\/wp-content\/uploads\/img-CTA-contacto-1920x700px-1.jpg)\"><\/div><div style=\"background: #4d4d4d; opacity: calc(50\/100);\" class=\"capa-color\"><\/div><\/div>\n<\/div><\/div>\n\n\n\n<div class=\"wp-block-columns is-layout-flex wp-container-core-columns-is-layout-9d6595d7 wp-block-columns-is-layout-flex\">\n<div class=\"wp-block-column is-layout-flow wp-block-column-is-layout-flow\" style=\"flex-basis:100%\">\n<div class=\"wp-block-phira-franja mod-franja sense_background marge-superior- marge-inferior- padding_fondo _alineacio_\" data-aos=\"off\" data-aos-delay=\"aos_delay\"><div class=\"maq-contenidor estreta\"><div class=\"maq-inner\">\n<div style=\"height:30px\" aria-hidden=\"true\" class=\"wp-block-spacer\"><\/div>\n\n\n\n<div class=\"wp-block-columns is-layout-flex wp-container-core-columns-is-layout-9d6595d7 wp-block-columns-is-layout-flex\">\n<div class=\"wp-block-column is-layout-flow wp-block-column-is-layout-flow\">\n<p class=\"is-style-com_titular_2\">Cookies policy<\/p>\n<\/div>\n<\/div>\n\n\n\n<p class=\"is-style-com_titular_4\" style=\"font-size:18px;line-height:1.4\">A cookie is a file downloaded to the user&#8217;s computer\/smartphone\/tablet upon accessing certain web pages to store and retrieve information about browsing conducted from that device. Cookies do not provide us with information about your name or any other personal data, serving solely for functionality, security, and statistical purposes. The cookies we use cannot read data from your computer or access data from other cookies. You can configure your browser to alert you when receiving a cookie. If the user chooses not to accept cookies, this will not prevent access to the information on <a>www.phira.es<\/a>.<\/p>\n\n\n\n<p>\u201cPhira Componentes de Automoci\u00f3n, SA\u201d uses its own cookies to manage various services offered to the user, categorized according to their purpose as follows:<\/p>\n\n\n\n<p>Session Cookies: These cookies collect and store data when the user logs into the private area of <a>www.phira.es<\/a>. This cookie expires at the end of the session and is deleted from your device.<\/p>\n\n\n\n<p>Persistent Cookies: These cookies store data on the user&#8217;s device, accessible and processed for a defined period set by the cookie\u2019s owner, ranging from a few minutes to several years.<\/p>\n\n\n\n<p>Technical Cookies: These allow users to navigate a website, platform, or application and use various options or services provided, such as controlling traffic and data communication, identifying the session, accessing restricted areas, remembering items in an order, completing the purchase process, managing event registration or participation, utilizing security features during navigation, storing content for video or sound distribution, or sharing content via social networks.<\/p>\n\n\n\n<p>Personalization Cookies: These allow users to access services with general predefined characteristics based on criteria such as language, browser type, regional settings, etc.<\/p>\n\n\n\n<p>Analytical Cookies: These enable monitoring and analysis of user behavior on associated websites. Information collected through these cookies is used to measure website, application, or platform activity and to develop navigation profiles of users for service improvement purposes.<\/p>\n\n\n\n<p>According to the Article 29 Working Group, in Opinion 4\/2012, cookies exempted from compliance with obligations established by Article 22.2 of the LSSI include those used solely to enable communication between the user&#8217;s device and the network, and those strictly necessary to provide a service expressly requested by the user, specifically:<\/p>\n\n\n\n<ul class=\"wp-block-list\">\n<li>User input cookies<\/li>\n\n\n\n<li>Authentication or user identification cookies (session only)<\/li>\n\n\n\n<li>User security cookies (e.g., detecting repeated failed login attempts)<\/li>\n\n\n\n<li>Multimedia player session cookies<\/li>\n\n\n\n<li>Load balancing session cookies<\/li>\n\n\n\n<li>User interface customization cookies<\/li>\n\n\n\n<li>Social content sharing plug-in cookies<\/li>\n<\/ul>\n\n\n\n<p>Session and user input cookies are commonly used to track user actions when completing online forms across multiple pages or to maintain items selected by the user in a shopping cart.<\/p>\n\n\n\n<p>Disabling acceptance of cookies strictly necessary for specific user-requested services may prevent correct access and\/or receipt of content and services from <a>www.phira.es<\/a>.<\/p>\n\n\n\n<p class=\"is-style-com_titular_4\" style=\"font-size:18px;line-height:1.4\">Below is a detailed list of cookies used by <a>www.phira.es<\/a>:<\/p>\n\n\n\n<p><\/p>\n\n\n\n<div class=\"wp-block-columns has-gris-claro-background-color has-background is-layout-flex wp-container-core-columns-is-layout-dcbd65b8 wp-block-columns-is-layout-flex\" style=\"margin-top:0;margin-bottom:0;padding-top:var(--wp--preset--spacing--30);padding-bottom:var(--wp--preset--spacing--30)\">\n<div class=\"wp-block-column is-layout-flow wp-block-column-is-layout-flow\" style=\"flex-basis:25%\">\n<p class=\"has-text-align-center is-style-com_titular_4\" style=\"font-size:16px\"><strong>Name<\/strong><\/p>\n<\/div>\n\n\n\n<div class=\"wp-block-column is-layout-flow wp-block-column-is-layout-flow\" style=\"flex-basis:25%\">\n<p class=\"has-text-align-center is-style-com_titular_4\" style=\"font-size:16px\"><strong>Domain\/Host<\/strong><\/p>\n<\/div>\n\n\n\n<div class=\"wp-block-column is-layout-flow wp-block-column-is-layout-flow\" style=\"flex-basis:25%\">\n<p class=\"has-text-align-center is-style-com_titular_4\" style=\"font-size:16px\"><strong>Purpose<\/strong><\/p>\n<\/div>\n\n\n\n<div class=\"wp-block-column is-layout-flow wp-block-column-is-layout-flow\" style=\"flex-basis:25%\">\n<p class=\"is-style-com_titular_4\" style=\"font-size:16px\"><strong>Persistence<\/strong><\/p>\n<\/div>\n<\/div>\n\n\n\n<div class=\"wp-block-columns is-layout-flex wp-container-core-columns-is-layout-9d6595d7 wp-block-columns-is-layout-flex\">\n<div class=\"wp-block-column is-layout-flow wp-block-column-is-layout-flow\" style=\"padding-top:var(--wp--preset--spacing--30);padding-bottom:var(--wp--preset--spacing--30);flex-basis:25%\">\n<p class=\"has-text-align-center is-style-com_titular_4\" style=\"font-size:16px\">PHPSESSID<\/p>\n<\/div>\n\n\n\n<div class=\"wp-block-column is-layout-flow wp-block-column-is-layout-flow\" style=\"padding-top:var(--wp--preset--spacing--30);padding-bottom:var(--wp--preset--spacing--30);flex-basis:25%\">\n<p class=\"has-text-align-center is-style-com_titular_4\" style=\"font-size:16px\">www.phira.es<\/p>\n<\/div>\n\n\n\n<div class=\"wp-block-column is-layout-flow wp-block-column-is-layout-flow\" style=\"padding-top:var(--wp--preset--spacing--30);padding-bottom:var(--wp--preset--spacing--30);flex-basis:25%\">\n<p class=\"has-text-align-center is-style-com_titular_4\" style=\"font-size:16px\">Session<\/p>\n<\/div>\n\n\n\n<div class=\"wp-block-column is-layout-flow wp-block-column-is-layout-flow\" style=\"padding-top:var(--wp--preset--spacing--30);padding-bottom:var(--wp--preset--spacing--30);flex-basis:25%\">\n<p class=\"has-text-align-center is-style-com_titular_4\" style=\"font-size:16px\">Session<\/p>\n<\/div>\n<\/div>\n\n\n\n<div class=\"wp-block-columns has-gris-claro-background-color has-background is-layout-flex wp-container-core-columns-is-layout-772d1749 wp-block-columns-is-layout-flex\" style=\"padding-top:var(--wp--preset--spacing--30);padding-right:0;padding-bottom:var(--wp--preset--spacing--30);padding-left:0\">\n<div class=\"wp-block-column is-layout-flow wp-block-column-is-layout-flow\" style=\"flex-basis:25%\">\n<p class=\"has-text-align-center is-style-com_titular_4\" style=\"font-size:16px\">LANGUAGE<\/p>\n<\/div>\n\n\n\n<div class=\"wp-block-column is-layout-flow wp-block-column-is-layout-flow\" style=\"flex-basis:25%\">\n<p class=\"has-text-align-center is-style-com_titular_4\" style=\"font-size:16px\">www.phira.es<\/p>\n<\/div>\n\n\n\n<div class=\"wp-block-column is-layout-flow wp-block-column-is-layout-flow\" style=\"flex-basis:25%\">\n<p class=\"has-text-align-center is-style-com_titular_4\" style=\"font-size:16px\">Language<\/p>\n<\/div>\n\n\n\n<div class=\"wp-block-column is-layout-flow wp-block-column-is-layout-flow\" style=\"flex-basis:25%\">\n<p class=\"has-text-align-center is-style-com_titular_4\" style=\"font-size:16px\">8 hours<\/p>\n<\/div>\n<\/div>\n\n\n\n<p><\/p>\n\n\n\n<p class=\"is-style-com_titular_4\" style=\"font-size:18px;line-height:1.4\">Algunas partes de la Web se pueden conectar con diversas redes sociales como por ejemplo Facebook, YouTube, etc., por lo que deber\u00e1 consultar la pol\u00edtica de cookies que \u00e9stas ofrezcan en cada caso antes de utilizar sus servicios.<\/p>\n\n\n\n<p class=\"is-style-com_titular_4\" style=\"font-size:18px;line-height:1.4\">Puede permitir, bloquear o eliminar las cookies instaladas en su equipo mediante la configuraci\u00f3n de las opciones de su navegador de Internet. A continuaci\u00f3n, le indicamos los links de los principales navegadores d\u00f3nde explican c\u00f3mo:<\/p>\n\n\n\n<ul class=\"wp-block-list\">\n<li style=\"font-size:18px;line-height:1.4\">Internet Explorer<br>http:\/\/windows.microsoft.com\/es-es\/internet-explorer\/delete-manage-cookies<\/li>\n\n\n\n<li style=\"font-size:18px;line-height:1.4\">Google Chrome<br>https:\/\/support.google.com\/chrome\/answer\/95647?hl=es<\/li>\n\n\n\n<li style=\"font-size:18px;line-height:1.4\">Google Chrome para Android<br>https:\/\/support.google.com\/chrome\/answer\/2392971?hl=es<\/li>\n\n\n\n<li style=\"font-size:18px;line-height:1.4\">Mozilla Firefox<br>https:\/\/support.mozilla.org\/es\/kb\/habilitar-y-deshabilitar-cookies-que-los-sitios-we<\/li>\n\n\n\n<li style=\"font-size:18px;line-height:1.4\">Safari<br>http:\/\/support.apple.com\/kb\/ph5042<\/li>\n\n\n\n<li style=\"font-size:18px;line-height:1.4\">Safari para IOS (iPhone &#8211; iPad)<br>http:\/\/support.apple.com\/kb\/ht1677?viewlocale=es_es&amp;locale=es_es<\/li>\n<\/ul>\n\n\n\n<p class=\"is-style-com_titular_4\" style=\"font-size:18px;line-height:1.4\">Estos navegadores est\u00e1n sometidos a constantes actualizaciones y modificaciones, por lo que no podemos garantizar que se ajusten completamente a la versi\u00f3n de su navegador actual. Tambi\u00e9n es posible que utilice otro navegador no contemplado en estos enlaces, por lo que deber\u00e1 consultar la ayuda de su navegador para configurar el uso de cookies.<\/p>\n\n\n\n<p class=\"is-style-com_titular_4\" style=\"font-size:18px;line-height:1.4\">Si quisiese retirar su consentimiento en cualquier momento relacionado con la presente Pol\u00edtica de Cookies, deber\u00e1 eliminar las cookies almacenadas a trav\u00e9s de los ajustes y configuraciones de su navegador de Internet.<\/p>\n\n\n\n<p class=\"is-style-com_titular_4\" style=\"font-size:18px;line-height:1.4\">La presente Pol\u00edtica de Cookies tiene por finalidad informarle de manera clara y precisa sobre las cookies que se utilizan en www.phira.es. En caso de que quiera m\u00e1s informaci\u00f3n sobre el uso de las cookies podr\u00e1 solicitarlo por correo electr\u00f3nico a phira_rgpd@phira.es.<\/p>\n\n\n\n<div style=\"height:80px\" aria-hidden=\"true\" class=\"wp-block-spacer\"><\/div>\n<\/div><\/div><div class=\"background\"><\/div><\/div>\n<\/div>\n<\/div>\n\n\n\n<p><\/p>\n","protected":false},"excerpt":{"rendered":"","protected":false},"author":1,"featured_media":0,"parent":0,"menu_order":0,"comment_status":"closed","ping_status":"closed","template":"","meta":{"_acf_changed":false,"footnotes":""},"class_list":["post-1036","page","type-page","status-publish","hentry"],"acf":[],"_links":{"self":[{"href":"https:\/\/www.phira.es\/en\/wp-json\/wp\/v2\/pages\/1036","targetHints":{"allow":["GET"]}}],"collection":[{"href":"https:\/\/www.phira.es\/en\/wp-json\/wp\/v2\/pages"}],"about":[{"href":"https:\/\/www.phira.es\/en\/wp-json\/wp\/v2\/types\/page"}],"author":[{"embeddable":true,"href":"https:\/\/www.phira.es\/en\/wp-json\/wp\/v2\/users\/1"}],"replies":[{"embeddable":true,"href":"https:\/\/www.phira.es\/en\/wp-json\/wp\/v2\/comments?post=1036"}],"version-history":[{"count":1,"href":"https:\/\/www.phira.es\/en\/wp-json\/wp\/v2\/pages\/1036\/revisions"}],"predecessor-version":[{"id":1300,"href":"https:\/\/www.phira.es\/en\/wp-json\/wp\/v2\/pages\/1036\/revisions\/1300"}],"wp:attachment":[{"href":"https:\/\/www.phira.es\/en\/wp-json\/wp\/v2\/media?parent=1036"}],"curies":[{"name":"wp","href":"https:\/\/api.w.org\/{rel}","templated":true}]}}