{"id":1043,"date":"2025-01-08T10:19:22","date_gmt":"2025-01-08T09:19:22","guid":{"rendered":"https:\/\/www.phira.es\/aviso-legal\/"},"modified":"2025-05-20T10:22:24","modified_gmt":"2025-05-20T08:22:24","slug":"mentions-legales","status":"publish","type":"page","link":"https:\/\/www.phira.es\/fr\/mentions-legales\/","title":{"rendered":"Mentions l\u00e9gales"},"content":{"rendered":"\n<div class=\"wp-block-phira-cabecera mod-cabecera fina\"><div class=\"slider\">\n<div class=\"wp-block-phira-cabecera-interior slide\"><div class=\"maq-contenidor\" style=\"backdrop-filter: blur(0px)\"><div class=\"text\">\n<p class=\"is-style-com_titular_3 has-blanc-color has-text-color has-link-color wp-elements-88c13112c440602d12270e9471b1a088\"><\/p>\n<\/div><\/div><div class=\"image\" style=\"background-image:url(https:\/\/www.phira.es\/wp-content\/uploads\/img-CTA-contacto-1920x700px-1.jpg)\"><\/div><div style=\"background: #4d4d4d; opacity: calc(50\/100);\" class=\"capa-color\"><\/div><\/div>\n<\/div><\/div>\n\n\n\n<div class=\"wp-block-columns is-layout-flex wp-container-core-columns-is-layout-9d6595d7 wp-block-columns-is-layout-flex\">\n<div class=\"wp-block-column is-layout-flow wp-block-column-is-layout-flow\" style=\"flex-basis:100%\">\n<div class=\"wp-block-phira-franja mod-franja sense_background marge-superior- marge-inferior- padding_fondo _alineacio_\" data-aos=\"off\" data-aos-delay=\"aos_delay\"><div class=\"maq-contenidor estreta\"><div class=\"maq-inner\">\n<div style=\"height:30px\" aria-hidden=\"true\" class=\"wp-block-spacer\"><\/div>\n\n\n\n<div class=\"wp-block-columns is-layout-flex wp-container-core-columns-is-layout-9d6595d7 wp-block-columns-is-layout-flex\">\n<div class=\"wp-block-column is-layout-flow wp-block-column-is-layout-flow\">\n<p class=\"is-style-com_titular_2\">Aviso Legal<\/p>\n<\/div>\n<\/div>\n\n\n\n<p class=\"is-style-com_titular_3\">Datos Identificativos<\/p>\n\n\n\n<p class=\"is-style-com_titular_4\" style=\"font-size:18px;line-height:1.4\">En cumplimiento con el deber de informaci\u00f3n recogido en el art\u00edculo 10 de la Ley 34\/2002, de 11 de julio, de Servicios de la Sociedad de la Informaci\u00f3n y del Comercio Electr\u00f3nico, a continuaci\u00f3n, se reflejan los siguientes datos:<\/p>\n\n\n\n<p class=\"is-style-com_titular_4\" style=\"font-size:18px;line-height:1.4\">El titular de esta website es \u201cPhira Componentes de Automoci\u00f3n, SA\u201d, con domicilio en C\/Narc\u00eds Monturiol, 48, P.I. Fontsanta, 08970 de Sant Joan Desp\u00ed (Barcelona), con n\u00famero de NIF: A08622938, inscrita en el Registro Mercantil de Barcelona en el Tomo 587, Folio 132, Secci\u00f3n 8, Hoja S6915, Inscripci\u00f3n 1\u00aa. Correo electr\u00f3nico de contacto phira@phira.es.<\/p>\n\n\n\n<p class=\"is-style-com_titular_4\" style=\"font-size:18px;line-height:1.4\">La informaci\u00f3n contenida en www.phira.es constituye un servicio de informaci\u00f3n de los diversos servicios que ofrece \u201cPhira Componentes de Automoci\u00f3n, SA\u201d (en adelante \u201cPhira\u201d) relacionados con el comercio al por mayor de repuestos y accesorios de veh\u00edculos de motor.<\/p>\n\n\n\n<p class=\"is-style-com_titular_3\">Aceptaci\u00f3n de las condiciones de uso<\/p>\n\n\n\n<p class=\"is-style-com_titular_4\" style=\"font-size:18px;line-height:1.4\">El acceso a la Web www.phira.es exige la aceptaci\u00f3n de las condiciones de uso que en cada momento se encuentren vigentes en esta Web.<\/p>\n\n\n\n<p class=\"is-style-com_titular_3\">Propiedad intelectual<\/p>\n\n\n\n<p class=\"is-style-com_titular_4\" style=\"font-size:18px;line-height:1.4\">El acceso a la Web www.phira.es exige la aceptaci\u00f3n de las condiciones de uso que en cada momento se encuentren vigentes en El c\u00f3digo fuente, los dise\u00f1os gr\u00e1ficos, las im\u00e1genes, las fotograf\u00edas, las animaciones, el software, los textos, as\u00ed como la informaci\u00f3n y los contenidos que se recogen en www.phira.es est\u00e1n protegidos por la legislaci\u00f3n espa\u00f1ola sobre los derechos de propiedad intelectual e industrial a favor de \u201cPhira\u201d, y no se permite, la reproducci\u00f3n total o parcial de \u00e9sta Web, ni su tratamiento inform\u00e1tico, comunicaci\u00f3n p\u00fablica, distribuci\u00f3n, difusi\u00f3n, modificaci\u00f3n, transformaci\u00f3n o descompilaci\u00f3n, sin el permiso previo y por escrito de su titular, \u201cPhira\u201d de conformidad con lo dispuesto en los art\u00edculos 8 y 32 p\u00e1rrafo segundo de la Ley de Propiedad Intelectual.<\/p>\n\n\n\n<p>El usuario, \u00fanica y exclusivamente podr\u00e1 utilizar el material que aparezca en esta Web para su uso personal y privado, quedando prohibida su utilizaci\u00f3n con fines comerciales o para incurrir en actividades il\u00edcitas. Todos los derechos derivados de la propiedad intelectual est\u00e1n expresamente reservados por \u201cPhira\u201d.<\/p>\n\n\n\n<p class=\"is-style-com_titular_4\" style=\"font-size:18px;line-height:1.4\">\u201cPhira\u201d velar\u00e1 por el cumplimiento de las anteriores condiciones y para la debida utilizaci\u00f3n de los contenidos presentados en su portal, ejercitando todas las acciones civiles y penales que le correspondan en el caso de infracci\u00f3n o incumplimiento de estos derechos por parte del usuario.<\/p>\n\n\n\n<p class=\"is-style-com_titular_3\">Protecci\u00f3n de datos de car\u00e1cter personal<\/p>\n\n\n\n<p class=\"is-style-com_titular_4\" style=\"font-size:18px;line-height:1.4\">El acceso a la p\u00e1gina Web o su uso no implica una recogida de datos personales del usuario por parte de \u201cPhira\u201d. No obstante, se comunica que, en el caso de que \u201cPhira\u201d solicite datos personales, se informar\u00e1 debidamente al usuario conforme a lo establecido en el Reglamento General de Protecci\u00f3n de Datos y dem\u00e1s normativa que resulte de aplicaci\u00f3n relativa a la protecci\u00f3n de datos.<\/p>\n\n\n\n<p class=\"is-style-com_titular_4\" style=\"font-size:18px;line-height:1.4\">Los Datos Personales que recoge \u201cPhira\u201d en los distintos tipos de formularios ser\u00e1n tratados con la finalidad de dar respuesta a la solicitud realizada por el interesado, as\u00ed como para el mantenimiento de la relaci\u00f3n que en su caso se establezca, y la gesti\u00f3n, administraci\u00f3n, informaci\u00f3n, prestaci\u00f3n y mejora de los servicios que decida contratar.<\/p>\n\n\n\n<p class=\"is-style-com_titular_4\" style=\"font-size:18px;line-height:1.4\">Para una informaci\u00f3n m\u00e1s detallada en lo relativo a la Protecci\u00f3n de Datos, deber\u00e1 acceder a nuestra \u201cPol\u00edtica de Privacidad\u201d.<\/p>\n\n\n\n<p class=\"is-style-com_titular_4\" style=\"font-size:18px;line-height:1.4\">\u201cPhira\u201d ha tomado las medidas de \u00edndole t\u00e9cnica y organizativa necesarias para garantizar la seguridad de los datos y evitar su alteraci\u00f3n, p\u00e9rdida, tratamiento o acceso no autorizado, teniendo en cuenta el estado de la tecnolog\u00eda, la naturaleza de los datos almacenados y los riesgos a que se encuentran expuestos, ya provengan de la acci\u00f3n humana o del medio f\u00edsico o natural.<\/p>\n\n\n\n<p class=\"is-style-com_titular_3\">Registro y contrase\u00f1as de acceso<\/p>\n\n\n\n<p class=\"is-style-com_titular_4\" style=\"font-size:18px;line-height:1.4\">\u201cPhira\u201d proporciona de forma confidencial a cada uno de sus clientes un nombre de usuario y una contrase\u00f1a de acceso, la cual es \u00fanica, personal e intransferible, siendo condici\u00f3n necesaria para acceder a determinados servicios incluidos en la Web.<\/p>\n\n\n\n<p class=\"is-style-com_titular_4\" style=\"font-size:18px;line-height:1.4\">El usuario se compromete a preservar la confidencialidad de su contrase\u00f1a, pudiendo solicitar su modificaci\u00f3n en caso de p\u00e9rdida, conocimiento por otras personas o cualquier otra circunstancia que impida o dificulte el normal funcionamiento de su acceso.<\/p>\n\n\n\n<p class=\"is-style-com_titular_4\" style=\"font-size:18px;line-height:1.4\">\u201cPhira\u201d se reserva el derecho a anular discrecionalmente el acceso de alg\u00fan usuario cuando concurran circunstancias de las que se presuman utilizaciones il\u00edcitas.<\/p>\n\n\n\n<p class=\"is-style-com_titular_4\" style=\"font-size:18px;line-height:1.4\">El usuario asume la plena responsabilidad y, por tanto, todas las obligaciones que se deriven del uso de los diferentes servicios y productos a los que se accede con clave de acceso o por la utilizaci\u00f3n que de ellos realicen terceras personas accediendo con la contrase\u00f1a del usuario.<\/p>\n\n\n\n<p class=\"is-style-com_titular_3\">Datos en redes sociales<\/p>\n\n\n\n<p class=\"is-style-com_titular_4\" style=\"font-size:18px;line-height:1.4\">\u201cPhira\u201d dispone de perfiles en diferentes redes sociales, por lo que hemos de advertir al usuario que todos los datos que publique en estos perfiles ser\u00e1n conocidos por todos aquellos usuarios que tambi\u00e9n interact\u00faen en ese perfil o que simplemente lo consulten, tengan \u00e9stos o no su propio perfil en la red social, ya que todos los perfiles de \u201cPhira\u201d son p\u00fablicos. En consecuencia, toda la informaci\u00f3n y contenidos publicados por el usuario en los perfiles de \u201cPhira\u201d ser\u00e1 objeto de comunicaci\u00f3n al resto de los usuarios por la propia naturaleza del servicio. Le recomendamos que consulte las Pol\u00edticas de Privacidad de las redes sociales antes de utilizar dichos servicios.<\/p>\n\n\n\n<p class=\"is-style-com_titular_4\" style=\"font-size:18px;line-height:1.4\">En el caso de que el usuario env\u00ede informaci\u00f3n de cualquier tipo a \u201cPhira\u201d, sobre todo en el caso de datos de terceros, a trav\u00e9s de las redes sociales, \u00e9ste declara y garantiza que est\u00e1 legitimado a enviar dicha informaci\u00f3n y que no infringe ning\u00fan derecho de propiedad intelectual, de marca, de patente, secreto comercial, o cualquier otro derecho de tercero, que la informaci\u00f3n no tiene car\u00e1cter confidencial y que no da\u00f1a u ofende a terceros.<\/p>\n\n\n\n<p class=\"is-style-com_titular_4\" style=\"font-size:18px;line-height:1.4\">\u201cPhira\u201d s\u00f3lo es responsable y garantiza la confidencialidad, seguridad y tratamiento de los datos conforme a la legislaci\u00f3n vigente, respecto a los datos que recoja directamente del usuario, no teniendo ning\u00fan tipo de responsabilidad respecto de los tratamientos y posteriores usos que la red social pudiera efectuar.<\/p>\n\n\n\n<p class=\"is-style-com_titular_4\" style=\"font-size:18px;line-height:1.4\">\u201cPhira\u201d utiliza la aplicaci\u00f3n WhatsApp para comunicarse con sus clientes, con la finalidad de ofrecer un nuevo canal de comunicaci\u00f3n a sus clientes para la gesti\u00f3n de consultas. La empresa que gestiona la aplicaci\u00f3n WhatsApp tiene su sede en Estados Unidos de Am\u00e9rica, lo que se considera una transferencia internacional de datos a un pa\u00eds que no cumple con la normativa europea de Protecci\u00f3n de Datos. Por este motivo es necesario que nos autorice expresamente para usar este canal de comunicaci\u00f3n marcando la casilla correspondiente en los formularios d\u00f3nde se le solicite el consentimiento. Le recomendamos que consulte la Pol\u00edtica de Privacidad de WhatsApp antes de continuar. En caso de querer utilizar la aplicaci\u00f3n WhatsApp para comunicarse con nosotros, le informamos que \u201cPhira\u201d s\u00f3lo es responsable y garantiza la confidencialidad, seguridad y tratamiento de los datos, conforme a la legislaci\u00f3n vigente, respecto a los datos que recoja directamente del usuario, no teniendo ning\u00fan tipo de control ni responsabilidad respecto a los tratamientos y posteriores usos que WhatsApp pudiera efectuar de los datos facilitados por este canal.<\/p>\n\n\n\n<p class=\"is-style-com_titular_3\">Limitaci\u00f3n de la responsabilidad<\/p>\n\n\n\n<p class=\"is-style-com_titular_4\" style=\"font-size:18px;line-height:1.4\">\u201cPhira\u201d no se responsabiliza de los posibles da\u00f1os o perjuicios que puedan suceder como consecuencia del uso de los contenidos de la Web, siendo de exclusiva responsabilidad del usuario que acceda a los mismos.<\/p>\n\n\n\n<p class=\"is-style-com_titular_4\" style=\"font-size:18px;line-height:1.4\">En el mismo sentido, \u201cPhira\u201d no se responsabiliza de los posibles perjuicios que se puedan derivar del uso de una versi\u00f3n no actualizada o defectuosa del navegador, de interrupciones en la conexi\u00f3n que se produzcan durante la transmisi\u00f3n de datos, virus inform\u00e1ticos, aver\u00edas o desconexiones en el funcionamiento del sistema telem\u00e1tico, de bloqueos causados por deficiencias o sobrecargas de las l\u00edneas telef\u00f3nicas, as\u00ed como de da\u00f1os provocados por terceras personas mediante intromisiones no autorizadas.<br>La Web de \u201cPhira\u201d contiene enlaces a otras p\u00e1ginas Web que pueden resultar de inter\u00e9s para los usuarios. \u201cPhira\u201d no asume ninguna responsabilidad sobre estos enlaces, no pudi\u00e9ndose garantizar el cumplimiento de Pol\u00edticas de Privacidad adecuadas, motivo por el cual el usuario accede al contenido de las referidas p\u00e1ginas Web en las condiciones de uso que se fijen en las mismas y bajo su exclusiva responsabilidad.<\/p>\n\n\n\n<p class=\"is-style-com_titular_4\" style=\"font-size:18px;line-height:1.4\">\u201cPhira\u201d no se hace responsable del incumplimiento de cualquier norma aplicable en que pueda incurrir el usuario en su acceso a la Web www.phira.es y\/o en el uso de las informaciones contenidas en ella.<\/p>\n\n\n\n<p class=\"is-style-com_titular_4\" style=\"font-size:18px;line-height:1.4\">\u201cPhira\u201d se reserva el derecho a interrumpir o denegar discrecionalmente, en cualquier momento y sin necesidad de previo aviso, el acceso de cualquier usuario a los contenidos de acceso restringido, cuando concurran alguna de les circunstancias descritas.<\/p>\n\n\n\n<p class=\"is-style-com_titular_3\">Enlaces<\/p>\n\n\n\n<p class=\"is-style-com_titular_4\" style=\"font-size:18px;line-height:1.4\">Todos los enlaces o links, hipertextual, framing o cualquier otro tipo de conexi\u00f3n virtual a trav\u00e9s de redes de telecomunicaci\u00f3n desde cualquier sitio Web a nuestra p\u00e1gina Web, deber\u00e1 ser solicitado y autorizado previamente y por escrito por \u201cPhira\u201d, y en su defecto los enlaces que se establezcan a esta Web, deber\u00e1n hacerse a su p\u00e1gina de inicio.<\/p>\n\n\n\n<p class=\"is-style-com_titular_4\" style=\"font-size:18px;line-height:1.4\">Los enlaces que se realicen a p\u00e1ginas Web de terceros tienen \u00fanicamente una finalidad orientativa, siendo su objeto el poner a disposici\u00f3n del usuario otras fuentes de informaci\u00f3n que pudieran ser de su inter\u00e9s.<\/p>\n\n\n\n<p class=\"is-style-com_titular_4\" style=\"font-size:18px;line-height:1.4\">\u201cPhira\u201d procura revisar peri\u00f3dicamente el contenido de sus enlaces. No obstante, es imposible conocer en todo momento el contenido concreto de los enlaces propuestos. Derivado de ello, solicitamos la colaboraci\u00f3n de cualquier usuario que acceda a los referidos contenidos en el supuesto que sus contenidos pudieren ser contrarios a la legalidad vigente, moral u orden p\u00fablico, poni\u00e9ndolo en conocimiento a trav\u00e9s del siguiente correo electr\u00f3nico phira_rgpd@phira.es.<\/p>\n\n\n\n<p class=\"is-style-com_titular_3\">Responsabilidad<\/p>\n\n\n\n<p class=\"is-style-com_titular_4\" style=\"font-size:18px;line-height:1.4\">En definitiva, el usuario es el \u00fanico responsable del uso que realice de los servicios, contenidos, enlaces (links) e hipertextos incluidos en la Web www.phira.es.<\/p>\n\n\n\n<p class=\"is-style-com_titular_3\">Pol\u00edtica de privacidad<\/p>\n\n\n\n<p class=\"is-style-com_titular_4\" style=\"font-size:18px;line-height:1.4\">Los datos de car\u00e1cter personal obtenidas mediante los diferentes formularios de registro est\u00e1n sujetos a los t\u00e9rminos recogidos en nuestra Pol\u00edtica de Privacidad.<\/p>\n\n\n\n<p class=\"is-style-com_titular_3\">Reserva<\/p>\n\n\n\n<p class=\"is-style-com_titular_4\" style=\"font-size:18px;line-height:1.4\">\u201cPhira\u201d se reserva la facultad en todo momento, sin necesidad de previo aviso, de efectuar modificaciones y actualizaciones de la informaci\u00f3n contenida en su Web o en su configuraci\u00f3n y presentaci\u00f3n. Asimismo, se reserva el derecho a suspender temporalmente, y sin que sea necesario previo aviso, la accesibilidad a la Web por razones de eventual necesidad y para efectuar operaciones de mantenimiento, reparaci\u00f3n o mejora.<\/p>\n\n\n\n<p class=\"is-style-com_titular_4\" style=\"font-size:18px;line-height:1.4\">\u201cPhira\u201d se reserva el derecho a incluir o retirar total o parcialmente de la Web, cualquier informaci\u00f3n a su exclusiva discreci\u00f3n.<\/p>\n\n\n\n<p class=\"is-style-com_titular_3\">Ley aplicable y jurisdicci\u00f3n<\/p>\n\n\n\n<p class=\"is-style-com_titular_4\" style=\"font-size:18px;line-height:1.4\">Para todas aquellas cuestiones que se puedan suscitar con motivo de interpretaci\u00f3n, ejecuci\u00f3n o eventual incumplimiento de las presentes condiciones de utilizaci\u00f3n, los usuarios, con renuncia a su propio fuero, y con independencia del lugar donde se suscite cualquier disputa, se someter\u00e1n expresamente a la competencia y jurisdicci\u00f3n de los juzgados y tribunales de Sant Feliu de Llobregat (Barcelona).<\/p>\n\n\n\n<p class=\"is-style-com_titular_4\" style=\"font-size:18px;line-height:1.4\">Las presentes condiciones se regir\u00e1n, en todo caso, por la legislaci\u00f3n espa\u00f1ola.<\/p>\n\n\n\n<div style=\"height:80px\" aria-hidden=\"true\" class=\"wp-block-spacer\"><\/div>\n<\/div><\/div><div class=\"background\"><\/div><\/div>\n<\/div>\n<\/div>\n\n\n\n<p><\/p>\n","protected":false},"excerpt":{"rendered":"","protected":false},"author":1,"featured_media":0,"parent":0,"menu_order":0,"comment_status":"closed","ping_status":"closed","template":"","meta":{"_acf_changed":false,"footnotes":""},"class_list":["post-1043","page","type-page","status-publish","hentry"],"acf":[],"_links":{"self":[{"href":"https:\/\/www.phira.es\/fr\/wp-json\/wp\/v2\/pages\/1043","targetHints":{"allow":["GET"]}}],"collection":[{"href":"https:\/\/www.phira.es\/fr\/wp-json\/wp\/v2\/pages"}],"about":[{"href":"https:\/\/www.phira.es\/fr\/wp-json\/wp\/v2\/types\/page"}],"author":[{"embeddable":true,"href":"https:\/\/www.phira.es\/fr\/wp-json\/wp\/v2\/users\/1"}],"replies":[{"embeddable":true,"href":"https:\/\/www.phira.es\/fr\/wp-json\/wp\/v2\/comments?post=1043"}],"version-history":[{"count":1,"href":"https:\/\/www.phira.es\/fr\/wp-json\/wp\/v2\/pages\/1043\/revisions"}],"predecessor-version":[{"id":1324,"href":"https:\/\/www.phira.es\/fr\/wp-json\/wp\/v2\/pages\/1043\/revisions\/1324"}],"wp:attachment":[{"href":"https:\/\/www.phira.es\/fr\/wp-json\/wp\/v2\/media?parent=1043"}],"curies":[{"name":"wp","href":"https:\/\/api.w.org\/{rel}","templated":true}]}}