{"id":1049,"date":"2025-01-07T14:19:59","date_gmt":"2025-01-07T13:19:59","guid":{"rendered":"https:\/\/www.phira.es\/contacto\/"},"modified":"2025-05-28T13:30:31","modified_gmt":"2025-05-28T11:30:31","slug":"contact","status":"publish","type":"page","link":"https:\/\/www.phira.es\/fr\/contact\/","title":{"rendered":"Contact"},"content":{"rendered":"\n<div class=\"wp-block-phira-cabecera mod-cabecera fina\"><div class=\"slider\">\n<div class=\"wp-block-phira-cabecera-interior slide\"><div class=\"maq-contenidor\" style=\"backdrop-filter: blur(0px)\"><div class=\"text\">\n<p class=\"is-style-com_titular_3 has-blanc-color has-text-color has-link-color wp-elements-03cc3dc8a89296f71d133abf48ac3e48\" style=\"font-size:45px\">Contact<\/p>\n<\/div><\/div><div class=\"image\" style=\"background-image:url(https:\/\/www.phira.es\/wp-content\/uploads\/img-CTA-compra-online-1920x700px-1.jpg)\"><\/div><div style=\"background: #000; opacity: calc(50\/100);\" class=\"capa-color\"><\/div><\/div>\n<\/div><\/div>\n\n\n\n<div class=\"wp-block-columns is-layout-flex wp-container-core-columns-is-layout-9d6595d7 wp-block-columns-is-layout-flex\">\n<div class=\"wp-block-column is-layout-flow wp-block-column-is-layout-flow\" style=\"flex-basis:100%\">\n<div class=\"wp-block-phira-franja mod-franja sense_background marge-superior- marge-inferior- padding_fondo _alineacio_\" data-aos=\"off\" data-aos-delay=\"aos_delay\"><div class=\"maq-contenidor estreta\"><div class=\"maq-inner\">\n<div style=\"height:49px\" aria-hidden=\"true\" class=\"wp-block-spacer\"><\/div>\n\n\n\n<div class=\"wp-block-columns is-layout-flex wp-container-core-columns-is-layout-9d6595d7 wp-block-columns-is-layout-flex\">\n<div class=\"wp-block-column is-layout-flow wp-block-column-is-layout-flow\" style=\"flex-basis:45%\">\n<p class=\"is-style-com_titular_3\">Contactez-nous<\/p>\n\n\n\n<div style=\"height:20px\" aria-hidden=\"true\" class=\"wp-block-spacer\"><\/div>\n\n\n\n<p class=\"is-style-com_titular_4\" style=\"font-size:18px;line-height:1.5\">Si vous souhaitez nous contacter, nous serons ravis de vous aider. Vous trouverez ci-dessous nos coordonn\u00e9es pour choisir le moyen le plus adapt\u00e9 \u00e0 vos besoins<\/p>\n\n\n\n<p class=\"is-style-com_titular_4\" style=\"font-size:18px;line-height:1.5\"><strong>PHIRA COMPONENTES DE AUTOMOCI\u00d3N,S.A.<\/strong><\/p>\n\n\n\n<p class=\"is-style-com_titular_4\" style=\"font-size:18px\">+34 934 808 314<\/p>\n\n\n\n<p class=\"is-style-com_titular_4\" style=\"font-size:18px\">URGENCIAS +34 934 808 473<\/p>\n\n\n\n<p class=\"is-style-com_titular_4\" style=\"font-size:18px\"><\/p>\n\n\n\n<p class=\"is-style-com_titular_4\" style=\"font-size:24px\"> <a href=\"mailto:phira@phira.es\" target=\"_blank\" rel=\"noreferrer noopener\">phira@phira.es<\/a><\/p>\n\n\n\n<p class=\"is-style-com_titular_4 has-negro-color has-text-color has-link-color wp-elements-32bc175a93db80c2153204b74604f7b0\" style=\"font-size:18px\">C\/ Narc\u00eds Monturiol, 48 P.I. Fontsanta<br>08970 Sant Joan Despi &#8211; Barcelona<\/p>\n\n\n\n<p class=\"is-style-com_titular_4 has-negro-color has-text-color has-link-color wp-elements-de4eb3195d1b31198cf0a3b566500d04\" style=\"font-size:18px\">Ronda de l&#8217;Albornar, 28-32 P.I. Albornar<br>43710 Santa Oliva &#8211; Tarragona<\/p>\n\n\n\n<p class=\"is-style-com_titular_4 has-negro-color has-text-color has-link-color wp-elements-19722d88a0352085beaba27f308ea0c2\" style=\"font-size:18px\">C\/ Grabadores 3, Nave 7\u00a0<br>28830 San Fernando de Henares \u2013 Madrid<\/p>\n<\/div>\n\n\n\n<div class=\"wp-block-column is-layout-flow wp-block-column-is-layout-flow\" style=\"flex-basis:55%\"><div class=\"frm_forms  with_frm_style frm_style_estilo-de-formidable\" id=\"frm_form_3_container\" >\n<form enctype=\"multipart\/form-data\" method=\"post\" class=\"frm-show-form \" id=\"form_contact-form22\" >\n<div class=\"frm_form_fields \">\n<fieldset>\n<legend class=\"frm_screen_reader\">Contact Us<\/legend>\r\n\r\n<div class=\"frm_fields_container\">\n<input type=\"hidden\" name=\"frm_action\" value=\"create\" \/>\n<input type=\"hidden\" name=\"form_id\" value=\"3\" \/>\n<input type=\"hidden\" name=\"frm_hide_fields_3\" id=\"frm_hide_fields_3\" value=\"\" \/>\n<input type=\"hidden\" name=\"form_key\" value=\"contact-form22\" \/>\n<input type=\"hidden\" name=\"item_meta[0]\" value=\"\" \/>\n<input type=\"hidden\" id=\"frm_submit_entry_3\" name=\"frm_submit_entry_3\" value=\"a8c9d2fdc9\" \/><input type=\"hidden\" name=\"_wp_http_referer\" value=\"\/fr\/wp-json\/wp\/v2\/pages\/1049\" \/><div id=\"frm_field_20_container\" class=\"frm_form_field form-field  frm_required_field frm_top_container frm_first frm_half\">\r\n\t<label for=\"field_qh4icy3\" id=\"field_qh4icy3_label\" class=\"frm_primary_label\">Pr\u00e9nom\r\n\t\t<span class=\"frm_required\" aria-hidden=\"true\">*<\/span>\r\n\t<\/label>\r\n\t<input type=\"text\" id=\"field_qh4icy3\" name=\"item_meta[20]\" value=\"\"  data-reqmsg=\"Pr\u00e9nom no puede estar en blanco.\" aria-required=\"true\" data-invmsg=\"Pr\u00e9nom no es v\u00e1lido\" aria-invalid=\"false\"  \/>\r\n\t\r\n\t\r\n<\/div>\n<div id=\"frm_field_21_container\" class=\"frm_form_field form-field  frm_required_field frm_hidden_container frm_half\">\r\n\t<label for=\"field_ocfup13\" id=\"field_ocfup13_label\" class=\"frm_primary_label\">Nom de famille\r\n\t\t<span class=\"frm_required\" aria-hidden=\"true\">*<\/span>\r\n\t<\/label>\r\n\t<input type=\"text\" id=\"field_ocfup13\" name=\"item_meta[21]\" value=\"\"  data-reqmsg=\"Nom de famille no puede estar en blanco.\" aria-required=\"true\" data-invmsg=\"Nom de famille no es v\u00e1lido\" aria-invalid=\"false\"  \/>\r\n\t\r\n\t\r\n<\/div>\n<div id=\"frm_field_22_container\" class=\"frm_form_field form-field  frm_required_field frm_top_container frm_full\">\r\n\t<label for=\"field_29yf4d3\" id=\"field_29yf4d3_label\" class=\"frm_primary_label\">Email\r\n\t\t<span class=\"frm_required\" aria-hidden=\"true\">*<\/span>\r\n\t<\/label>\r\n\t<input type=\"email\" id=\"field_29yf4d3\" name=\"item_meta[22]\" value=\"\"  data-reqmsg=\"Email no puede estar en blanco.\" aria-required=\"true\" data-invmsg=\"Please enter a valid email address\" aria-invalid=\"false\"  \/>\r\n\t\r\n\t\r\n<\/div>\n<div id=\"frm_field_23_container\" class=\"frm_form_field form-field  frm_required_field frm_top_container frm_full\">\r\n\t<label for=\"field_e6lis63\" id=\"field_e6lis63_label\" class=\"frm_primary_label\">Sujet\r\n\t\t<span class=\"frm_required\" aria-hidden=\"true\">*<\/span>\r\n\t<\/label>\r\n\t<input type=\"text\" id=\"field_e6lis63\" name=\"item_meta[23]\" value=\"\"  data-reqmsg=\"Sujet no puede estar en blanco.\" aria-required=\"true\" data-invmsg=\"Sujet no es v\u00e1lido\" aria-invalid=\"false\"  \/>\r\n\t\r\n\t\r\n<\/div>\n<div id=\"frm_field_24_container\" class=\"frm_form_field form-field  frm_required_field frm_top_container frm_full\">\r\n\t<label for=\"field_9jv0r13\" id=\"field_9jv0r13_label\" class=\"frm_primary_label\">Message\r\n\t\t<span class=\"frm_required\" aria-hidden=\"true\">*<\/span>\r\n\t<\/label>\r\n\t<textarea name=\"item_meta[24]\" id=\"field_9jv0r13\" rows=\"5\"  data-reqmsg=\"Message no puede estar en blanco.\" aria-required=\"true\" data-invmsg=\"Message is invalid\" aria-invalid=\"false\"  ><\/textarea>\r\n\t\r\n\t\r\n<\/div>\n<div id=\"frm_field_25_container\" class=\"frm_form_field form-field  frm_required_field frm_top_container vertical_radio\">\r\n\t<div  id=\"field_5uwux3_label\" class=\"frm_primary_label\">Champ obligatoire\r\n\t\t<span class=\"frm_required\" aria-hidden=\"true\">*<\/span>\r\n\t<\/div>\r\n\t<div class=\"frm_opt_container\" aria-labelledby=\"field_5uwux3_label\" role=\"group\">\t\t<div class=\"frm_checkbox\" id=\"frm_checkbox_25-0\">\t\t\t<label  for=\"field_5uwux3-0\">\n\t\t\t<input type=\"checkbox\" name=\"item_meta[25][]\" id=\"field_5uwux3-0\" value=\"Je confirme avoir lu et accept\u00e9 la Politique de confidentialit\u00e9.\"  data-reqmsg=\"Champ obligatoire no puede estar en blanco.\" data-invmsg=\"Champ obligatoire is invalid\"   aria-required=\"true\"  \/> Je confirme avoir lu et accept\u00e9 la Politique de confidentialit\u00e9.<\/label><\/div>\n<\/div>\r\n\t\r\n\t\r\n<\/div>\n<div id=\"frm_field_26_container\" class=\"frm_form_field form-field  frm_none_container frm_half\">\r\n\t<label for=\"g-recaptcha-response\" id=\"field_gnqw73_label\" class=\"frm_primary_label\">Captcha\r\n\t\t<span class=\"frm_required\" aria-hidden=\"true\"><\/span>\r\n\t<\/label>\r\n\t\r\n\t\r\n\t\r\n<\/div>\n<div id=\"frm_field_27_container\" class=\"frm_form_field form-field \">\r\n\t<div class=\"frm_submit frm_flex\">\r\n<button class=\"frm_button_submit\" type=\"submit\"  >ENVOYER<\/button>\r\n\r\n\r\n\r\n<\/div>\r\n<\/div>\n\t<input type=\"hidden\" name=\"item_key\" value=\"\" \/>\n\t\t\t<div id=\"frm_field_36_container\">\n\t\t\t<label for=\"field_n5ecq\" >\n\t\t\t\tIf you are human, leave this field blank.\t\t\t<\/label>\n\t\t\t<input  id=\"field_n5ecq\" type=\"text\" class=\"frm_form_field form-field frm_verify\" name=\"item_meta[36]\" value=\"\"  \/>\n\t\t<\/div>\n\t\t<input name=\"frm_state\" type=\"hidden\" value=\"RoFWl4VJ4vY28nIAZ4++ltc7RwyRyCJoTn2O0iiWWCk=\" \/><\/div>\n<\/fieldset>\n<\/div>\n\n<\/form>\n<\/div>\n\n<\/div>\n<\/div>\n<\/div><\/div><div class=\"background\"><\/div><\/div>\n<\/div>\n<\/div>\n\n\n\t\t<div\n            id=\"wpmapblock_9fa58b5b\"\n            data-settings='{&quot;map_marker&quot;:[{&quot;id&quot;:&quot;0&quot;,&quot;lat&quot;:&quot;41.366646&quot;,&quot;lng&quot;:&quot;2.053733&quot;,&quot;title&quot;:&quot;Phira Componentes Automoci\\u00f3n, S.A.&quot;,&quot;content&quot;:&quot;Carrer de Narc\\u00eds Monturiol, 48, 08970 Sant Joan Desp\\u00ed, Barcelona&quot;,&quot;iconType&quot;:&quot;custom&quot;,&quot;customIconUrl&quot;:&quot;https:\\\/\\\/www.phira.es\\\/wp-content\\\/uploads\\\/icono-ubicacion-mapa.png&quot;,&quot;customIconWidth&quot;:&quot;25&quot;,&quot;customIconHeight&quot;:&quot;40&quot;}],&quot;map_zoom&quot;:&quot;17&quot;,&quot;scroll_wheel_zoom&quot;:false,&quot;map_type&quot;:&quot;GM&quot;,&quot;center_index&quot;:0}'\n            class=\"wpmapblockrender\"\n            style=\"\n\t\t\twidth: 100%;\n\t\t\theight: 450px;\n\t\t\"\n            >\n        <\/div>\n        ","protected":false},"excerpt":{"rendered":"","protected":false},"author":1,"featured_media":0,"parent":0,"menu_order":0,"comment_status":"closed","ping_status":"closed","template":"","meta":{"_acf_changed":false,"footnotes":""},"class_list":["post-1049","page","type-page","status-publish","hentry"],"acf":[],"_links":{"self":[{"href":"https:\/\/www.phira.es\/fr\/wp-json\/wp\/v2\/pages\/1049","targetHints":{"allow":["GET"]}}],"collection":[{"href":"https:\/\/www.phira.es\/fr\/wp-json\/wp\/v2\/pages"}],"about":[{"href":"https:\/\/www.phira.es\/fr\/wp-json\/wp\/v2\/types\/page"}],"author":[{"embeddable":true,"href":"https:\/\/www.phira.es\/fr\/wp-json\/wp\/v2\/users\/1"}],"replies":[{"embeddable":true,"href":"https:\/\/www.phira.es\/fr\/wp-json\/wp\/v2\/comments?post=1049"}],"version-history":[{"count":3,"href":"https:\/\/www.phira.es\/fr\/wp-json\/wp\/v2\/pages\/1049\/revisions"}],"predecessor-version":[{"id":1420,"href":"https:\/\/www.phira.es\/fr\/wp-json\/wp\/v2\/pages\/1049\/revisions\/1420"}],"wp:attachment":[{"href":"https:\/\/www.phira.es\/fr\/wp-json\/wp\/v2\/media?parent=1049"}],"curies":[{"name":"wp","href":"https:\/\/api.w.org\/{rel}","templated":true}]}}