{"id":1055,"date":"2025-01-07T12:33:22","date_gmt":"2025-01-07T11:33:22","guid":{"rendered":"https:\/\/www.phira.es\/servicios\/"},"modified":"2025-05-20T10:39:11","modified_gmt":"2025-05-20T08:39:11","slug":"services","status":"publish","type":"page","link":"https:\/\/www.phira.es\/fr\/services\/","title":{"rendered":"Services"},"content":{"rendered":"\n<div class=\"wp-block-phira-cabecera mod-cabecera\"><div class=\"slider\">\n<div class=\"wp-block-phira-cabecera-interior slide\"><div class=\"maq-contenidor\" style=\"backdrop-filter: blur(0px)\"><div class=\"text\">\n<p class=\"is-style-com_titular_3 has-blanc-color has-text-color has-link-color wp-elements-5c3df3c9ff93e68acc55f5ce65b833d6\" style=\"font-size:45px\">Services<\/p>\n\n\n\n<p class=\"is-style-com_titular_3 has-blanc-color has-text-color has-link-color wp-elements-94b02b8ff3e165382a49fc2f47575444\">Une structure flexible, capable de r\u00e9pondre<\/p>\n<\/div><\/div><div class=\"image\" style=\"background-image:url(https:\/\/www.phira.es\/wp-content\/uploads\/02-img-slider-Servicios-phira.jpg)\"><\/div><div style=\"background: #000; opacity: calc(50\/100);\" class=\"capa-color\"><\/div><\/div>\n<\/div><\/div>\n\n\n\n<div class=\"wp-block-phira-franja mod-franja sense_background marge-superior- marge-inferior- padding_fondo _alineacio_\" data-aos=\"off\" data-aos-delay=\"aos_delay\"><div class=\"maq-contenidor estreta\"><div class=\"maq-inner\">\n<p class=\"has-text-align-center is-style-com_titular_4\" style=\"font-size:24px;line-height:1.7\">Nous offrons un service int\u00e9gral con\u00e7u pour r\u00e9pondre aux besoins sp\u00e9cifiques de chaque client, en garantissant flexibilit\u00e9, r\u00e9activit\u00e9 et attention personnalis\u00e9e. Gr\u00e2ce \u00e0 notre excellence logistique, \u00e0 une \u00e9quipe technique sp\u00e9cialis\u00e9e et \u00e0 l\u2019un des plus grands stocks du secteur, nous sommes pr\u00eats \u00e0 r\u00e9pondre efficacement \u00e0 toute demande, en assurant qualit\u00e9 et soin dans chaque livraison.<\/p>\n\n\n\n<p class=\"has-text-align-center is-style-com_titular_4\" style=\"font-size:24px;line-height:1.7\">Notre engagement comprend des solutions logistiques globales, des d\u00e9lais de livraison rapides, ainsi qu&#8217;un catalogue complet de pare-chocs et de pi\u00e8ces, adapt\u00e9 aux exigences du march\u00e9.<\/p>\n\n\n\n<p class=\"has-text-align-center is-style-com_titular_4\" style=\"font-size:24px;line-height:1.7\"><\/p>\n\n\n\n<p class=\"has-text-align-center is-style-com_titular_4\" style=\"font-size:24px\"><\/p>\n<\/div><\/div><div class=\"background\"><\/div><div class=\"capa-blur\" style=\"backdrop-filter: blur(0px)\"><\/div><div style=\"background: #000; opacity: calc(5\/100);\" class=\"capa-color\"><\/div><\/div>\n\n\n\n<div class=\"wp-block-phira-franja mod-franja sense_background marge-superior- marge-inferior- padding_fondo _alineacio_\" data-aos=\"off\" data-aos-delay=\"aos_delay\"><div class=\"maq-contenidor normal\"><div class=\"maq-inner\">\n<div class=\"wp-block-phira-landing mod-landing cols_3\"><div class=\"wrapper\"><div class=\"inner\">\n<div class=\"wp-block-phira-landing-interior col\"><div class=\"image_wrapper amb_filet\"><div class=\"img_wrapper\"><div class=\"image\" style=\"background-image:url(https:\/\/www.phira.es\/wp-content\/uploads\/img2.jpg)\"><\/div><\/div><div class=\"text\">\n<p class=\"is-style-com_titular_4_fil\">Logistique<\/p>\n\n\n\n<p class=\"is-style-com_titular_4\" style=\"font-size:20px;line-height:1.6\">Nous offrons des livraisons rapides et efficaces, avec des d\u00e9lais de 24 \u00e0 48 heures et un service urgent 24h en Espagne. Nos emballages sont con\u00e7us pour garantir une protection maximale pendant le transport.<\/p>\n<\/div><\/div><\/div>\n\n\n\n<div class=\"wp-block-phira-landing-interior col\"><div class=\"image_wrapper amb_filet\"><div class=\"img_wrapper\"><div class=\"image\" style=\"background-image:url(https:\/\/www.phira.es\/wp-content\/uploads\/foto3.jpg)\"><\/div><\/div><div class=\"text\">\n<p class=\"is-style-com_titular_4_fil\">Approvisionnement<\/p>\n\n\n\n<p class=\"has-text-align-left is-style-com_titular_4\" style=\"font-size:20px;line-height:1.6\">Nous disposons de l\u2019un des plus grands stocks du secteur, avec plus de 15 000 m\u00b2 d\u2019entrep\u00f4t et plus de 1 000 r\u00e9f\u00e9rences disponibles. Nous proposons des emballages adapt\u00e9s, des \u00e9tiquettes personnalis\u00e9es et un catalogue complet garantissant une disponibilit\u00e9 totale, 100 % assur\u00e9e.<\/p>\n<\/div><\/div><\/div>\n\n\n\n<div class=\"wp-block-phira-landing-interior col\"><div class=\"image_wrapper amb_filet\"><div class=\"img_wrapper\"><div class=\"image\" style=\"background-image:url(https:\/\/www.phira.es\/wp-content\/uploads\/01-img-Servicios-phira.jpg)\"><\/div><\/div><div class=\"text\">\n<p class=\"is-style-com_titular_4_fil\">Service client<\/p>\n\n\n\n<p class=\"is-style-com_titular_4\" style=\"font-size:20px;line-height:1.6\">Nous sommes toujours disponibles pour offrir un service \u00e0 la fois r\u00e9actif et personnalis\u00e9. Nos d\u00e9partements technique et qualit\u00e9 sont pr\u00eats \u00e0 r\u00e9pondre \u00e0 toute question concernant les pi\u00e8ces, les catalogues ou les demandes directes des ateliers.<\/p>\n<\/div><\/div><\/div>\n<\/div><\/div><\/div>\n<\/div><\/div><div class=\"background\"><\/div><\/div>\n\n\n\n<div class=\"wp-block-columns is-layout-flex wp-container-core-columns-is-layout-9d6595d7 wp-block-columns-is-layout-flex\">\n<div class=\"wp-block-column is-layout-flow wp-block-column-is-layout-flow\" style=\"flex-basis:33.33%\"><\/div>\n<\/div>\n\n\n\n<div class=\"wp-block-phira-cabecera mod-cabecera fina\"><div class=\"slider\">\n<div class=\"wp-block-phira-cabecera-interior slide\"><div class=\"maq-contenidor\" style=\"backdrop-filter: blur(0px)\"><div class=\"text\">\n<p class=\"has-text-align-center is-style-com_titular_3 has-gris-texto-color has-text-color has-link-color wp-elements-8c269d0bb4c5e4100d21643285a2d653\">Vous souhaitez en savoir plus sur nous?<\/p>\n\n\n\n<div class=\"wp-block-buttons is-content-justification-center is-layout-flex wp-container-core-buttons-is-layout-16018d1d wp-block-buttons-is-layout-flex\">\n<div class=\"wp-block-button\"><a class=\"wp-block-button__link wp-element-button\" href=\"https:\/\/www.phira.es\/fr\/contacto\/\">CONTACTEZ-NOUS<\/a><\/div>\n<\/div>\n<\/div><\/div><div class=\"image\" style=\"background-image:url(https:\/\/www.phira.es\/wp-content\/uploads\/img-CTA-contacto-1920x700px-1.jpg)\"><\/div><\/div>\n<\/div><\/div>\n\n\n\n<p><\/p>\n","protected":false},"excerpt":{"rendered":"","protected":false},"author":1,"featured_media":0,"parent":0,"menu_order":0,"comment_status":"closed","ping_status":"closed","template":"","meta":{"_acf_changed":false,"footnotes":""},"class_list":["post-1055","page","type-page","status-publish","hentry"],"acf":[],"_links":{"self":[{"href":"https:\/\/www.phira.es\/fr\/wp-json\/wp\/v2\/pages\/1055","targetHints":{"allow":["GET"]}}],"collection":[{"href":"https:\/\/www.phira.es\/fr\/wp-json\/wp\/v2\/pages"}],"about":[{"href":"https:\/\/www.phira.es\/fr\/wp-json\/wp\/v2\/types\/page"}],"author":[{"embeddable":true,"href":"https:\/\/www.phira.es\/fr\/wp-json\/wp\/v2\/users\/1"}],"replies":[{"embeddable":true,"href":"https:\/\/www.phira.es\/fr\/wp-json\/wp\/v2\/comments?post=1055"}],"version-history":[{"count":1,"href":"https:\/\/www.phira.es\/fr\/wp-json\/wp\/v2\/pages\/1055\/revisions"}],"predecessor-version":[{"id":1260,"href":"https:\/\/www.phira.es\/fr\/wp-json\/wp\/v2\/pages\/1055\/revisions\/1260"}],"wp:attachment":[{"href":"https:\/\/www.phira.es\/fr\/wp-json\/wp\/v2\/media?parent=1055"}],"curies":[{"name":"wp","href":"https:\/\/api.w.org\/{rel}","templated":true}]}}