{"id":1061,"date":"2025-01-07T10:29:23","date_gmt":"2025-01-07T09:29:23","guid":{"rendered":"https:\/\/www.phira.es\/id\/"},"modified":"2025-05-20T10:39:03","modified_gmt":"2025-05-20T08:39:03","slug":"rd","status":"publish","type":"page","link":"https:\/\/www.phira.es\/fr\/rd\/","title":{"rendered":"R&amp;D"},"content":{"rendered":"\n<div class=\"wp-block-phira-cabecera mod-cabecera\"><div class=\"slider\">\n<div class=\"wp-block-phira-cabecera-interior slide\"><div class=\"maq-contenidor\" style=\"backdrop-filter: blur(0px)\"><div class=\"text\">\n<p class=\"is-style-com_titular_3 has-blanc-color has-text-color has-link-color wp-elements-691dd916c61031dedd83c46979c2694b\" style=\"font-size:45px\">R&amp;D<\/p>\n\n\n\n<p class=\"is-style-com_titular_3 has-blanc-color has-text-color has-link-color wp-elements-aad999aeb21086a0536b9b58fe2f86c2\">Innovation constante<\/p>\n<\/div><\/div><div class=\"image\" style=\"background-image:url(https:\/\/www.phira.es\/wp-content\/uploads\/01-slider-img-ID-phira.jpg)\"><\/div><div style=\"background: #000; opacity: calc(50\/100);\" class=\"capa-color\"><\/div><\/div>\n<\/div><\/div>\n\n\n\n<div class=\"wp-block-phira-franja mod-franja sense_background marge-superior- marge-inferior- padding_fondo _alineacio_\" data-aos=\"off\" data-aos-delay=\"aos_delay\"><div class=\"maq-contenidor estreta\"><div class=\"maq-inner\">\n<p class=\"has-text-align-center is-style-com_titular_4\" style=\"font-size:24px;line-height:1.7\">L&#8217;innovation n&#8217;est pas seulement une priorit\u00e9, c&#8217;est le c\u0153ur de notre philosophie. Nous investissons plus de 20 % de notre chiffre d&#8217;affaires dans la R&amp;D, ce qui nous permet de rester constamment \u00e0 la pointe du secteur.<\/p>\n\n\n\n<p class=\"has-text-align-center is-style-com_titular_4\" style=\"font-size:24px;line-height:1.7\">Gr\u00e2ce \u00e0 cet effort permanent, nous sommes en mesure de fabriquer 80 % de nos pare-chocs et grilles avec nos propres outillages, garantissant une qualit\u00e9 maximale, une efficacit\u00e9 optimale et un contr\u00f4le total \u00e0 chaque \u00e9tape du processus. Cet engagement envers l&#8217;excellence renforce notre position de leader et nous permet de r\u00e9pondre aux exigences les plus \u00e9lev\u00e9es de nos clients.<\/p>\n\n\n\n<p class=\"has-text-align-center is-style-com_titular_4\" style=\"font-size:24px\"><\/p>\n<\/div><\/div><div class=\"background\"><\/div><\/div>\n\n\n\n<div class=\"wp-block-phira-franja mod-franja sense_background marge-superior- marge-inferior- padding_fondo _alineacio_\" data-aos=\"off\" data-aos-delay=\"aos_delay\"><div class=\"maq-contenidor estreta\"><div class=\"maq-inner\">\n<p><\/p>\n\n\n\n<div class=\"wp-block-columns is-layout-flex wp-container-core-columns-is-layout-9d6595d7 wp-block-columns-is-layout-flex\">\n<div class=\"wp-block-column is-layout-flow wp-block-column-is-layout-flow\" style=\"flex-basis:66.66%\">\n<p class=\"is-style-com_titular_3\" style=\"margin-right:var(--wp--preset--spacing--20);margin-left:var(--wp--preset--spacing--20)\">Contr\u00f4le et supervision<\/p>\n\n\n\n<p class=\"is-style-com_titular_3\" style=\"padding-right:var(--wp--preset--spacing--20);padding-left:var(--wp--preset--spacing--20);font-size:20px;line-height:1.6\">Le d\u00e9partement R&amp;D dirige, g\u00e8re et supervise l\u2019ensemble du processus de conception et de fabrication des moules d\u2019injection, garantissant un contr\u00f4le rigoureux dans les moindres d\u00e9tails. Il assure \u00e9galement un suivi pr\u00e9cis durant les phases les plus d\u00e9terminantes :<\/p>\n\n\n\n<ul style=\"font-size:20px;line-height:1.6\" class=\"wp-block-list\">\n<li>Ing\u00e9nierie inverse<\/li>\n<\/ul>\n\n\n\n<ul style=\"font-size:20px;line-height:1.6\" class=\"wp-block-list\">\n<li>\u00c9tudes Mold Flow (simulation d\u2019injection)<\/li>\n<\/ul>\n\n\n\n<ul style=\"font-size:20px;line-height:1.6\" class=\"wp-block-list\">\n<li>\u00c9tudes de simplification<\/li>\n<\/ul>\n\n\n\n<ul style=\"font-size:20px;line-height:1.6\" class=\"wp-block-list\">\n<li>Tests d\u2019injection<\/li>\n\n\n\n<li>Tests de montage sur v\u00e9hicule<\/li>\n<\/ul>\n<\/div>\n\n\n\n<div class=\"wp-block-column is-layout-flow wp-block-column-is-layout-flow\" style=\"flex-basis:33.33%\">\n<div class=\"wp-block-phira-slider mod-slider n-slides-1 maq-normal\" data-n-slides=\"1\" data-autoplay=\"3000\">\n<div class=\"wp-block-phira-slide slide\">\n<figure class=\"wp-block-image size-full\"><img loading=\"lazy\" decoding=\"async\" width=\"650\" height=\"488\" src=\"https:\/\/www.phira.es\/wp-content\/uploads\/01-img-ID-phira.jpg\" alt=\"\" class=\"wp-image-438\" srcset=\"https:\/\/www.phira.es\/wp-content\/uploads\/01-img-ID-phira.jpg 650w, https:\/\/www.phira.es\/wp-content\/uploads\/01-img-ID-phira-300x225.jpg 300w, https:\/\/www.phira.es\/wp-content\/uploads\/01-img-ID-phira-340x255.jpg 340w, https:\/\/www.phira.es\/wp-content\/uploads\/01-img-ID-phira-140x105.jpg 140w\" sizes=\"auto, (max-width: 650px) 100vw, 650px\" \/><\/figure>\n<\/div>\n\n\n\n<div class=\"wp-block-phira-slide slide\">\n<figure class=\"wp-block-image size-full\"><img loading=\"lazy\" decoding=\"async\" width=\"650\" height=\"488\" src=\"https:\/\/www.phira.es\/wp-content\/uploads\/03-img-ID-phira.jpg\" alt=\"\" class=\"wp-image-440\" srcset=\"https:\/\/www.phira.es\/wp-content\/uploads\/03-img-ID-phira.jpg 650w, https:\/\/www.phira.es\/wp-content\/uploads\/03-img-ID-phira-300x225.jpg 300w, https:\/\/www.phira.es\/wp-content\/uploads\/03-img-ID-phira-340x255.jpg 340w, https:\/\/www.phira.es\/wp-content\/uploads\/03-img-ID-phira-140x105.jpg 140w\" sizes=\"auto, (max-width: 650px) 100vw, 650px\" \/><\/figure>\n<\/div>\n\n\n\n<div class=\"wp-block-phira-slide slide\">\n<figure class=\"wp-block-image size-full\"><img loading=\"lazy\" decoding=\"async\" width=\"650\" height=\"488\" src=\"https:\/\/www.phira.es\/wp-content\/uploads\/02-img-ID-phira.jpg\" alt=\"\" class=\"wp-image-439\" srcset=\"https:\/\/www.phira.es\/wp-content\/uploads\/02-img-ID-phira.jpg 650w, https:\/\/www.phira.es\/wp-content\/uploads\/02-img-ID-phira-300x225.jpg 300w, https:\/\/www.phira.es\/wp-content\/uploads\/02-img-ID-phira-340x255.jpg 340w, https:\/\/www.phira.es\/wp-content\/uploads\/02-img-ID-phira-140x105.jpg 140w\" sizes=\"auto, (max-width: 650px) 100vw, 650px\" \/><\/figure>\n<\/div>\n\n\n\n<div class=\"wp-block-phira-slide slide\">\n<figure class=\"wp-block-image size-full\"><img loading=\"lazy\" decoding=\"async\" width=\"650\" height=\"488\" src=\"https:\/\/www.phira.es\/wp-content\/uploads\/04-img-ID-phira.jpg\" alt=\"\" class=\"wp-image-441\" srcset=\"https:\/\/www.phira.es\/wp-content\/uploads\/04-img-ID-phira.jpg 650w, https:\/\/www.phira.es\/wp-content\/uploads\/04-img-ID-phira-300x225.jpg 300w, https:\/\/www.phira.es\/wp-content\/uploads\/04-img-ID-phira-340x255.jpg 340w, https:\/\/www.phira.es\/wp-content\/uploads\/04-img-ID-phira-140x105.jpg 140w\" sizes=\"auto, (max-width: 650px) 100vw, 650px\" \/><\/figure>\n<\/div>\n<\/div>\n<\/div>\n<\/div>\n<\/div><\/div><div class=\"background\"><\/div><div class=\"capa-blur\" style=\"backdrop-filter: blur(0px)\"><\/div><div style=\"background: #e6e6e6; opacity: calc(100\/100);\" class=\"capa-color\"><\/div><\/div>\n\n\n\n<div class=\"wp-block-phira-franja mod-franja sense_background marge-superior-petit marge-inferior-petit padding_fondo _alineacio_\" data-aos=\"fade-up\" data-aos-delay=\"aos_delay\"><div class=\"maq-contenidor moltestreta\"><div class=\"maq-inner\">\n<p class=\"has-text-align-center is-style-com_titular_3 has-gris-texto-color has-text-color has-link-color wp-elements-a9f68ba802f829b5127f24e115d49b87\">Fid\u00e9lit\u00e9 \u00e0 la pi\u00e8ce d\u2019origine OE<\/p>\n\n\n\n<div style=\"height:21px\" aria-hidden=\"true\" class=\"wp-block-spacer\"><\/div>\n\n\n\n<figure class=\"wp-block-embed is-type-video is-provider-youtube wp-block-embed-youtube wp-embed-aspect-16-9 wp-has-aspect-ratio\"><div class=\"wp-block-embed__wrapper\">\n<iframe loading=\"lazy\" title=\"PHIRA: Fidelidad pieza OE\" width=\"500\" height=\"281\" src=\"https:\/\/www.youtube.com\/embed\/0bp_C0fPrnU?feature=oembed\" frameborder=\"0\" allow=\"accelerometer; autoplay; clipboard-write; encrypted-media; gyroscope; picture-in-picture; web-share\" referrerpolicy=\"strict-origin-when-cross-origin\" allowfullscreen><\/iframe>\n<\/div><\/figure>\n<\/div><\/div><div class=\"background\"><\/div><\/div>\n\n\n\n<div class=\"wp-block-phira-franja mod-franja sense_background marge-superior- marge-inferior- padding_fondo _alineacio_\" data-aos=\"off\" data-aos-delay=\"aos_delay\"><div class=\"maq-contenidor estreta\"><div class=\"maq-inner\">\n<div class=\"wp-block-group is-nowrap is-layout-flex wp-container-core-group-is-layout-ad2f72ca wp-block-group-is-layout-flex\">\n<div class=\"wp-block-column is-layout-flow wp-block-column-is-layout-flow\" style=\"flex-basis:66.66%\">\n<p class=\"is-style-com_titular_3\">Un partenaire strat\u00e9gique<\/p>\n<\/div>\n<\/div>\n\n\n\n<div class=\"wp-block-columns is-layout-flex wp-container-core-columns-is-layout-9d6595d7 wp-block-columns-is-layout-flex\">\n<div class=\"wp-block-column is-layout-flow wp-block-column-is-layout-flow\" style=\"flex-basis:66.66%\">\n<p class=\"is-style-com_titular_3\" style=\"font-size:20px;line-height:1.6\">Nous collaborons \u00e9troitement avec le Centre Technologique Eurecat dans le cadre de projets innovants visant \u00e0 optimiser la conception et la fabrication de pare-chocs et de grilles. Cette collaboration stimule les avanc\u00e9es technologiques et qualitatives de nos processus.<\/p>\n\n\n\n<div style=\"height:27px\" aria-hidden=\"true\" class=\"wp-block-spacer\"><\/div>\n\n\n\n<figure class=\"wp-block-image size-full\"><a href=\"https:\/\/eurecat.org\/home\/\"><img loading=\"lazy\" decoding=\"async\" width=\"200\" height=\"63\" src=\"https:\/\/www.phira.es\/wp-content\/uploads\/logo-eurecat-200px.png\" alt=\"\" class=\"wp-image-462\" srcset=\"https:\/\/www.phira.es\/wp-content\/uploads\/logo-eurecat-200px.png 200w, https:\/\/www.phira.es\/wp-content\/uploads\/logo-eurecat-200px-140x44.png 140w\" sizes=\"auto, (max-width: 200px) 100vw, 200px\" \/><\/a><\/figure>\n<\/div>\n\n\n\n<div class=\"wp-block-column is-layout-flow wp-block-column-is-layout-flow\" style=\"flex-basis:33.33%\">\n<figure class=\"wp-block-image size-full\"><img loading=\"lazy\" decoding=\"async\" width=\"650\" height=\"650\" src=\"https:\/\/www.phira.es\/wp-content\/uploads\/eurecat-eidficio-650px.jpg\" alt=\"\" class=\"wp-image-451\" srcset=\"https:\/\/www.phira.es\/wp-content\/uploads\/eurecat-eidficio-650px.jpg 650w, https:\/\/www.phira.es\/wp-content\/uploads\/eurecat-eidficio-650px-300x300.jpg 300w, https:\/\/www.phira.es\/wp-content\/uploads\/eurecat-eidficio-650px-150x150.jpg 150w, https:\/\/www.phira.es\/wp-content\/uploads\/eurecat-eidficio-650px-600x600.jpg 600w, https:\/\/www.phira.es\/wp-content\/uploads\/eurecat-eidficio-650px-340x340.jpg 340w, https:\/\/www.phira.es\/wp-content\/uploads\/eurecat-eidficio-650px-140x140.jpg 140w\" sizes=\"auto, (max-width: 650px) 100vw, 650px\" \/><\/figure>\n<\/div>\n<\/div>\n<\/div><\/div><div class=\"background\"><\/div><div class=\"capa-blur\" style=\"backdrop-filter: blur(0px)\"><\/div><div style=\"background: #000; opacity: calc(5\/100);\" class=\"capa-color\"><\/div><\/div>\n\n\n\n<div class=\"wp-block-columns is-layout-flex wp-container-core-columns-is-layout-9d6595d7 wp-block-columns-is-layout-flex\">\n<div class=\"wp-block-column is-layout-flow wp-block-column-is-layout-flow\" style=\"flex-basis:33.33%\"><\/div>\n<\/div>\n\n\n\n<div class=\"wp-block-phira-cabecera mod-cabecera fina\"><div class=\"slider\">\n<div class=\"wp-block-phira-cabecera-interior slide\"><div class=\"maq-contenidor\" style=\"backdrop-filter: blur(0px)\"><div class=\"text\">\n<p class=\"has-text-align-center is-style-com_titular_3 has-gris-texto-color has-text-color has-link-color wp-elements-8c269d0bb4c5e4100d21643285a2d653\">Vous souhaitez en savoir plus sur nous?<\/p>\n\n\n\n<div class=\"wp-block-buttons is-content-justification-center is-layout-flex wp-container-core-buttons-is-layout-16018d1d wp-block-buttons-is-layout-flex\">\n<div class=\"wp-block-button\"><a class=\"wp-block-button__link wp-element-button\" href=\"https:\/\/www.phira.es\/fr\/contacto\/\">CONTACTEZ-NOUS<\/a><\/div>\n<\/div>\n<\/div><\/div><div class=\"image\" style=\"background-image:url(https:\/\/www.phira.es\/wp-content\/uploads\/img-CTA-contacto-1920x700px-1.jpg)\"><\/div><\/div>\n<\/div><\/div>\n\n\n\n<p><\/p>\n","protected":false},"excerpt":{"rendered":"","protected":false},"author":1,"featured_media":0,"parent":0,"menu_order":0,"comment_status":"closed","ping_status":"closed","template":"","meta":{"_acf_changed":false,"footnotes":""},"class_list":["post-1061","page","type-page","status-publish","hentry"],"acf":[],"_links":{"self":[{"href":"https:\/\/www.phira.es\/fr\/wp-json\/wp\/v2\/pages\/1061","targetHints":{"allow":["GET"]}}],"collection":[{"href":"https:\/\/www.phira.es\/fr\/wp-json\/wp\/v2\/pages"}],"about":[{"href":"https:\/\/www.phira.es\/fr\/wp-json\/wp\/v2\/types\/page"}],"author":[{"embeddable":true,"href":"https:\/\/www.phira.es\/fr\/wp-json\/wp\/v2\/users\/1"}],"replies":[{"embeddable":true,"href":"https:\/\/www.phira.es\/fr\/wp-json\/wp\/v2\/comments?post=1061"}],"version-history":[{"count":1,"href":"https:\/\/www.phira.es\/fr\/wp-json\/wp\/v2\/pages\/1061\/revisions"}],"predecessor-version":[{"id":1256,"href":"https:\/\/www.phira.es\/fr\/wp-json\/wp\/v2\/pages\/1061\/revisions\/1256"}],"wp:attachment":[{"href":"https:\/\/www.phira.es\/fr\/wp-json\/wp\/v2\/media?parent=1061"}],"curies":[{"name":"wp","href":"https:\/\/api.w.org\/{rel}","templated":true}]}}