{"id":1103,"date":"2024-09-25T22:02:54","date_gmt":"2024-09-25T20:02:54","guid":{"rendered":"https:\/\/www.phira.es\/home\/"},"modified":"2025-07-02T11:51:35","modified_gmt":"2025-07-02T09:51:35","slug":"accueil","status":"publish","type":"page","link":"https:\/\/www.phira.es\/fr\/","title":{"rendered":"Accueil"},"content":{"rendered":"\n<div class=\"wp-block-phira-cabecera mod-cabecera\"><div class=\"slider\">\n<div class=\"wp-block-phira-cabecera-interior-vimeo slide\"><div class=\"maq-contenidor\" style=\"backdrop-filter: blur(0px)\"><div class=\"text\">\n<h2 class=\"wp-block-heading is-style-com_titular_2 has-blanc-color has-text-color has-link-color wp-elements-9a64c9faf73ab5840055559f2f83b97b\"><strong>Making the difference<\/strong><\/h2>\n\n\n\n<p class=\"is-style-com_titular_3 has-blanc-color has-text-color has-link-color wp-elements-78d1272abfc77d40135283dade9c1606\" style=\"font-size:26px\">Nous fabriquons des pare-chocs et des pi\u00e8ces plastiques pour automobiles.<\/p>\n\n\n\n<div class=\"wp-block-buttons is-content-justification-center is-layout-flex wp-container-core-buttons-is-layout-16018d1d wp-block-buttons-is-layout-flex\">\n<div class=\"wp-block-button is-style-blanco-rojo\"><a class=\"wp-block-button__link wp-element-button\" href=\"https:\/\/www.phira.es\/fr\/catalogue\/\">CATALOGUE<\/a><\/div>\n<\/div>\n<\/div><\/div><div class=\"video-wrapper\"><div class=\"video-resizer\"><iframe loading=\"lazy\" width=\"500\" height=\"281\" src=\"https:\/\/player.vimeo.com\/video\/1098130693?autoplay=1&#038;muted=1&#038;background=1&#038;loop=1&#038;quality=1080p\" frameborder=\"0\" allow=\"autoplay; fullscreen; picture-in-picture; clipboard-write\"><\/iframe><\/div><\/div><div style=\"background: #000; opacity: calc(50\/100);\" class=\"capa-color\"><\/div><\/div>\n<\/div><\/div>\n\n\n\n<div class=\"wp-block-phira-franja mod-franja sense_background marge-superior- marge-inferior-petit padding_fondo _alineacio_\" data-aos=\"fade-up\" data-aos-delay=\"aos_delay\"><div class=\"maq-contenidor estreta\"><div class=\"maq-inner\">\n<p class=\"has-text-align-center is-style-com_titular_3 has-gris-texto-color has-text-color has-link-color wp-elements-5c7eb1cc2748cf8c7fa6ddb6a1da4510\"><strong>Le seul fabricant ind\u00e9pendant de pare-chocs en Espagne<\/strong><\/p>\n\n\n\n<div style=\"height:27px\" aria-hidden=\"true\" class=\"wp-block-spacer\"><\/div>\n\n\n\n<p class=\"has-text-align-center is-style-com_titular_4 has-gris-texto-color has-text-color has-link-color wp-elements-fffe7a78145ac36d0c2e7d5d8a24cdcc\">Phira est une entreprise familiale, leader dans la fabrication de pare-chocs et de pi\u00e8ces plastiques de carrosserie. Fond\u00e9e en 1963 et dirig\u00e9e par la deuxi\u00e8me g\u00e9n\u00e9ration, elle est le seul fabricant espagnol ind\u00e9pendant dans son secteur.<\/p>\n\n\n\n<div class=\"wp-block-buttons is-content-justification-center is-layout-flex wp-container-core-buttons-is-layout-16018d1d wp-block-buttons-is-layout-flex\">\n<div class=\"wp-block-button\"><a class=\"wp-block-button__link wp-element-button\" href=\"https:\/\/www.phira.es\/fr\/a-propos\/\">EN SAVOIR PLUS<\/a><\/div>\n<\/div>\n<\/div><\/div><div class=\"background\"><\/div><div class=\"capa-blur\" style=\"backdrop-filter: blur(0px)\"><\/div><div style=\"background: #e6e6e6; opacity: calc(100\/100);\" class=\"capa-color\"><\/div><\/div>\n\n\n\n<div class=\"wp-block-phira-franja mod-franja sense_background marge-superior- marge-inferior-  _alineacio_\" data-aos=\"fade-up\" data-aos-delay=\"aos_delay\"><div class=\"maq-contenidor normal\"><div class=\"maq-inner\">\n<h2 class=\"wp-block-heading has-text-align-center has-gris-texto-color has-text-color has-link-color wp-elements-21904a808ff21f481806cf2774ccaa90\">Derni\u00e8res nouveaut\u00e9s<\/h2>\n\n\n\n<div class=\"wp-block-phira-ultimasnovedades mod-ultimas-novedades\"><div class=\"callback-wrapper\"><div class=\"mod-franja marge-superior-petit marge-inferior-petit\"><div class=\"maq-contenidor normal\"><div class=\"wrapper_slider_cataleg\"><div class=\"slider_cataleg\"><div class=\"test_item_cataleg  azul\">\r\n\t<div class=\"contenedor\">\r\n\t\t<div class=\"primera azul 2\">\r\n\t\t<div class=\"codi\">55201316<\/div><div class=\"logo\"><img loading=\"lazy\" decoding=\"async\" src=\"https:\/\/www.phira.es\/wp-content\/themes\/phira\/img-api\/MIC.jpg\" width=\"35\" height=\"22\" alt=\"MIC\" class=\"logo-mic\"><\/div>\t\t<\/div>\r\n\t\t<div class=\"cajaimagen js_iguala_alturas\">\r\n\t\t\t<img decoding=\"async\" id=\"Peugeot308_II_201355201316\" class=\"imagen\" src=\"https:\/\/www.phira.es\/recursos\/articulos\/308-13131_medio.jpg\" alt=\"\" align=\"center\">\t\t\t<div class=\"wp-block-button is-style-rojo-negro-opaco\">\r\n\t\t\t\t<a href=\"https:\/\/www.phira.es\/fr\/ficha?ref=\/308_II_2013\/55201316\" class=\"wp-block-button__link wp-element-button\">VOIR LE PRODUIT<\/a>\r\n\t\t\t<\/div>\r\n\t\t<\/div>\r\n\t\t\t\t<div class=\"descripcionOEM\">\r\n\t\t\t<p>Semblable \u00e0 l&#8217;O. E. 1610744380<\/p>\r\n\t\t<\/div> \r\n\t\t\r\n\t\t<div class=\"cajadescripcion\">\r\n\t\t\t<p>Calandre inf\u00e9rieure droite avec moulure chrom\u00e9e pare-choc avant<\/p>\n<p class=\"infomodel\">Peugeot 308 II 2013<\/p>\t\t<\/div>\r\n\t\t\t<\/div>\r\n<\/div><div class=\"test_item_cataleg \">\r\n\t<div class=\"contenedor\">\r\n\t\t<div class=\"primera  -\">\r\n\t\t<div class=\"codi\">MY-<span>21<\/span>200<\/div>\t\t<\/div>\r\n\t\t<div class=\"cajaimagen js_iguala_alturas\">\r\n\t\t\t<img decoding=\"async\" id=\"TeslaMODEL_Y_2021MY21200\" class=\"imagen\" src=\"https:\/\/www.phira.es\/recursos\/articulos\/MY-21200_medio.jpg\" alt=\"\" align=\"center\">\t\t\t<div class=\"wp-block-button is-style-rojo-negro-opaco\">\r\n\t\t\t\t<a href=\"https:\/\/www.phira.es\/fr\/ficha?ref=\/MODEL_Y_2021\/MY-21200\" class=\"wp-block-button__link wp-element-button\">VOIR LE PRODUIT<\/a>\r\n\t\t\t<\/div>\r\n\t\t<\/div>\r\n\t\t\t\t<div class=\"descripcionOEM\">\r\n\t\t\t<p>Semblable \u00e0 l&#8217;O. E. 1493736SCC<\/p>\r\n\t\t<\/div> \r\n\t\t\r\n\t\t<div class=\"cajadescripcion\">\r\n\t\t\t<p>Pare-choc avant avec appr\u00eat<\/p>\n<p class=\"infomodel\">Tesla MODEL Y 2021<\/p>\t\t<\/div>\r\n\t\t\t<\/div>\r\n<\/div><div class=\"test_item_cataleg \">\r\n\t<div class=\"contenedor\">\r\n\t\t<div class=\"primera  -\">\r\n\t\t<div class=\"codi\">MY-<span>21<\/span>231<\/div>\t\t<\/div>\r\n\t\t<div class=\"cajaimagen js_iguala_alturas\">\r\n\t\t\t<img decoding=\"async\" id=\"TeslaMODEL_Y_2021MY21231\" class=\"imagen\" src=\"https:\/\/www.phira.es\/recursos\/articulos\/MY-21231_medio.jpg\" alt=\"\" align=\"center\">\t\t\t<div class=\"wp-block-button is-style-rojo-negro-opaco\">\r\n\t\t\t\t<a href=\"https:\/\/www.phira.es\/fr\/ficha?ref=\/MODEL_Y_2021\/MY-21231\" class=\"wp-block-button__link wp-element-button\">VOIR LE PRODUIT<\/a>\r\n\t\t\t<\/div>\r\n\t\t<\/div>\r\n\t\t\t\t<div class=\"descripcionOEM\">\r\n\t\t\t<p>Semblable \u00e0 l&#8217;O. E. 1493736SCA<\/p>\r\n\t\t<\/div> \r\n\t\t\r\n\t\t<div class=\"cajadescripcion\">\r\n\t\t\t<p>Pare-choc avant avec appr\u00eat et 6 si\u00e8ges pour capteurs<\/p>\n<p class=\"infomodel\">Tesla MODEL Y 2021<\/p>\t\t<\/div>\r\n\t\t\t<\/div>\r\n<\/div><div class=\"test_item_cataleg \">\r\n\t<div class=\"contenedor\">\r\n\t\t<div class=\"primera  -\">\r\n\t\t<div class=\"codi\">MY-<span>21<\/span>300<\/div>\t\t<\/div>\r\n\t\t<div class=\"cajaimagen js_iguala_alturas\">\r\n\t\t\t<img decoding=\"async\" id=\"TeslaMODEL_Y_2021MY21300\" class=\"imagen\" src=\"https:\/\/www.phira.es\/recursos\/articulos\/MY-21300_medio.jpg\" alt=\"\" align=\"center\">\t\t\t<div class=\"wp-block-button is-style-rojo-negro-opaco\">\r\n\t\t\t\t<a href=\"https:\/\/www.phira.es\/fr\/ficha?ref=\/MODEL_Y_2021\/MY-21300\" class=\"wp-block-button__link wp-element-button\">VOIR LE PRODUIT<\/a>\r\n\t\t\t<\/div>\r\n\t\t<\/div>\r\n\t\t\t\t<div class=\"descripcionOEM\">\r\n\t\t\t<p>Semblable \u00e0 l&#8217;O. E. 1493735SCC<\/p>\r\n\t\t<\/div> \r\n\t\t\r\n\t\t<div class=\"cajadescripcion\">\r\n\t\t\t<p>Pare-choc arri\u00e8re avec appr\u00eat<\/p>\n<p class=\"infomodel\">Tesla MODEL Y 2021<\/p>\t\t<\/div>\r\n\t\t\t<\/div>\r\n<\/div><div class=\"test_item_cataleg \">\r\n\t<div class=\"contenedor\">\r\n\t\t<div class=\"primera  -\">\r\n\t\t<div class=\"codi\">MY-<span>21<\/span>310<\/div>\t\t<\/div>\r\n\t\t<div class=\"cajaimagen js_iguala_alturas\">\r\n\t\t\t<img decoding=\"async\" id=\"TeslaMODEL_Y_2021MY21310\" class=\"imagen\" src=\"https:\/\/www.phira.es\/recursos\/articulos\/MY-21310_medio.jpg\" alt=\"\" align=\"center\">\t\t\t<div class=\"wp-block-button is-style-rojo-negro-opaco\">\r\n\t\t\t\t<a href=\"https:\/\/www.phira.es\/fr\/ficha?ref=\/MODEL_Y_2021\/MY-21310\" class=\"wp-block-button__link wp-element-button\">VOIR LE PRODUIT<\/a>\r\n\t\t\t<\/div>\r\n\t\t<\/div>\r\n\t\t\t\t<div class=\"descripcionOEM\">\r\n\t\t\t<p>Semblable \u00e0 l&#8217;O. E. 149400600B<\/p>\r\n\t\t<\/div> \r\n\t\t\r\n\t\t<div class=\"cajadescripcion\">\r\n\t\t\t<p>Pare-choc arri\u00e8re inf\u00e9rieur noir<\/p>\n<p class=\"infomodel\">Tesla MODEL Y 2021<\/p>\t\t<\/div>\r\n\t\t\t<\/div>\r\n<\/div><div class=\"test_item_cataleg \">\r\n\t<div class=\"contenedor\">\r\n\t\t<div class=\"primera  -\">\r\n\t\t<div class=\"codi\">MY-<span>21<\/span>331<\/div>\t\t<\/div>\r\n\t\t<div class=\"cajaimagen js_iguala_alturas\">\r\n\t\t\t<img decoding=\"async\" id=\"TeslaMODEL_Y_2021MY21331\" class=\"imagen\" src=\"https:\/\/www.phira.es\/recursos\/articulos\/MY-21331_medio.jpg\" alt=\"\" align=\"center\">\t\t\t<div class=\"wp-block-button is-style-rojo-negro-opaco\">\r\n\t\t\t\t<a href=\"https:\/\/www.phira.es\/fr\/ficha?ref=\/MODEL_Y_2021\/MY-21331\" class=\"wp-block-button__link wp-element-button\">VOIR LE PRODUIT<\/a>\r\n\t\t\t<\/div>\r\n\t\t<\/div>\r\n\t\t\t\t<div class=\"descripcionOEM\">\r\n\t\t\t<p>Semblable \u00e0 l&#8217;O. E. 1493735SCA<\/p>\r\n\t\t<\/div> \r\n\t\t\r\n\t\t<div class=\"cajadescripcion\">\r\n\t\t\t<p>Pare-choc arri\u00e8re avec appr\u00eat et 6 si\u00e8ges pour capteurs<\/p>\n<p class=\"infomodel\">Tesla MODEL Y 2021<\/p>\t\t<\/div>\r\n\t\t\t<\/div>\r\n<\/div><\/div><\/div><\/div><\/div><\/div><\/div>\n\n\n\n<div class=\"wp-block-buttons is-content-justification-center is-layout-flex wp-container-core-buttons-is-layout-16018d1d wp-block-buttons-is-layout-flex\">\n<div class=\"wp-block-button is-style-negro-naranja\"><a class=\"wp-block-button__link wp-element-button\" href=\"https:\/\/www.phira.es\/fr\/catalogue\/\">VOIR LE CATALOGUE<\/a><\/div>\n<\/div>\n<\/div><\/div><div class=\"background\"><\/div><\/div>\n\n\n\n<div class=\"wp-block-phira-franja mod-franja amb_background marge-superior-petit marge-inferior- padding_fondo _alineacio_\" data-aos=\"fade-left\" data-aos-delay=\"aos_delay\"><div class=\"maq-contenidor estreta\"><div class=\"maq-inner\">\n<p class=\"is-style-com_titular_3 has-blanc-color has-text-color has-link-color wp-elements-b8aedcdaf9c36882fe124d0fbdd6a4bf\"><strong>Qualit\u00e9 maximale dans toutes nos pi\u00e8ces<\/strong><\/p>\n\n\n\n<p class=\"is-style-com_titular_3 has-blanc-color has-text-color has-link-color wp-elements-3c20590feeed5a52c92963803ffea06d\" style=\"margin-top:0;margin-right:0;margin-bottom:0;margin-left:0\">Notre politique de qualit\u00e9 et notre \u00e9quipe exceptionnelle nous positionnent comme des leaders aux standards mondiaux.<\/p>\n\n\n\n<div class=\"wp-block-buttons is-layout-flex wp-block-buttons-is-layout-flex\">\n<div class=\"wp-block-button is-style-blanco-rojo\"><a class=\"wp-block-button__link wp-element-button\" href=\"https:\/\/www.phira.es\/fr\/qualite\/\">EN SAVOIR PLUS<\/a><\/div>\n<\/div>\n<\/div><\/div><div class=\"background\" style=\"background-image:url(https:\/\/www.phira.es\/wp-content\/uploads\/bg-2.jpg)\"><\/div><\/div>\n\n\n\n<div class=\"wp-block-phira-franja mod-franja sense_background marge-superior-petit marge-inferior-petit padding_fondo _alineacio_\" data-aos=\"fade-up\" data-aos-delay=\"aos_delay\"><div class=\"maq-contenidor moltestreta\"><div class=\"maq-inner\">\n<div class=\"wp-block-phira-slider mod-slider n-slides-1 maq-normal slider\" data-n-slides=\"1\" data-autoplay=\"no\">\n<div class=\"wp-block-phira-slide slide\">\n<p class=\"has-text-align-center is-style-com_titular_3 has-gris-texto-color has-text-color has-link-color wp-elements-9bc49030474f622a90f44803f7517362\">Ailes<\/p>\n\n\n\n<div style=\"height:21px\" aria-hidden=\"true\" class=\"wp-block-spacer\"><\/div>\n\n\n\n<figure class=\"wp-block-embed is-type-video is-provider-youtube wp-block-embed-youtube wp-embed-aspect-16-9 wp-has-aspect-ratio\"><div class=\"wp-block-embed__wrapper\">\n<iframe loading=\"lazy\" title=\"Phira: Guardabarros\" width=\"500\" height=\"281\" src=\"https:\/\/www.youtube.com\/embed\/as141VmYsZ8?start=8&#038;feature=oembed\" frameborder=\"0\" allow=\"accelerometer; autoplay; clipboard-write; encrypted-media; gyroscope; picture-in-picture; web-share\" referrerpolicy=\"strict-origin-when-cross-origin\" allowfullscreen><\/iframe>\n<\/div><\/figure>\n<\/div>\n\n\n\n<div class=\"wp-block-phira-slide slide\">\n<p class=\"has-text-align-center is-style-com_titular_3 has-gris-texto-color has-text-color has-link-color wp-elements-9f5412232c402e0f234e0361e5c5f0e6\">Appr\u00eat<\/p>\n\n\n\n<div style=\"height:21px\" aria-hidden=\"true\" class=\"wp-block-spacer\"><\/div>\n\n\n\n<figure class=\"wp-block-embed is-type-video is-provider-youtube wp-block-embed-youtube wp-embed-aspect-16-9 wp-has-aspect-ratio\"><div class=\"wp-block-embed__wrapper\">\n<iframe loading=\"lazy\" title=\"PHIRA: la mejor imprimaci\u00f3n para los mejores paragolpes\" width=\"500\" height=\"281\" src=\"https:\/\/www.youtube.com\/embed\/E7xOzAYnLkU?feature=oembed\" frameborder=\"0\" allow=\"accelerometer; autoplay; clipboard-write; encrypted-media; gyroscope; picture-in-picture; web-share\" referrerpolicy=\"strict-origin-when-cross-origin\" allowfullscreen><\/iframe>\n<\/div><\/figure>\n<\/div>\n\n\n\n<div class=\"wp-block-phira-slide slide\">\n<p class=\"has-text-align-center is-style-com_titular_3 has-gris-texto-color has-text-color has-link-color wp-elements-bbf6af3b63220f5a321b8119d7db42ad\">Finitions<\/p>\n\n\n\n<div style=\"height:21px\" aria-hidden=\"true\" class=\"wp-block-spacer\"><\/div>\n\n\n\n<figure class=\"wp-block-embed is-type-video is-provider-youtube wp-block-embed-youtube wp-embed-aspect-16-9 wp-has-aspect-ratio\"><div class=\"wp-block-embed__wrapper\">\n<iframe loading=\"lazy\" title=\"PHIRA: Acabados\" width=\"500\" height=\"281\" src=\"https:\/\/www.youtube.com\/embed\/DYgRJcJUiFA?feature=oembed\" frameborder=\"0\" allow=\"accelerometer; autoplay; clipboard-write; encrypted-media; gyroscope; picture-in-picture; web-share\" referrerpolicy=\"strict-origin-when-cross-origin\" allowfullscreen><\/iframe>\n<\/div><\/figure>\n<\/div>\n<\/div>\n<\/div><\/div><div class=\"background\"><\/div><\/div>\n\n\n\n<div class=\"wp-block-phira-cabecera mod-cabecera\"><div class=\"slider\">\n<div class=\"wp-block-phira-cabecera-interior slide\"><div class=\"maq-contenidor\" style=\"backdrop-filter: blur(0px)\"><div class=\"text\">\n<p class=\"is-style-com_titular_3 has-negro-color has-text-color has-link-color wp-elements-82e8d1a3b987a21f7f2a3cb97906a28c\">Achetez en ligne et gagnez du temps<\/p>\n\n\n\n<div class=\"wp-block-buttons is-content-justification-center is-layout-flex wp-container-core-buttons-is-layout-16018d1d wp-block-buttons-is-layout-flex\">\n<div class=\"wp-block-button is-style-negro-rojo\"><a class=\"wp-block-button__link has-text-align-center wp-element-button\" href=\"https:\/\/www.phira.es\/fr\/catalogue\/\">ACHETER<\/a><\/div>\n<\/div>\n<\/div><\/div><div class=\"image\" style=\"background-image:url(https:\/\/www.phira.es\/wp-content\/uploads\/img-CTA-compra-online-1920x700px-clara.jpg)\"><\/div><\/div>\n<\/div><\/div>\n\n\n\n<p><\/p>\n\n\n\n<div class=\"wp-block-group is-layout-constrained wp-block-group-is-layout-constrained\">\n<div class=\"wp-block-columns is-layout-flex wp-container-core-columns-is-layout-9d6595d7 wp-block-columns-is-layout-flex\">\n<div class=\"wp-block-column is-layout-flow wp-block-column-is-layout-flow\" style=\"flex-basis:100%\"><\/div>\n<\/div>\n<\/div>\n\n\n\n<p><\/p>\n","protected":false},"excerpt":{"rendered":"","protected":false},"author":1,"featured_media":0,"parent":0,"menu_order":0,"comment_status":"closed","ping_status":"closed","template":"","meta":{"_acf_changed":false,"footnotes":""},"class_list":["post-1103","page","type-page","status-publish","hentry"],"acf":[],"_links":{"self":[{"href":"https:\/\/www.phira.es\/fr\/wp-json\/wp\/v2\/pages\/1103","targetHints":{"allow":["GET"]}}],"collection":[{"href":"https:\/\/www.phira.es\/fr\/wp-json\/wp\/v2\/pages"}],"about":[{"href":"https:\/\/www.phira.es\/fr\/wp-json\/wp\/v2\/types\/page"}],"author":[{"embeddable":true,"href":"https:\/\/www.phira.es\/fr\/wp-json\/wp\/v2\/users\/1"}],"replies":[{"embeddable":true,"href":"https:\/\/www.phira.es\/fr\/wp-json\/wp\/v2\/comments?post=1103"}],"version-history":[{"count":4,"href":"https:\/\/www.phira.es\/fr\/wp-json\/wp\/v2\/pages\/1103\/revisions"}],"predecessor-version":[{"id":1429,"href":"https:\/\/www.phira.es\/fr\/wp-json\/wp\/v2\/pages\/1103\/revisions\/1429"}],"wp:attachment":[{"href":"https:\/\/www.phira.es\/fr\/wp-json\/wp\/v2\/media?parent=1103"}],"curies":[{"name":"wp","href":"https:\/\/api.w.org\/{rel}","templated":true}]}}